{"id":2591,"date":"2018-02-28T09:37:35","date_gmt":"2018-02-28T08:37:35","guid":{"rendered":"http:\/\/springbok-kart.com\/?page_id=2591"},"modified":"2019-11-26T19:53:33","modified_gmt":"2019-11-26T18:53:33","slug":"la-reglementation-sur-les-machines","status":"publish","type":"page","link":"http:\/\/springbok-kart.com\/?page_id=2591","title":{"rendered":"La r\u00e8glementation sur les machines"},"content":{"rendered":"<h1>La s\u00e9curit\u00e9, vos obligations<\/h1>\n<p>Si vous envisagez de faire des modifications techniques sur un banc de puissance existant, vous devez assurer la conformit\u00e9 de ce mat\u00e9riel aux textes applicables \u00e0 la date de la remise en service de cet \u00e9quipement.<\/p>\n<p>Autrement dit, si vous envisagez de modifier un banc ancien, vous devez v\u00e9rifier, assurer et prendre la responsabilit\u00e9 de la conformit\u00e9 de votre nouvel ensemble aux prescriptions de la directive 2006\/42CE comme si c&rsquo;\u00e9tait une machine neuve.<\/p>\n<p>Dans le cas d&rsquo;une autoconstruction la d\u00e9marche est identique et doit porter sur la totalit\u00e9 du projet notamment sur le dimensionnement de la structure qui doit prendre en compte l&rsquo;accumulation d&rsquo;\u00e9nergie cin\u00e9tique. Cette \u00e9nergie accumul\u00e9e ne doit pas engendrer de risques pour les personnes en cas de d\u00e9faillances d&rsquo;un \u00e9l\u00e9ment de maintien la masse inertielle en rotation. Les carters doivent \u00eatre capables de supporter les projections de pi\u00e8ces et \u00eatre dimensionn\u00e9s de mani\u00e8re \u00e0 interdire l&rsquo;acc\u00e8s \u00e0 toutes les pi\u00e8ces et parties mobiles dangereuses.<\/p>\n<p>&nbsp;<\/p>\n<p>Pour vous aider dans cette d\u00e9marche, vous pouvez t\u00e9l\u00e9charger le guide de l&rsquo;INRS traitant de la s\u00e9curit\u00e9 des \u00e9quipements de travail <a href=\"http:\/\/www.inrs.fr\/dms\/inrs\/CataloguePapier\/ED\/TI-ED-6122\/ed6122.pdf\">ICI<\/a><\/p>\n<p>&nbsp;<\/p>\n","protected":false},"excerpt":{"rendered":"<p>La s\u00e9curit\u00e9, vos obligations Si vous envisagez de faire des modifications techniques sur un banc de puissance existant, vous devez assurer la conformit\u00e9 de ce mat\u00e9riel aux textes applicables \u00e0 la date de la remise en service de cet \u00e9quipement. &hellip; <a href=\"http:\/\/springbok-kart.com\/?page_id=2591\">Continuer la lecture <span class=\"meta-nav\">&rarr;<\/span><\/a><\/p>\n","protected":false},"author":1,"featured_media":0,"parent":1282,"menu_order":10,"comment_status":"closed","ping_status":"closed","template":"","meta":{"sfsi_plus_gutenberg_text_before_share":"","sfsi_plus_gutenberg_show_text_before_share":"","sfsi_plus_gutenberg_icon_type":"","sfsi_plus_gutenberg_icon_alignemt":"","sfsi_plus_gutenburg_max_per_row":"","_monsterinsights_skip_tracking":false,"_monsterinsights_sitenote_active":false,"_monsterinsights_sitenote_note":"","_monsterinsights_sitenote_category":0,"footnotes":""},"class_list":["post-2591","page","type-page","status-publish","hentry"],"yoast_head":"<!-- This site is optimized with the Yoast SEO plugin v27.5 - https:\/\/yoast.com\/product\/yoast-seo-wordpress\/ -->\n<title>La r\u00e8glementation sur les machines - Springbok kart<\/title>\n<meta name=\"robots\" content=\"index, follow, max-snippet:-1, max-image-preview:large, max-video-preview:-1\" \/>\n<link rel=\"canonical\" href=\"http:\/\/springbok-kart.com\/?page_id=2591\" \/>\n<meta property=\"og:locale\" content=\"fr_FR\" \/>\n<meta property=\"og:type\" content=\"article\" \/>\n<meta property=\"og:title\" content=\"La r\u00e8glementation sur les machines - Springbok kart\" \/>\n<meta property=\"og:description\" content=\"La s\u00e9curit\u00e9, vos obligations Si vous envisagez de faire des modifications techniques sur un banc de puissance existant, vous devez assurer la conformit\u00e9 de ce mat\u00e9riel aux textes applicables \u00e0 la date de la remise en service de cet \u00e9quipement. &hellip; Continuer la lecture &rarr;\" \/>\n<meta property=\"og:url\" content=\"http:\/\/springbok-kart.com\/?page_id=2591\" \/>\n<meta property=\"og:site_name\" content=\"Springbok kart\" \/>\n<meta property=\"article:modified_time\" content=\"2019-11-26T18:53:33+00:00\" \/>\n<meta name=\"twitter:card\" content=\"summary_large_image\" \/>\n<meta name=\"twitter:label1\" content=\"Dur\u00e9e de lecture estim\u00e9e\" \/>\n\t<meta name=\"twitter:data1\" content=\"1 minute\" \/>\n<script type=\"application\/ld+json\" class=\"yoast-schema-graph\">{\"@context\":\"https:\\\/\\\/schema.org\",\"@graph\":[{\"@type\":\"WebPage\",\"@id\":\"http:\\\/\\\/springbok-kart.com\\\/?page_id=2591\",\"url\":\"http:\\\/\\\/springbok-kart.com\\\/?page_id=2591\",\"name\":\"La r\u00e8glementation sur les machines - Springbok kart\",\"isPartOf\":{\"@id\":\"http:\\\/\\\/springbok-kart.com\\\/#website\"},\"datePublished\":\"2018-02-28T08:37:35+00:00\",\"dateModified\":\"2019-11-26T18:53:33+00:00\",\"breadcrumb\":{\"@id\":\"http:\\\/\\\/springbok-kart.com\\\/?page_id=2591#breadcrumb\"},\"inLanguage\":\"fr-FR\",\"potentialAction\":[{\"@type\":\"ReadAction\",\"target\":[\"http:\\\/\\\/springbok-kart.com\\\/?page_id=2591\"]}]},{\"@type\":\"BreadcrumbList\",\"@id\":\"http:\\\/\\\/springbok-kart.com\\\/?page_id=2591#breadcrumb\",\"itemListElement\":[{\"@type\":\"ListItem\",\"position\":1,\"name\":\"Accueil\",\"item\":\"http:\\\/\\\/springbok-kart.com\\\/\"},{\"@type\":\"ListItem\",\"position\":2,\"name\":\"Technique\",\"item\":\"https:\\\/\\\/springbok-kart.com\\\/?page_id=1282\"},{\"@type\":\"ListItem\",\"position\":3,\"name\":\"La r\u00e8glementation sur les machines\"}]},{\"@type\":\"WebSite\",\"@id\":\"http:\\\/\\\/springbok-kart.com\\\/#website\",\"url\":\"http:\\\/\\\/springbok-kart.com\\\/\",\"name\":\"Springbok kart\",\"description\":\"\",\"publisher\":{\"@id\":\"http:\\\/\\\/springbok-kart.com\\\/#organization\"},\"potentialAction\":[{\"@type\":\"SearchAction\",\"target\":{\"@type\":\"EntryPoint\",\"urlTemplate\":\"http:\\\/\\\/springbok-kart.com\\\/?s={search_term_string}\"},\"query-input\":{\"@type\":\"PropertyValueSpecification\",\"valueRequired\":true,\"valueName\":\"search_term_string\"}}],\"inLanguage\":\"fr-FR\"},{\"@type\":\"Organization\",\"@id\":\"http:\\\/\\\/springbok-kart.com\\\/#organization\",\"name\":\"Springbok kart\",\"url\":\"http:\\\/\\\/springbok-kart.com\\\/\",\"logo\":{\"@type\":\"ImageObject\",\"inLanguage\":\"fr-FR\",\"@id\":\"http:\\\/\\\/springbok-kart.com\\\/#\\\/schema\\\/logo\\\/image\\\/\",\"url\":\"https:\\\/\\\/springbok-kart.com\\\/wp-content\\\/uploads\\\/2016\\\/01\\\/Montage-bleu_747x954.png\",\"contentUrl\":\"https:\\\/\\\/springbok-kart.com\\\/wp-content\\\/uploads\\\/2016\\\/01\\\/Montage-bleu_747x954.png\",\"width\":747,\"height\":954,\"caption\":\"Springbok kart\"},\"image\":{\"@id\":\"http:\\\/\\\/springbok-kart.com\\\/#\\\/schema\\\/logo\\\/image\\\/\"}}]}<\/script>\n<!-- \/ Yoast SEO plugin. -->","yoast_head_json":{"title":"La r\u00e8glementation sur les machines - Springbok kart","robots":{"index":"index","follow":"follow","max-snippet":"max-snippet:-1","max-image-preview":"max-image-preview:large","max-video-preview":"max-video-preview:-1"},"canonical":"http:\/\/springbok-kart.com\/?page_id=2591","og_locale":"fr_FR","og_type":"article","og_title":"La r\u00e8glementation sur les machines - Springbok kart","og_description":"La s\u00e9curit\u00e9, vos obligations Si vous envisagez de faire des modifications techniques sur un banc de puissance existant, vous devez assurer la conformit\u00e9 de ce mat\u00e9riel aux textes applicables \u00e0 la date de la remise en service de cet \u00e9quipement. &hellip; Continuer la lecture &rarr;","og_url":"http:\/\/springbok-kart.com\/?page_id=2591","og_site_name":"Springbok kart","article_modified_time":"2019-11-26T18:53:33+00:00","twitter_card":"summary_large_image","twitter_misc":{"Dur\u00e9e de lecture estim\u00e9e":"1 minute"},"schema":{"@context":"https:\/\/schema.org","@graph":[{"@type":"WebPage","@id":"http:\/\/springbok-kart.com\/?page_id=2591","url":"http:\/\/springbok-kart.com\/?page_id=2591","name":"La r\u00e8glementation sur les machines - Springbok kart","isPartOf":{"@id":"http:\/\/springbok-kart.com\/#website"},"datePublished":"2018-02-28T08:37:35+00:00","dateModified":"2019-11-26T18:53:33+00:00","breadcrumb":{"@id":"http:\/\/springbok-kart.com\/?page_id=2591#breadcrumb"},"inLanguage":"fr-FR","potentialAction":[{"@type":"ReadAction","target":["http:\/\/springbok-kart.com\/?page_id=2591"]}]},{"@type":"BreadcrumbList","@id":"http:\/\/springbok-kart.com\/?page_id=2591#breadcrumb","itemListElement":[{"@type":"ListItem","position":1,"name":"Accueil","item":"http:\/\/springbok-kart.com\/"},{"@type":"ListItem","position":2,"name":"Technique","item":"https:\/\/springbok-kart.com\/?page_id=1282"},{"@type":"ListItem","position":3,"name":"La r\u00e8glementation sur les machines"}]},{"@type":"WebSite","@id":"http:\/\/springbok-kart.com\/#website","url":"http:\/\/springbok-kart.com\/","name":"Springbok kart","description":"","publisher":{"@id":"http:\/\/springbok-kart.com\/#organization"},"potentialAction":[{"@type":"SearchAction","target":{"@type":"EntryPoint","urlTemplate":"http:\/\/springbok-kart.com\/?s={search_term_string}"},"query-input":{"@type":"PropertyValueSpecification","valueRequired":true,"valueName":"search_term_string"}}],"inLanguage":"fr-FR"},{"@type":"Organization","@id":"http:\/\/springbok-kart.com\/#organization","name":"Springbok kart","url":"http:\/\/springbok-kart.com\/","logo":{"@type":"ImageObject","inLanguage":"fr-FR","@id":"http:\/\/springbok-kart.com\/#\/schema\/logo\/image\/","url":"https:\/\/springbok-kart.com\/wp-content\/uploads\/2016\/01\/Montage-bleu_747x954.png","contentUrl":"https:\/\/springbok-kart.com\/wp-content\/uploads\/2016\/01\/Montage-bleu_747x954.png","width":747,"height":954,"caption":"Springbok kart"},"image":{"@id":"http:\/\/springbok-kart.com\/#\/schema\/logo\/image\/"}}]}},"_links":{"self":[{"href":"http:\/\/springbok-kart.com\/index.php?rest_route=\/wp\/v2\/pages\/2591","targetHints":{"allow":["GET"]}}],"collection":[{"href":"http:\/\/springbok-kart.com\/index.php?rest_route=\/wp\/v2\/pages"}],"about":[{"href":"http:\/\/springbok-kart.com\/index.php?rest_route=\/wp\/v2\/types\/page"}],"author":[{"embeddable":true,"href":"http:\/\/springbok-kart.com\/index.php?rest_route=\/wp\/v2\/users\/1"}],"replies":[{"embeddable":true,"href":"http:\/\/springbok-kart.com\/index.php?rest_route=%2Fwp%2Fv2%2Fcomments&post=2591"}],"version-history":[{"count":1,"href":"http:\/\/springbok-kart.com\/index.php?rest_route=\/wp\/v2\/pages\/2591\/revisions"}],"predecessor-version":[{"id":2723,"href":"http:\/\/springbok-kart.com\/index.php?rest_route=\/wp\/v2\/pages\/2591\/revisions\/2723"}],"up":[{"embeddable":true,"href":"http:\/\/springbok-kart.com\/index.php?rest_route=\/wp\/v2\/pages\/1282"}],"wp:attachment":[{"href":"http:\/\/springbok-kart.com\/index.php?rest_route=%2Fwp%2Fv2%2Fmedia&parent=2591"}],"curies":[{"name":"wp","href":"https:\/\/api.w.org\/{rel}","templated":true}]}}