{"id":2442,"date":"2016-12-26T10:06:09","date_gmt":"2016-12-26T09:06:09","guid":{"rendered":"http:\/\/springbok-kart.com\/?post_type=product&#038;p=2442"},"modified":"2018-03-27T17:22:09","modified_gmt":"2018-03-27T16:22:09","slug":"station-meteo-sportdevices","status":"publish","type":"product","link":"http:\/\/springbok-kart.com\/?product=station-meteo-sportdevices","title":{"rendered":"Station m\u00e9t\u00e9o SportDevices"},"content":{"rendered":"<div id=\"gt-res-content\">\n<h2 dir=\"ltr\">La station m\u00e9t\u00e9o<\/h2>\n<\/div>\n<p><span id=\"result_box\" class=\"long_text\" lang=\"fr\"><span class=\"\">Caract\u00e9ristiques: Dimensions: 64 mm (L) x 58 mm (L) x 23 (L) mm Connecteur USB, pilote FTDI (la norme la plus courante pour le convertisseur s\u00e9rie vers USB) Capteurs: Pression.<\/span> <span class=\"\">Plage: 300 \u00e0 1100 mbar, Pr\u00e9cision: \/ -1 mbar Humidit\u00e9.<\/span> <span class=\"\">Pr\u00e9cision: \/ 3,5% RH Temp\u00e9rature.<\/span> Gamme: -40 \u00b0 C \u00e0 85 \u00b0 C. <span class=\"\">Pr\u00e9cision: \/ -1 \u00b0 C La station m\u00e9t\u00e9orologique envoie des conditions atmosph\u00e9riques environ une fois par seconde, et le logiciel SportDyno Software les stocke au d\u00e9but de l\u2019essai.<\/span><\/span><\/p>\n<p>&nbsp;<\/p>\n","protected":false},"excerpt":{"rendered":"<p>Compl\u00e9ment indispensable de votre banc de puissance, la station m\u00e9t\u00e9o rel\u00e8ve lors chaque essais les valeurs suivantes;<\/p>\n<ul>\n<li>Temp\u00e9rature ext\u00e9rieure<\/li>\n<li>Hygrom\u00e9trie<\/li>\n<li>Pression atmosph\u00e9rique<\/li>\n<\/ul>\n<p>Ces valeurs permettent de calculer la densit\u00e9 relative de l&rsquo;air. Le logiciel applique un coefficient de correction permettant de comparer des tests effectu\u00e9s dans des conditions m\u00e9t\u00e9orologiques diff\u00e9rentes.<\/p>\n<p>Sans cet accessoire, vous ne pourrez que comparer des tests effectu\u00e9s \u00e0 quelques heures d&rsquo;intervalle.<\/p>\n<p>&nbsp;<\/p>\n<p>&nbsp; <a href=\"http:\/\/springbok-kart.com\/?product=station-meteo-sportdevices\">Continuer la lecture <span class=\"meta-nav\">&rarr;<\/span><\/a><\/p>\n","protected":false},"featured_media":2419,"comment_status":"open","ping_status":"closed","template":"","meta":{"sfsi_plus_gutenberg_text_before_share":"","sfsi_plus_gutenberg_show_text_before_share":"","sfsi_plus_gutenberg_icon_type":"","sfsi_plus_gutenberg_icon_alignemt":"","sfsi_plus_gutenburg_max_per_row":"","_monsterinsights_skip_tracking":false,"_monsterinsights_sitenote_active":false,"_monsterinsights_sitenote_note":"","_monsterinsights_sitenote_category":0},"product_brand":[],"product_cat":[56,67],"product_tag":[],"class_list":{"0":"post-2442","1":"product","2":"type-product","3":"status-publish","4":"has-post-thumbnail","6":"product_cat-interfaces-pour-banc-de-puissance","7":"product_cat-sondes","9":"first","10":"instock","11":"taxable","12":"shipping-taxable","13":"purchasable","14":"product-type-simple"},"yoast_head":"<!-- This site is optimized with the Yoast SEO plugin v27.4 - https:\/\/yoast.com\/product\/yoast-seo-wordpress\/ -->\n<title>Station m\u00e9t\u00e9o SportDevices - Springbok kart<\/title>\n<meta name=\"robots\" content=\"index, follow, max-snippet:-1, max-image-preview:large, max-video-preview:-1\" \/>\n<link rel=\"canonical\" href=\"http:\/\/springbok-kart.com\/?product=station-meteo-sportdevices\" \/>\n<meta property=\"og:locale\" content=\"fr_FR\" \/>\n<meta property=\"og:type\" content=\"article\" \/>\n<meta property=\"og:title\" content=\"Station m\u00e9t\u00e9o SportDevices - Springbok kart\" \/>\n<meta property=\"og:description\" content=\"Compl\u00e9ment indispensable de votre banc de puissance, la station m\u00e9t\u00e9o rel\u00e8ve lors chaque essais les valeurs suivantes;   Temp\u00e9rature ext\u00e9rieure  Hygrom\u00e9trie  Pression atmosph\u00e9rique  Ces valeurs permettent de calculer la densit\u00e9 relative de l&#039;air. Le logiciel applique un coefficient de correction permettant de comparer des tests effectu\u00e9s dans des conditions m\u00e9t\u00e9orologiques diff\u00e9rentes.  Sans cet accessoire, vous ne pourrez que comparer des tests effectu\u00e9s \u00e0 quelques heures d&#039;intervalle.  &nbsp;  &nbsp; Continuer la lecture &rarr;\" \/>\n<meta property=\"og:url\" content=\"http:\/\/springbok-kart.com\/?product=station-meteo-sportdevices\" \/>\n<meta property=\"og:site_name\" content=\"Springbok kart\" \/>\n<meta property=\"article:modified_time\" content=\"2018-03-27T16:22:09+00:00\" \/>\n<meta property=\"og:image\" content=\"http:\/\/springbok-kart.com\/wp-content\/uploads\/2016\/12\/weather_station_st.jpg\" \/>\n\t<meta property=\"og:image:width\" content=\"500\" \/>\n\t<meta property=\"og:image:height\" content=\"300\" \/>\n\t<meta property=\"og:image:type\" content=\"image\/jpeg\" \/>\n<meta name=\"twitter:card\" content=\"summary_large_image\" \/>\n<script type=\"application\/ld+json\" class=\"yoast-schema-graph\">{\"@context\":\"https:\\\/\\\/schema.org\",\"@graph\":[{\"@type\":\"WebPage\",\"@id\":\"http:\\\/\\\/springbok-kart.com\\\/?product=station-meteo-sportdevices\",\"url\":\"http:\\\/\\\/springbok-kart.com\\\/?product=station-meteo-sportdevices\",\"name\":\"Station m\u00e9t\u00e9o SportDevices - Springbok kart\",\"isPartOf\":{\"@id\":\"http:\\\/\\\/springbok-kart.com\\\/#website\"},\"primaryImageOfPage\":{\"@id\":\"http:\\\/\\\/springbok-kart.com\\\/?product=station-meteo-sportdevices#primaryimage\"},\"image\":{\"@id\":\"http:\\\/\\\/springbok-kart.com\\\/?product=station-meteo-sportdevices#primaryimage\"},\"thumbnailUrl\":\"http:\\\/\\\/springbok-kart.com\\\/wp-content\\\/uploads\\\/2016\\\/12\\\/weather_station_st.jpg\",\"datePublished\":\"2016-12-26T09:06:09+00:00\",\"dateModified\":\"2018-03-27T16:22:09+00:00\",\"breadcrumb\":{\"@id\":\"http:\\\/\\\/springbok-kart.com\\\/?product=station-meteo-sportdevices#breadcrumb\"},\"inLanguage\":\"fr-FR\",\"potentialAction\":[{\"@type\":\"ReadAction\",\"target\":[\"http:\\\/\\\/springbok-kart.com\\\/?product=station-meteo-sportdevices\"]}]},{\"@type\":\"ImageObject\",\"inLanguage\":\"fr-FR\",\"@id\":\"http:\\\/\\\/springbok-kart.com\\\/?product=station-meteo-sportdevices#primaryimage\",\"url\":\"http:\\\/\\\/springbok-kart.com\\\/wp-content\\\/uploads\\\/2016\\\/12\\\/weather_station_st.jpg\",\"contentUrl\":\"http:\\\/\\\/springbok-kart.com\\\/wp-content\\\/uploads\\\/2016\\\/12\\\/weather_station_st.jpg\",\"width\":500,\"height\":300},{\"@type\":\"BreadcrumbList\",\"@id\":\"http:\\\/\\\/springbok-kart.com\\\/?product=station-meteo-sportdevices#breadcrumb\",\"itemListElement\":[{\"@type\":\"ListItem\",\"position\":1,\"name\":\"Accueil\",\"item\":\"http:\\\/\\\/springbok-kart.com\\\/\"},{\"@type\":\"ListItem\",\"position\":2,\"name\":\"Achat de composants pour votre banc de puissance\",\"item\":\"https:\\\/\\\/springbok-kart.com\\\/?page_id=2437\"},{\"@type\":\"ListItem\",\"position\":3,\"name\":\"Station m\u00e9t\u00e9o SportDevices\"}]},{\"@type\":\"WebSite\",\"@id\":\"http:\\\/\\\/springbok-kart.com\\\/#website\",\"url\":\"http:\\\/\\\/springbok-kart.com\\\/\",\"name\":\"Springbok kart\",\"description\":\"\",\"publisher\":{\"@id\":\"http:\\\/\\\/springbok-kart.com\\\/#organization\"},\"potentialAction\":[{\"@type\":\"SearchAction\",\"target\":{\"@type\":\"EntryPoint\",\"urlTemplate\":\"http:\\\/\\\/springbok-kart.com\\\/?s={search_term_string}\"},\"query-input\":{\"@type\":\"PropertyValueSpecification\",\"valueRequired\":true,\"valueName\":\"search_term_string\"}}],\"inLanguage\":\"fr-FR\"},{\"@type\":\"Organization\",\"@id\":\"http:\\\/\\\/springbok-kart.com\\\/#organization\",\"name\":\"Springbok kart\",\"url\":\"http:\\\/\\\/springbok-kart.com\\\/\",\"logo\":{\"@type\":\"ImageObject\",\"inLanguage\":\"fr-FR\",\"@id\":\"http:\\\/\\\/springbok-kart.com\\\/#\\\/schema\\\/logo\\\/image\\\/\",\"url\":\"https:\\\/\\\/springbok-kart.com\\\/wp-content\\\/uploads\\\/2016\\\/01\\\/Montage-bleu_747x954.png\",\"contentUrl\":\"https:\\\/\\\/springbok-kart.com\\\/wp-content\\\/uploads\\\/2016\\\/01\\\/Montage-bleu_747x954.png\",\"width\":747,\"height\":954,\"caption\":\"Springbok kart\"},\"image\":{\"@id\":\"http:\\\/\\\/springbok-kart.com\\\/#\\\/schema\\\/logo\\\/image\\\/\"}}]}<\/script>\n<!-- \/ Yoast SEO plugin. -->","yoast_head_json":{"title":"Station m\u00e9t\u00e9o SportDevices - Springbok kart","robots":{"index":"index","follow":"follow","max-snippet":"max-snippet:-1","max-image-preview":"max-image-preview:large","max-video-preview":"max-video-preview:-1"},"canonical":"http:\/\/springbok-kart.com\/?product=station-meteo-sportdevices","og_locale":"fr_FR","og_type":"article","og_title":"Station m\u00e9t\u00e9o SportDevices - Springbok kart","og_description":"Compl\u00e9ment indispensable de votre banc de puissance, la station m\u00e9t\u00e9o rel\u00e8ve lors chaque essais les valeurs suivantes;   Temp\u00e9rature ext\u00e9rieure  Hygrom\u00e9trie  Pression atmosph\u00e9rique  Ces valeurs permettent de calculer la densit\u00e9 relative de l'air. Le logiciel applique un coefficient de correction permettant de comparer des tests effectu\u00e9s dans des conditions m\u00e9t\u00e9orologiques diff\u00e9rentes.  Sans cet accessoire, vous ne pourrez que comparer des tests effectu\u00e9s \u00e0 quelques heures d'intervalle.  &nbsp;  &nbsp; Continuer la lecture &rarr;","og_url":"http:\/\/springbok-kart.com\/?product=station-meteo-sportdevices","og_site_name":"Springbok kart","article_modified_time":"2018-03-27T16:22:09+00:00","og_image":[{"width":500,"height":300,"url":"http:\/\/springbok-kart.com\/wp-content\/uploads\/2016\/12\/weather_station_st.jpg","type":"image\/jpeg"}],"twitter_card":"summary_large_image","schema":{"@context":"https:\/\/schema.org","@graph":[{"@type":"WebPage","@id":"http:\/\/springbok-kart.com\/?product=station-meteo-sportdevices","url":"http:\/\/springbok-kart.com\/?product=station-meteo-sportdevices","name":"Station m\u00e9t\u00e9o SportDevices - Springbok kart","isPartOf":{"@id":"http:\/\/springbok-kart.com\/#website"},"primaryImageOfPage":{"@id":"http:\/\/springbok-kart.com\/?product=station-meteo-sportdevices#primaryimage"},"image":{"@id":"http:\/\/springbok-kart.com\/?product=station-meteo-sportdevices#primaryimage"},"thumbnailUrl":"http:\/\/springbok-kart.com\/wp-content\/uploads\/2016\/12\/weather_station_st.jpg","datePublished":"2016-12-26T09:06:09+00:00","dateModified":"2018-03-27T16:22:09+00:00","breadcrumb":{"@id":"http:\/\/springbok-kart.com\/?product=station-meteo-sportdevices#breadcrumb"},"inLanguage":"fr-FR","potentialAction":[{"@type":"ReadAction","target":["http:\/\/springbok-kart.com\/?product=station-meteo-sportdevices"]}]},{"@type":"ImageObject","inLanguage":"fr-FR","@id":"http:\/\/springbok-kart.com\/?product=station-meteo-sportdevices#primaryimage","url":"http:\/\/springbok-kart.com\/wp-content\/uploads\/2016\/12\/weather_station_st.jpg","contentUrl":"http:\/\/springbok-kart.com\/wp-content\/uploads\/2016\/12\/weather_station_st.jpg","width":500,"height":300},{"@type":"BreadcrumbList","@id":"http:\/\/springbok-kart.com\/?product=station-meteo-sportdevices#breadcrumb","itemListElement":[{"@type":"ListItem","position":1,"name":"Accueil","item":"http:\/\/springbok-kart.com\/"},{"@type":"ListItem","position":2,"name":"Achat de composants pour votre banc de puissance","item":"https:\/\/springbok-kart.com\/?page_id=2437"},{"@type":"ListItem","position":3,"name":"Station m\u00e9t\u00e9o SportDevices"}]},{"@type":"WebSite","@id":"http:\/\/springbok-kart.com\/#website","url":"http:\/\/springbok-kart.com\/","name":"Springbok kart","description":"","publisher":{"@id":"http:\/\/springbok-kart.com\/#organization"},"potentialAction":[{"@type":"SearchAction","target":{"@type":"EntryPoint","urlTemplate":"http:\/\/springbok-kart.com\/?s={search_term_string}"},"query-input":{"@type":"PropertyValueSpecification","valueRequired":true,"valueName":"search_term_string"}}],"inLanguage":"fr-FR"},{"@type":"Organization","@id":"http:\/\/springbok-kart.com\/#organization","name":"Springbok kart","url":"http:\/\/springbok-kart.com\/","logo":{"@type":"ImageObject","inLanguage":"fr-FR","@id":"http:\/\/springbok-kart.com\/#\/schema\/logo\/image\/","url":"https:\/\/springbok-kart.com\/wp-content\/uploads\/2016\/01\/Montage-bleu_747x954.png","contentUrl":"https:\/\/springbok-kart.com\/wp-content\/uploads\/2016\/01\/Montage-bleu_747x954.png","width":747,"height":954,"caption":"Springbok kart"},"image":{"@id":"http:\/\/springbok-kart.com\/#\/schema\/logo\/image\/"}}]}},"_links":{"self":[{"href":"http:\/\/springbok-kart.com\/index.php?rest_route=\/wp\/v2\/product\/2442","targetHints":{"allow":["GET"]}}],"collection":[{"href":"http:\/\/springbok-kart.com\/index.php?rest_route=\/wp\/v2\/product"}],"about":[{"href":"http:\/\/springbok-kart.com\/index.php?rest_route=\/wp\/v2\/types\/product"}],"replies":[{"embeddable":true,"href":"http:\/\/springbok-kart.com\/index.php?rest_route=%2Fwp%2Fv2%2Fcomments&post=2442"}],"wp:featuredmedia":[{"embeddable":true,"href":"http:\/\/springbok-kart.com\/index.php?rest_route=\/wp\/v2\/media\/2419"}],"wp:attachment":[{"href":"http:\/\/springbok-kart.com\/index.php?rest_route=%2Fwp%2Fv2%2Fmedia&parent=2442"}],"wp:term":[{"taxonomy":"product_brand","embeddable":true,"href":"http:\/\/springbok-kart.com\/index.php?rest_route=%2Fwp%2Fv2%2Fproduct_brand&post=2442"},{"taxonomy":"product_cat","embeddable":true,"href":"http:\/\/springbok-kart.com\/index.php?rest_route=%2Fwp%2Fv2%2Fproduct_cat&post=2442"},{"taxonomy":"product_tag","embeddable":true,"href":"http:\/\/springbok-kart.com\/index.php?rest_route=%2Fwp%2Fv2%2Fproduct_tag&post=2442"}],"curies":[{"name":"wp","href":"https:\/\/api.w.org\/{rel}","templated":true}]}}