{"id":2445,"date":"2016-12-26T12:49:23","date_gmt":"2016-12-26T11:49:23","guid":{"rendered":"http:\/\/springbok-kart.com\/?post_type=product&#038;p=2445"},"modified":"2020-04-20T11:01:38","modified_gmt":"2020-04-20T10:01:38","slug":"kit-pour-banc-a-frein-sp5","status":"publish","type":"product","link":"http:\/\/springbok-kart.com\/?product=kit-pour-banc-a-frein-sp5","title":{"rendered":"Kit pour banc \u00e0 frein SP5"},"content":{"rendered":"<p><span class=\"notranslate\">Le contr\u00f4leur Dyno SP-5 est fournit avec tout le mat\u00e9riel et les logiciels n\u00e9cessaires \u00e0 la commande d&rsquo;un banc d&rsquo;essai de moteur, d&rsquo;un dynamom\u00e8tre et d&rsquo;un moteur \u00e0 combustion ou de dynamom\u00e8tres roulants.<\/span><\/p>\n<p><span class=\"notranslate\"> Le SP-5 est un contr\u00f4leur de vitesse \u00e0 boucle ferm\u00e9e enti\u00e8rement num\u00e9rique PID.<\/span> <span class=\"notranslate\"> Il est l&rsquo;outil parfait pour les tests de performance du moteur, l&rsquo;\u00e9talonnage de l&rsquo;ECU, les essais d&rsquo;endurance, les \u00e9missions, etc.<\/span><\/p>\n<p>Le kit comprend:<\/p>\n<p>&nbsp;<\/p>\n<ul>\n<li><span class=\"notranslate\">1 unit\u00e9 d&rsquo;acquisition de donn\u00e9es SP5<\/span><\/li>\n<li><span class=\"notranslate\"> 1 x capteur Hall, pour la vitesse du rouleau\u00a0 ou du frein<\/span><\/li>\n<li><span class=\"notranslate\"> 1 x serre-c\u00e2bles capacitifs et inductifs, pour r\u00e9gime moteur<\/span><\/li>\n<li><span class=\"notranslate\"> 1 x Cellule de charge (plusieurs tailles disponibles, voir ci-dessous)<\/span><\/li>\n<li><span class=\"notranslate\"> 1 x alimentation de frein PWS3.3 ou HS-PWS (plusieurs tensions et courants disponibles, voir ci-dessous)<\/span><\/li>\n<li><span class=\"notranslate\"> 1 adaptateur de c\u00e2ble SP5 vers PWS<\/span><\/li>\n<li><span class=\"notranslate\"> 1 x c\u00e2bles d&rsquo;installation: extension du capteur Hall, c\u00e2ble s\u00e9rie<\/span><\/li>\n<li><span class=\"notranslate\"> 1 x USB \u00e0 l&rsquo;adaptateur s\u00e9rie, avec une puce FTDI pour la meilleure compatibilit\u00e9<\/span><\/li>\n<\/ul>\n<p>Voir d\u00e9tail d&rsquo;installation sur le site <a href=\"http:\/\/www.sportdevices.com\/sp5.php\">SportDevices<\/a><\/p>\n<p>&nbsp;<\/p>\n<p>&nbsp;<\/p>\n","protected":false},"excerpt":{"rendered":"<p>Le contr\u00f4leur SP5 est con\u00e7u pour g\u00e9rer tout type de banc de puissance (inertiel et ou frein).<\/p>\n<p>Tout type de frein peut \u00eatre utilis\u00e9 mais le SP5 est con\u00e7u pour g\u00e9rer 2 freins \u00e9lectro-m\u00e9caniques pilot\u00e9s en PWM (<em>Pulse Width Modulation<\/em>). L&rsquo;interface de contr\u00f4le commande entre la SP5 et le frein est livr\u00e9e avec le kit (<span class=\"notranslate\">PWS3.3 ou HS-PWS)<\/span>.<\/p>\n<p>Une cellule de charge mesure le couple en continu, le kit est livr\u00e9 par d\u00e9faut avec une cellule de 450kg, d&rsquo;autres mod\u00e8les sont disponibles en option. <a href=\"http:\/\/springbok-kart.com\/?product=kit-pour-banc-a-frein-sp5\">Continuer la lecture <span class=\"meta-nav\">&rarr;<\/span><\/a><\/p>\n","protected":false},"featured_media":2447,"comment_status":"open","ping_status":"closed","template":"","meta":{"sfsi_plus_gutenberg_text_before_share":"","sfsi_plus_gutenberg_show_text_before_share":"","sfsi_plus_gutenberg_icon_type":"","sfsi_plus_gutenberg_icon_alignemt":"","sfsi_plus_gutenburg_max_per_row":"","_monsterinsights_skip_tracking":false,"_monsterinsights_sitenote_active":false,"_monsterinsights_sitenote_note":"","_monsterinsights_sitenote_category":0},"product_brand":[],"product_cat":[66],"product_tag":[],"class_list":{"0":"post-2445","1":"product","2":"type-product","3":"status-publish","4":"has-post-thumbnail","6":"product_cat-dac","8":"first","9":"instock","10":"taxable","11":"shipping-taxable","12":"purchasable","13":"product-type-simple"},"yoast_head":"<!-- This site is optimized with the Yoast SEO plugin v27.5 - https:\/\/yoast.com\/product\/yoast-seo-wordpress\/ -->\n<title>Kit pour banc \u00e0 frein SP5 - Springbok kart<\/title>\n<meta name=\"robots\" content=\"index, follow, max-snippet:-1, max-image-preview:large, max-video-preview:-1\" \/>\n<link rel=\"canonical\" href=\"http:\/\/springbok-kart.com\/?product=kit-pour-banc-a-frein-sp5\" \/>\n<meta property=\"og:locale\" content=\"fr_FR\" \/>\n<meta property=\"og:type\" content=\"article\" \/>\n<meta property=\"og:title\" content=\"Kit pour banc \u00e0 frein SP5 - Springbok kart\" \/>\n<meta property=\"og:description\" content=\"Le contr\u00f4leur SP5 est con\u00e7u pour g\u00e9rer tout type de banc de puissance (inertiel et ou frein).  Tout type de frein peut \u00eatre utilis\u00e9 mais le SP5 est con\u00e7u pour g\u00e9rer 2 freins \u00e9lectro-m\u00e9caniques pilot\u00e9s en PWM (Pulse Width Modulation). L&#039;interface de contr\u00f4le commande entre la SP5 et le frein est livr\u00e9e avec le kit (PWS3.3 ou HS-PWS).  Une cellule de charge mesure le couple en continu, le kit est livr\u00e9 par d\u00e9faut avec une cellule de 450kg, d&#039;autres mod\u00e8les sont disponibles en option. Continuer la lecture &rarr;\" \/>\n<meta property=\"og:url\" content=\"http:\/\/springbok-kart.com\/?product=kit-pour-banc-a-frein-sp5\" \/>\n<meta property=\"og:site_name\" content=\"Springbok kart\" \/>\n<meta property=\"article:modified_time\" content=\"2020-04-20T10:01:38+00:00\" \/>\n<meta property=\"og:image\" content=\"http:\/\/springbok-kart.com\/wp-content\/uploads\/2016\/12\/SP5.jpg\" \/>\n\t<meta property=\"og:image:width\" content=\"515\" \/>\n\t<meta property=\"og:image:height\" content=\"309\" \/>\n\t<meta property=\"og:image:type\" content=\"image\/jpeg\" \/>\n<meta name=\"twitter:card\" content=\"summary_large_image\" \/>\n<meta name=\"twitter:label1\" content=\"Dur\u00e9e de lecture estim\u00e9e\" \/>\n\t<meta name=\"twitter:data1\" content=\"1 minute\" \/>\n<script type=\"application\/ld+json\" class=\"yoast-schema-graph\">{\"@context\":\"https:\\\/\\\/schema.org\",\"@graph\":[{\"@type\":\"WebPage\",\"@id\":\"http:\\\/\\\/springbok-kart.com\\\/?product=kit-pour-banc-a-frein-sp5\",\"url\":\"http:\\\/\\\/springbok-kart.com\\\/?product=kit-pour-banc-a-frein-sp5\",\"name\":\"Kit pour banc \u00e0 frein SP5 - Springbok kart\",\"isPartOf\":{\"@id\":\"http:\\\/\\\/springbok-kart.com\\\/#website\"},\"primaryImageOfPage\":{\"@id\":\"http:\\\/\\\/springbok-kart.com\\\/?product=kit-pour-banc-a-frein-sp5#primaryimage\"},\"image\":{\"@id\":\"http:\\\/\\\/springbok-kart.com\\\/?product=kit-pour-banc-a-frein-sp5#primaryimage\"},\"thumbnailUrl\":\"http:\\\/\\\/springbok-kart.com\\\/wp-content\\\/uploads\\\/2016\\\/12\\\/SP5.jpg\",\"datePublished\":\"2016-12-26T11:49:23+00:00\",\"dateModified\":\"2020-04-20T10:01:38+00:00\",\"breadcrumb\":{\"@id\":\"http:\\\/\\\/springbok-kart.com\\\/?product=kit-pour-banc-a-frein-sp5#breadcrumb\"},\"inLanguage\":\"fr-FR\",\"potentialAction\":[{\"@type\":\"ReadAction\",\"target\":[\"http:\\\/\\\/springbok-kart.com\\\/?product=kit-pour-banc-a-frein-sp5\"]}]},{\"@type\":\"ImageObject\",\"inLanguage\":\"fr-FR\",\"@id\":\"http:\\\/\\\/springbok-kart.com\\\/?product=kit-pour-banc-a-frein-sp5#primaryimage\",\"url\":\"http:\\\/\\\/springbok-kart.com\\\/wp-content\\\/uploads\\\/2016\\\/12\\\/SP5.jpg\",\"contentUrl\":\"http:\\\/\\\/springbok-kart.com\\\/wp-content\\\/uploads\\\/2016\\\/12\\\/SP5.jpg\",\"width\":515,\"height\":309},{\"@type\":\"BreadcrumbList\",\"@id\":\"http:\\\/\\\/springbok-kart.com\\\/?product=kit-pour-banc-a-frein-sp5#breadcrumb\",\"itemListElement\":[{\"@type\":\"ListItem\",\"position\":1,\"name\":\"Accueil\",\"item\":\"http:\\\/\\\/springbok-kart.com\\\/\"},{\"@type\":\"ListItem\",\"position\":2,\"name\":\"Achat de composants pour votre banc de puissance\",\"item\":\"https:\\\/\\\/springbok-kart.com\\\/?page_id=2437\"},{\"@type\":\"ListItem\",\"position\":3,\"name\":\"Kit pour banc \u00e0 frein SP5\"}]},{\"@type\":\"WebSite\",\"@id\":\"http:\\\/\\\/springbok-kart.com\\\/#website\",\"url\":\"http:\\\/\\\/springbok-kart.com\\\/\",\"name\":\"Springbok kart\",\"description\":\"\",\"publisher\":{\"@id\":\"http:\\\/\\\/springbok-kart.com\\\/#organization\"},\"potentialAction\":[{\"@type\":\"SearchAction\",\"target\":{\"@type\":\"EntryPoint\",\"urlTemplate\":\"http:\\\/\\\/springbok-kart.com\\\/?s={search_term_string}\"},\"query-input\":{\"@type\":\"PropertyValueSpecification\",\"valueRequired\":true,\"valueName\":\"search_term_string\"}}],\"inLanguage\":\"fr-FR\"},{\"@type\":\"Organization\",\"@id\":\"http:\\\/\\\/springbok-kart.com\\\/#organization\",\"name\":\"Springbok kart\",\"url\":\"http:\\\/\\\/springbok-kart.com\\\/\",\"logo\":{\"@type\":\"ImageObject\",\"inLanguage\":\"fr-FR\",\"@id\":\"http:\\\/\\\/springbok-kart.com\\\/#\\\/schema\\\/logo\\\/image\\\/\",\"url\":\"https:\\\/\\\/springbok-kart.com\\\/wp-content\\\/uploads\\\/2016\\\/01\\\/Montage-bleu_747x954.png\",\"contentUrl\":\"https:\\\/\\\/springbok-kart.com\\\/wp-content\\\/uploads\\\/2016\\\/01\\\/Montage-bleu_747x954.png\",\"width\":747,\"height\":954,\"caption\":\"Springbok kart\"},\"image\":{\"@id\":\"http:\\\/\\\/springbok-kart.com\\\/#\\\/schema\\\/logo\\\/image\\\/\"}}]}<\/script>\n<!-- \/ Yoast SEO plugin. -->","yoast_head_json":{"title":"Kit pour banc \u00e0 frein SP5 - Springbok kart","robots":{"index":"index","follow":"follow","max-snippet":"max-snippet:-1","max-image-preview":"max-image-preview:large","max-video-preview":"max-video-preview:-1"},"canonical":"http:\/\/springbok-kart.com\/?product=kit-pour-banc-a-frein-sp5","og_locale":"fr_FR","og_type":"article","og_title":"Kit pour banc \u00e0 frein SP5 - Springbok kart","og_description":"Le contr\u00f4leur SP5 est con\u00e7u pour g\u00e9rer tout type de banc de puissance (inertiel et ou frein).  Tout type de frein peut \u00eatre utilis\u00e9 mais le SP5 est con\u00e7u pour g\u00e9rer 2 freins \u00e9lectro-m\u00e9caniques pilot\u00e9s en PWM (Pulse Width Modulation). L'interface de contr\u00f4le commande entre la SP5 et le frein est livr\u00e9e avec le kit (PWS3.3 ou HS-PWS).  Une cellule de charge mesure le couple en continu, le kit est livr\u00e9 par d\u00e9faut avec une cellule de 450kg, d'autres mod\u00e8les sont disponibles en option. Continuer la lecture &rarr;","og_url":"http:\/\/springbok-kart.com\/?product=kit-pour-banc-a-frein-sp5","og_site_name":"Springbok kart","article_modified_time":"2020-04-20T10:01:38+00:00","og_image":[{"width":515,"height":309,"url":"http:\/\/springbok-kart.com\/wp-content\/uploads\/2016\/12\/SP5.jpg","type":"image\/jpeg"}],"twitter_card":"summary_large_image","twitter_misc":{"Dur\u00e9e de lecture estim\u00e9e":"1 minute"},"schema":{"@context":"https:\/\/schema.org","@graph":[{"@type":"WebPage","@id":"http:\/\/springbok-kart.com\/?product=kit-pour-banc-a-frein-sp5","url":"http:\/\/springbok-kart.com\/?product=kit-pour-banc-a-frein-sp5","name":"Kit pour banc \u00e0 frein SP5 - Springbok kart","isPartOf":{"@id":"http:\/\/springbok-kart.com\/#website"},"primaryImageOfPage":{"@id":"http:\/\/springbok-kart.com\/?product=kit-pour-banc-a-frein-sp5#primaryimage"},"image":{"@id":"http:\/\/springbok-kart.com\/?product=kit-pour-banc-a-frein-sp5#primaryimage"},"thumbnailUrl":"http:\/\/springbok-kart.com\/wp-content\/uploads\/2016\/12\/SP5.jpg","datePublished":"2016-12-26T11:49:23+00:00","dateModified":"2020-04-20T10:01:38+00:00","breadcrumb":{"@id":"http:\/\/springbok-kart.com\/?product=kit-pour-banc-a-frein-sp5#breadcrumb"},"inLanguage":"fr-FR","potentialAction":[{"@type":"ReadAction","target":["http:\/\/springbok-kart.com\/?product=kit-pour-banc-a-frein-sp5"]}]},{"@type":"ImageObject","inLanguage":"fr-FR","@id":"http:\/\/springbok-kart.com\/?product=kit-pour-banc-a-frein-sp5#primaryimage","url":"http:\/\/springbok-kart.com\/wp-content\/uploads\/2016\/12\/SP5.jpg","contentUrl":"http:\/\/springbok-kart.com\/wp-content\/uploads\/2016\/12\/SP5.jpg","width":515,"height":309},{"@type":"BreadcrumbList","@id":"http:\/\/springbok-kart.com\/?product=kit-pour-banc-a-frein-sp5#breadcrumb","itemListElement":[{"@type":"ListItem","position":1,"name":"Accueil","item":"http:\/\/springbok-kart.com\/"},{"@type":"ListItem","position":2,"name":"Achat de composants pour votre banc de puissance","item":"https:\/\/springbok-kart.com\/?page_id=2437"},{"@type":"ListItem","position":3,"name":"Kit pour banc \u00e0 frein SP5"}]},{"@type":"WebSite","@id":"http:\/\/springbok-kart.com\/#website","url":"http:\/\/springbok-kart.com\/","name":"Springbok kart","description":"","publisher":{"@id":"http:\/\/springbok-kart.com\/#organization"},"potentialAction":[{"@type":"SearchAction","target":{"@type":"EntryPoint","urlTemplate":"http:\/\/springbok-kart.com\/?s={search_term_string}"},"query-input":{"@type":"PropertyValueSpecification","valueRequired":true,"valueName":"search_term_string"}}],"inLanguage":"fr-FR"},{"@type":"Organization","@id":"http:\/\/springbok-kart.com\/#organization","name":"Springbok kart","url":"http:\/\/springbok-kart.com\/","logo":{"@type":"ImageObject","inLanguage":"fr-FR","@id":"http:\/\/springbok-kart.com\/#\/schema\/logo\/image\/","url":"https:\/\/springbok-kart.com\/wp-content\/uploads\/2016\/01\/Montage-bleu_747x954.png","contentUrl":"https:\/\/springbok-kart.com\/wp-content\/uploads\/2016\/01\/Montage-bleu_747x954.png","width":747,"height":954,"caption":"Springbok kart"},"image":{"@id":"http:\/\/springbok-kart.com\/#\/schema\/logo\/image\/"}}]}},"_links":{"self":[{"href":"http:\/\/springbok-kart.com\/index.php?rest_route=\/wp\/v2\/product\/2445","targetHints":{"allow":["GET"]}}],"collection":[{"href":"http:\/\/springbok-kart.com\/index.php?rest_route=\/wp\/v2\/product"}],"about":[{"href":"http:\/\/springbok-kart.com\/index.php?rest_route=\/wp\/v2\/types\/product"}],"replies":[{"embeddable":true,"href":"http:\/\/springbok-kart.com\/index.php?rest_route=%2Fwp%2Fv2%2Fcomments&post=2445"}],"wp:featuredmedia":[{"embeddable":true,"href":"http:\/\/springbok-kart.com\/index.php?rest_route=\/wp\/v2\/media\/2447"}],"wp:attachment":[{"href":"http:\/\/springbok-kart.com\/index.php?rest_route=%2Fwp%2Fv2%2Fmedia&parent=2445"}],"wp:term":[{"taxonomy":"product_brand","embeddable":true,"href":"http:\/\/springbok-kart.com\/index.php?rest_route=%2Fwp%2Fv2%2Fproduct_brand&post=2445"},{"taxonomy":"product_cat","embeddable":true,"href":"http:\/\/springbok-kart.com\/index.php?rest_route=%2Fwp%2Fv2%2Fproduct_cat&post=2445"},{"taxonomy":"product_tag","embeddable":true,"href":"http:\/\/springbok-kart.com\/index.php?rest_route=%2Fwp%2Fv2%2Fproduct_tag&post=2445"}],"curies":[{"name":"wp","href":"https:\/\/api.w.org\/{rel}","templated":true}]}}