{"id":2604,"date":"2018-03-27T16:27:07","date_gmt":"2018-03-27T15:27:07","guid":{"rendered":"http:\/\/springbok-kart.com\/?post_type=product&#038;p=2604"},"modified":"2020-07-25T11:51:07","modified_gmt":"2020-07-25T10:51:07","slug":"frein-electrique","status":"publish","type":"product","link":"http:\/\/springbok-kart.com\/?product=frein-electrique","title":{"rendered":"Frein \u00e9lectrique KLAM CK40 (exemple)"},"content":{"rendered":"<p>Aliment\u00e9 via le module PWS 3.2, le frein coupl\u00e9 au moteur va engendrer un couple sur le stator mont\u00e9 mobile et reli\u00e9 \u00e0 la jauge de contrainte.<\/p>\n<p>Le DAC SP5 Controle le frein selon une s\u00e9quence programm\u00e9e.<\/p>\n<p>La jauge de contrainte renseigne en continu le DAC SP4 ou SP5 sur le couple appliqu\u00e9.<\/p>\n<p>Caract\u00e9ristiques:<\/p>\n<p>Poids: 88kg, Dimensions 370&#215;332 mm, Couple de freinage 40 Nm, puissance de freinage \u00e0 chaud et en fonctionnement continu: de 5 cv \u00e0 500rpm jusqu&rsquo;\u00e0 73 cv \u00e0 6000rpm<\/p>\n<p>&nbsp;<\/p>\n","protected":false},"excerpt":{"rendered":"<p>Aliment\u00e9 via le module PWS 3.2, le frein coupl\u00e9 au moteur va engendrer un couple sur le stator mont\u00e9 mobile et reli\u00e9 \u00e0 la jauge de contrainte. Le DAC SP5 Controle le frein selon une s\u00e9quence programm\u00e9e. La jauge de &hellip; <a href=\"http:\/\/springbok-kart.com\/?product=frein-electrique\">Continuer la lecture <span class=\"meta-nav\">&rarr;<\/span><\/a><\/p>\n","protected":false},"featured_media":2605,"comment_status":"closed","ping_status":"closed","template":"","meta":{"sfsi_plus_gutenberg_text_before_share":"","sfsi_plus_gutenberg_show_text_before_share":"","sfsi_plus_gutenberg_icon_type":"","sfsi_plus_gutenberg_icon_alignemt":"","sfsi_plus_gutenburg_max_per_row":"","_monsterinsights_skip_tracking":false,"_monsterinsights_sitenote_active":false,"_monsterinsights_sitenote_note":"","_monsterinsights_sitenote_category":0},"product_brand":[],"product_cat":[69,56],"product_tag":[],"class_list":{"0":"post-2604","1":"product","2":"type-product","3":"status-publish","4":"has-post-thumbnail","6":"product_cat-accessoires-electriques","7":"product_cat-interfaces-pour-banc-de-puissance","9":"first","10":"instock","11":"taxable","12":"shipping-taxable","13":"purchasable","14":"product-type-simple"},"yoast_head":"<!-- This site is optimized with the Yoast SEO plugin v27.5 - https:\/\/yoast.com\/product\/yoast-seo-wordpress\/ -->\n<title>Frein \u00e9lectrique KLAM CK40 (exemple) - Springbok kart<\/title>\n<meta name=\"robots\" content=\"index, follow, max-snippet:-1, max-image-preview:large, max-video-preview:-1\" \/>\n<link rel=\"canonical\" href=\"http:\/\/springbok-kart.com\/?product=frein-electrique\" \/>\n<meta property=\"og:locale\" content=\"fr_FR\" \/>\n<meta property=\"og:type\" content=\"article\" \/>\n<meta property=\"og:title\" content=\"Frein \u00e9lectrique KLAM CK40 (exemple) - Springbok kart\" \/>\n<meta property=\"og:description\" content=\"Aliment\u00e9 via le module PWS 3.2, le frein coupl\u00e9 au moteur va engendrer un couple sur le stator mont\u00e9 mobile et reli\u00e9 \u00e0 la jauge de contrainte. Le DAC SP5 Controle le frein selon une s\u00e9quence programm\u00e9e. La jauge de &hellip; Continuer la lecture &rarr;\" \/>\n<meta property=\"og:url\" content=\"http:\/\/springbok-kart.com\/?product=frein-electrique\" \/>\n<meta property=\"og:site_name\" content=\"Springbok kart\" \/>\n<meta property=\"article:modified_time\" content=\"2020-07-25T10:51:07+00:00\" \/>\n<meta property=\"og:image\" content=\"http:\/\/springbok-kart.com\/wp-content\/uploads\/2018\/03\/Ralentisseur01.jpg\" \/>\n\t<meta property=\"og:image:width\" content=\"507\" \/>\n\t<meta property=\"og:image:height\" content=\"454\" \/>\n\t<meta property=\"og:image:type\" content=\"image\/jpeg\" \/>\n<meta name=\"twitter:card\" content=\"summary_large_image\" \/>\n<script type=\"application\/ld+json\" class=\"yoast-schema-graph\">{\"@context\":\"https:\\\/\\\/schema.org\",\"@graph\":[{\"@type\":\"WebPage\",\"@id\":\"http:\\\/\\\/springbok-kart.com\\\/?product=frein-electrique\",\"url\":\"http:\\\/\\\/springbok-kart.com\\\/?product=frein-electrique\",\"name\":\"Frein \u00e9lectrique KLAM CK40 (exemple) - Springbok kart\",\"isPartOf\":{\"@id\":\"http:\\\/\\\/springbok-kart.com\\\/#website\"},\"primaryImageOfPage\":{\"@id\":\"http:\\\/\\\/springbok-kart.com\\\/?product=frein-electrique#primaryimage\"},\"image\":{\"@id\":\"http:\\\/\\\/springbok-kart.com\\\/?product=frein-electrique#primaryimage\"},\"thumbnailUrl\":\"http:\\\/\\\/springbok-kart.com\\\/wp-content\\\/uploads\\\/2018\\\/03\\\/Ralentisseur01.jpg\",\"datePublished\":\"2018-03-27T15:27:07+00:00\",\"dateModified\":\"2020-07-25T10:51:07+00:00\",\"breadcrumb\":{\"@id\":\"http:\\\/\\\/springbok-kart.com\\\/?product=frein-electrique#breadcrumb\"},\"inLanguage\":\"fr-FR\",\"potentialAction\":[{\"@type\":\"ReadAction\",\"target\":[\"http:\\\/\\\/springbok-kart.com\\\/?product=frein-electrique\"]}]},{\"@type\":\"ImageObject\",\"inLanguage\":\"fr-FR\",\"@id\":\"http:\\\/\\\/springbok-kart.com\\\/?product=frein-electrique#primaryimage\",\"url\":\"http:\\\/\\\/springbok-kart.com\\\/wp-content\\\/uploads\\\/2018\\\/03\\\/Ralentisseur01.jpg\",\"contentUrl\":\"http:\\\/\\\/springbok-kart.com\\\/wp-content\\\/uploads\\\/2018\\\/03\\\/Ralentisseur01.jpg\",\"width\":507,\"height\":454},{\"@type\":\"BreadcrumbList\",\"@id\":\"http:\\\/\\\/springbok-kart.com\\\/?product=frein-electrique#breadcrumb\",\"itemListElement\":[{\"@type\":\"ListItem\",\"position\":1,\"name\":\"Accueil\",\"item\":\"http:\\\/\\\/springbok-kart.com\\\/\"},{\"@type\":\"ListItem\",\"position\":2,\"name\":\"Achat de composants pour votre banc de puissance\",\"item\":\"https:\\\/\\\/springbok-kart.com\\\/?page_id=2437\"},{\"@type\":\"ListItem\",\"position\":3,\"name\":\"Frein \u00e9lectrique KLAM CK40 (exemple)\"}]},{\"@type\":\"WebSite\",\"@id\":\"http:\\\/\\\/springbok-kart.com\\\/#website\",\"url\":\"http:\\\/\\\/springbok-kart.com\\\/\",\"name\":\"Springbok kart\",\"description\":\"\",\"publisher\":{\"@id\":\"http:\\\/\\\/springbok-kart.com\\\/#organization\"},\"potentialAction\":[{\"@type\":\"SearchAction\",\"target\":{\"@type\":\"EntryPoint\",\"urlTemplate\":\"http:\\\/\\\/springbok-kart.com\\\/?s={search_term_string}\"},\"query-input\":{\"@type\":\"PropertyValueSpecification\",\"valueRequired\":true,\"valueName\":\"search_term_string\"}}],\"inLanguage\":\"fr-FR\"},{\"@type\":\"Organization\",\"@id\":\"http:\\\/\\\/springbok-kart.com\\\/#organization\",\"name\":\"Springbok kart\",\"url\":\"http:\\\/\\\/springbok-kart.com\\\/\",\"logo\":{\"@type\":\"ImageObject\",\"inLanguage\":\"fr-FR\",\"@id\":\"http:\\\/\\\/springbok-kart.com\\\/#\\\/schema\\\/logo\\\/image\\\/\",\"url\":\"https:\\\/\\\/springbok-kart.com\\\/wp-content\\\/uploads\\\/2016\\\/01\\\/Montage-bleu_747x954.png\",\"contentUrl\":\"https:\\\/\\\/springbok-kart.com\\\/wp-content\\\/uploads\\\/2016\\\/01\\\/Montage-bleu_747x954.png\",\"width\":747,\"height\":954,\"caption\":\"Springbok kart\"},\"image\":{\"@id\":\"http:\\\/\\\/springbok-kart.com\\\/#\\\/schema\\\/logo\\\/image\\\/\"}}]}<\/script>\n<!-- \/ Yoast SEO plugin. -->","yoast_head_json":{"title":"Frein \u00e9lectrique KLAM CK40 (exemple) - Springbok kart","robots":{"index":"index","follow":"follow","max-snippet":"max-snippet:-1","max-image-preview":"max-image-preview:large","max-video-preview":"max-video-preview:-1"},"canonical":"http:\/\/springbok-kart.com\/?product=frein-electrique","og_locale":"fr_FR","og_type":"article","og_title":"Frein \u00e9lectrique KLAM CK40 (exemple) - Springbok kart","og_description":"Aliment\u00e9 via le module PWS 3.2, le frein coupl\u00e9 au moteur va engendrer un couple sur le stator mont\u00e9 mobile et reli\u00e9 \u00e0 la jauge de contrainte. Le DAC SP5 Controle le frein selon une s\u00e9quence programm\u00e9e. La jauge de &hellip; Continuer la lecture &rarr;","og_url":"http:\/\/springbok-kart.com\/?product=frein-electrique","og_site_name":"Springbok kart","article_modified_time":"2020-07-25T10:51:07+00:00","og_image":[{"width":507,"height":454,"url":"http:\/\/springbok-kart.com\/wp-content\/uploads\/2018\/03\/Ralentisseur01.jpg","type":"image\/jpeg"}],"twitter_card":"summary_large_image","schema":{"@context":"https:\/\/schema.org","@graph":[{"@type":"WebPage","@id":"http:\/\/springbok-kart.com\/?product=frein-electrique","url":"http:\/\/springbok-kart.com\/?product=frein-electrique","name":"Frein \u00e9lectrique KLAM CK40 (exemple) - Springbok kart","isPartOf":{"@id":"http:\/\/springbok-kart.com\/#website"},"primaryImageOfPage":{"@id":"http:\/\/springbok-kart.com\/?product=frein-electrique#primaryimage"},"image":{"@id":"http:\/\/springbok-kart.com\/?product=frein-electrique#primaryimage"},"thumbnailUrl":"http:\/\/springbok-kart.com\/wp-content\/uploads\/2018\/03\/Ralentisseur01.jpg","datePublished":"2018-03-27T15:27:07+00:00","dateModified":"2020-07-25T10:51:07+00:00","breadcrumb":{"@id":"http:\/\/springbok-kart.com\/?product=frein-electrique#breadcrumb"},"inLanguage":"fr-FR","potentialAction":[{"@type":"ReadAction","target":["http:\/\/springbok-kart.com\/?product=frein-electrique"]}]},{"@type":"ImageObject","inLanguage":"fr-FR","@id":"http:\/\/springbok-kart.com\/?product=frein-electrique#primaryimage","url":"http:\/\/springbok-kart.com\/wp-content\/uploads\/2018\/03\/Ralentisseur01.jpg","contentUrl":"http:\/\/springbok-kart.com\/wp-content\/uploads\/2018\/03\/Ralentisseur01.jpg","width":507,"height":454},{"@type":"BreadcrumbList","@id":"http:\/\/springbok-kart.com\/?product=frein-electrique#breadcrumb","itemListElement":[{"@type":"ListItem","position":1,"name":"Accueil","item":"http:\/\/springbok-kart.com\/"},{"@type":"ListItem","position":2,"name":"Achat de composants pour votre banc de puissance","item":"https:\/\/springbok-kart.com\/?page_id=2437"},{"@type":"ListItem","position":3,"name":"Frein \u00e9lectrique KLAM CK40 (exemple)"}]},{"@type":"WebSite","@id":"http:\/\/springbok-kart.com\/#website","url":"http:\/\/springbok-kart.com\/","name":"Springbok kart","description":"","publisher":{"@id":"http:\/\/springbok-kart.com\/#organization"},"potentialAction":[{"@type":"SearchAction","target":{"@type":"EntryPoint","urlTemplate":"http:\/\/springbok-kart.com\/?s={search_term_string}"},"query-input":{"@type":"PropertyValueSpecification","valueRequired":true,"valueName":"search_term_string"}}],"inLanguage":"fr-FR"},{"@type":"Organization","@id":"http:\/\/springbok-kart.com\/#organization","name":"Springbok kart","url":"http:\/\/springbok-kart.com\/","logo":{"@type":"ImageObject","inLanguage":"fr-FR","@id":"http:\/\/springbok-kart.com\/#\/schema\/logo\/image\/","url":"https:\/\/springbok-kart.com\/wp-content\/uploads\/2016\/01\/Montage-bleu_747x954.png","contentUrl":"https:\/\/springbok-kart.com\/wp-content\/uploads\/2016\/01\/Montage-bleu_747x954.png","width":747,"height":954,"caption":"Springbok kart"},"image":{"@id":"http:\/\/springbok-kart.com\/#\/schema\/logo\/image\/"}}]}},"_links":{"self":[{"href":"http:\/\/springbok-kart.com\/index.php?rest_route=\/wp\/v2\/product\/2604","targetHints":{"allow":["GET"]}}],"collection":[{"href":"http:\/\/springbok-kart.com\/index.php?rest_route=\/wp\/v2\/product"}],"about":[{"href":"http:\/\/springbok-kart.com\/index.php?rest_route=\/wp\/v2\/types\/product"}],"replies":[{"embeddable":true,"href":"http:\/\/springbok-kart.com\/index.php?rest_route=%2Fwp%2Fv2%2Fcomments&post=2604"}],"wp:featuredmedia":[{"embeddable":true,"href":"http:\/\/springbok-kart.com\/index.php?rest_route=\/wp\/v2\/media\/2605"}],"wp:attachment":[{"href":"http:\/\/springbok-kart.com\/index.php?rest_route=%2Fwp%2Fv2%2Fmedia&parent=2604"}],"wp:term":[{"taxonomy":"product_brand","embeddable":true,"href":"http:\/\/springbok-kart.com\/index.php?rest_route=%2Fwp%2Fv2%2Fproduct_brand&post=2604"},{"taxonomy":"product_cat","embeddable":true,"href":"http:\/\/springbok-kart.com\/index.php?rest_route=%2Fwp%2Fv2%2Fproduct_cat&post=2604"},{"taxonomy":"product_tag","embeddable":true,"href":"http:\/\/springbok-kart.com\/index.php?rest_route=%2Fwp%2Fv2%2Fproduct_tag&post=2604"}],"curies":[{"name":"wp","href":"https:\/\/api.w.org\/{rel}","templated":true}]}}