{"id":2797,"date":"2021-05-17T08:03:56","date_gmt":"2021-05-17T07:03:56","guid":{"rendered":"http:\/\/springbok-kart.com\/?post_type=product&#038;p=2797"},"modified":"2025-11-26T08:43:59","modified_gmt":"2025-11-26T07:43:59","slug":"kit-pour-banc-a-frein-sp1-v5","status":"publish","type":"product","link":"http:\/\/springbok-kart.com\/?product=kit-pour-banc-a-frein-sp1-v5","title":{"rendered":"Kit pour banc \u00e0 frein SP1+ V5"},"content":{"rendered":"<p><span class=\"notranslate\">Le contr\u00f4leur Dyno SP1+ V5 est fournit avec tout le mat\u00e9riel et les logiciels n\u00e9cessaires \u00e0 la commande d&rsquo;un banc d&rsquo;essai de moteur frein\u00e9.<br \/>\n<\/span><\/p>\n<p><span class=\"notranslate\"> Le SP1+ V5 est un contr\u00f4leur de vitesse \u00e0 boucle ferm\u00e9e dans sa version \u00e9conomique. <\/span><\/p>\n<p>Le kit comprend:<\/p>\n<p>&nbsp;<\/p>\n<ul>\n<li><span class=\"notranslate\">1 unit\u00e9 d&rsquo;acquisition de donn\u00e9es SP1+ V5 avec <\/span><span class=\"goog-text-highlight\">un convertisseur de cellule de charge (en interne 24 bits). Utilisation en mode <\/span>frein ou inertie.<\/li>\n<li><span class=\"\">Le kit comprend un driver PWS3.3 jusqu&rsquo;\u00e0 40A et une cellule de charge afin de fournir une solution compl\u00e8te \u00e0 faible co\u00fbt pour les bancs moteur ou bancs \u00e0 rouleaux<br \/>\n<\/span><\/li>\n<li><span class=\"notranslate\"> 1 x capteur Hall, pour la vitesse du rouleau\u00a0 ou du frein<\/span><\/li>\n<li><span class=\"notranslate\"> 1 x serre-c\u00e2bles capacitifs et inductifs, pour r\u00e9gime moteur<\/span><\/li>\n<\/ul>\n<p>Voir d\u00e9tail d&rsquo;installation sur le site <a href=\"https:\/\/www.sportdevices.com\/sp1_plus.php\">SportDevices<\/a><\/p>\n<p>&nbsp;<\/p>\n<p>&nbsp;<\/p>\n","protected":false},"excerpt":{"rendered":"<p>Le contr\u00f4leur SP1+ V5 est la version \u00e9conomique pour la construction ou la remise \u00e0 niveau d&rsquo;un banc frein\u00e9.<\/p>\n<p>&nbsp; <a href=\"http:\/\/springbok-kart.com\/?product=kit-pour-banc-a-frein-sp1-v5\">Continuer la lecture <span class=\"meta-nav\">&rarr;<\/span><\/a><\/p>\n","protected":false},"featured_media":3122,"comment_status":"open","ping_status":"closed","template":"","meta":{"sfsi_plus_gutenberg_text_before_share":"","sfsi_plus_gutenberg_show_text_before_share":"","sfsi_plus_gutenberg_icon_type":"","sfsi_plus_gutenberg_icon_alignemt":"","sfsi_plus_gutenburg_max_per_row":"","_monsterinsights_skip_tracking":false,"_monsterinsights_sitenote_active":false,"_monsterinsights_sitenote_note":"","_monsterinsights_sitenote_category":0},"product_brand":[],"product_cat":[66],"product_tag":[74],"class_list":{"0":"post-2797","1":"product","2":"type-product","3":"status-publish","4":"has-post-thumbnail","6":"product_cat-dac","7":"product_tag-nouveau","9":"first","10":"instock","11":"featured","12":"taxable","13":"shipping-taxable","14":"purchasable","15":"product-type-simple"},"yoast_head":"<!-- This site is optimized with the Yoast SEO plugin v27.5 - https:\/\/yoast.com\/product\/yoast-seo-wordpress\/ -->\n<title>Kit pour banc \u00e0 frein SP1+ V5 - Springbok kart<\/title>\n<meta name=\"robots\" content=\"index, follow, max-snippet:-1, max-image-preview:large, max-video-preview:-1\" \/>\n<link rel=\"canonical\" href=\"http:\/\/springbok-kart.com\/?product=kit-pour-banc-a-frein-sp1-v5\" \/>\n<meta property=\"og:locale\" content=\"fr_FR\" \/>\n<meta property=\"og:type\" content=\"article\" \/>\n<meta property=\"og:title\" content=\"Kit pour banc \u00e0 frein SP1+ V5 - Springbok kart\" \/>\n<meta property=\"og:description\" content=\"Le contr\u00f4leur SP1+ V5 est la version \u00e9conomique pour la construction ou la remise \u00e0 niveau d&#039;un banc frein\u00e9.  &nbsp; Continuer la lecture &rarr;\" \/>\n<meta property=\"og:url\" content=\"http:\/\/springbok-kart.com\/?product=kit-pour-banc-a-frein-sp1-v5\" \/>\n<meta property=\"og:site_name\" content=\"Springbok kart\" \/>\n<meta property=\"article:modified_time\" content=\"2025-11-26T07:43:59+00:00\" \/>\n<meta property=\"og:image\" content=\"http:\/\/springbok-kart.com\/wp-content\/uploads\/2021\/05\/SP1-V5.jpg\" \/>\n\t<meta property=\"og:image:width\" content=\"2048\" \/>\n\t<meta property=\"og:image:height\" content=\"1350\" \/>\n\t<meta property=\"og:image:type\" content=\"image\/jpeg\" \/>\n<meta name=\"twitter:card\" content=\"summary_large_image\" \/>\n<meta name=\"twitter:label1\" content=\"Dur\u00e9e de lecture estim\u00e9e\" \/>\n\t<meta name=\"twitter:data1\" content=\"1 minute\" \/>\n<script type=\"application\/ld+json\" class=\"yoast-schema-graph\">{\"@context\":\"https:\\\/\\\/schema.org\",\"@graph\":[{\"@type\":\"WebPage\",\"@id\":\"http:\\\/\\\/springbok-kart.com\\\/?product=kit-pour-banc-a-frein-sp1-v5\",\"url\":\"http:\\\/\\\/springbok-kart.com\\\/?product=kit-pour-banc-a-frein-sp1-v5\",\"name\":\"Kit pour banc \u00e0 frein SP1+ V5 - Springbok kart\",\"isPartOf\":{\"@id\":\"http:\\\/\\\/springbok-kart.com\\\/#website\"},\"primaryImageOfPage\":{\"@id\":\"http:\\\/\\\/springbok-kart.com\\\/?product=kit-pour-banc-a-frein-sp1-v5#primaryimage\"},\"image\":{\"@id\":\"http:\\\/\\\/springbok-kart.com\\\/?product=kit-pour-banc-a-frein-sp1-v5#primaryimage\"},\"thumbnailUrl\":\"http:\\\/\\\/springbok-kart.com\\\/wp-content\\\/uploads\\\/2021\\\/05\\\/SP1-V5.jpg\",\"datePublished\":\"2021-05-17T07:03:56+00:00\",\"dateModified\":\"2025-11-26T07:43:59+00:00\",\"breadcrumb\":{\"@id\":\"http:\\\/\\\/springbok-kart.com\\\/?product=kit-pour-banc-a-frein-sp1-v5#breadcrumb\"},\"inLanguage\":\"fr-FR\",\"potentialAction\":[{\"@type\":\"ReadAction\",\"target\":[\"http:\\\/\\\/springbok-kart.com\\\/?product=kit-pour-banc-a-frein-sp1-v5\"]}]},{\"@type\":\"ImageObject\",\"inLanguage\":\"fr-FR\",\"@id\":\"http:\\\/\\\/springbok-kart.com\\\/?product=kit-pour-banc-a-frein-sp1-v5#primaryimage\",\"url\":\"http:\\\/\\\/springbok-kart.com\\\/wp-content\\\/uploads\\\/2021\\\/05\\\/SP1-V5.jpg\",\"contentUrl\":\"http:\\\/\\\/springbok-kart.com\\\/wp-content\\\/uploads\\\/2021\\\/05\\\/SP1-V5.jpg\",\"width\":2048,\"height\":1350},{\"@type\":\"BreadcrumbList\",\"@id\":\"http:\\\/\\\/springbok-kart.com\\\/?product=kit-pour-banc-a-frein-sp1-v5#breadcrumb\",\"itemListElement\":[{\"@type\":\"ListItem\",\"position\":1,\"name\":\"Accueil\",\"item\":\"http:\\\/\\\/springbok-kart.com\\\/\"},{\"@type\":\"ListItem\",\"position\":2,\"name\":\"Achat de composants pour votre banc de puissance\",\"item\":\"https:\\\/\\\/springbok-kart.com\\\/?page_id=2437\"},{\"@type\":\"ListItem\",\"position\":3,\"name\":\"Kit pour banc \u00e0 frein SP1+ V5\"}]},{\"@type\":\"WebSite\",\"@id\":\"http:\\\/\\\/springbok-kart.com\\\/#website\",\"url\":\"http:\\\/\\\/springbok-kart.com\\\/\",\"name\":\"Springbok kart\",\"description\":\"\",\"publisher\":{\"@id\":\"http:\\\/\\\/springbok-kart.com\\\/#organization\"},\"potentialAction\":[{\"@type\":\"SearchAction\",\"target\":{\"@type\":\"EntryPoint\",\"urlTemplate\":\"http:\\\/\\\/springbok-kart.com\\\/?s={search_term_string}\"},\"query-input\":{\"@type\":\"PropertyValueSpecification\",\"valueRequired\":true,\"valueName\":\"search_term_string\"}}],\"inLanguage\":\"fr-FR\"},{\"@type\":\"Organization\",\"@id\":\"http:\\\/\\\/springbok-kart.com\\\/#organization\",\"name\":\"Springbok kart\",\"url\":\"http:\\\/\\\/springbok-kart.com\\\/\",\"logo\":{\"@type\":\"ImageObject\",\"inLanguage\":\"fr-FR\",\"@id\":\"http:\\\/\\\/springbok-kart.com\\\/#\\\/schema\\\/logo\\\/image\\\/\",\"url\":\"https:\\\/\\\/springbok-kart.com\\\/wp-content\\\/uploads\\\/2016\\\/01\\\/Montage-bleu_747x954.png\",\"contentUrl\":\"https:\\\/\\\/springbok-kart.com\\\/wp-content\\\/uploads\\\/2016\\\/01\\\/Montage-bleu_747x954.png\",\"width\":747,\"height\":954,\"caption\":\"Springbok kart\"},\"image\":{\"@id\":\"http:\\\/\\\/springbok-kart.com\\\/#\\\/schema\\\/logo\\\/image\\\/\"}}]}<\/script>\n<!-- \/ Yoast SEO plugin. -->","yoast_head_json":{"title":"Kit pour banc \u00e0 frein SP1+ V5 - Springbok kart","robots":{"index":"index","follow":"follow","max-snippet":"max-snippet:-1","max-image-preview":"max-image-preview:large","max-video-preview":"max-video-preview:-1"},"canonical":"http:\/\/springbok-kart.com\/?product=kit-pour-banc-a-frein-sp1-v5","og_locale":"fr_FR","og_type":"article","og_title":"Kit pour banc \u00e0 frein SP1+ V5 - Springbok kart","og_description":"Le contr\u00f4leur SP1+ V5 est la version \u00e9conomique pour la construction ou la remise \u00e0 niveau d'un banc frein\u00e9.  &nbsp; Continuer la lecture &rarr;","og_url":"http:\/\/springbok-kart.com\/?product=kit-pour-banc-a-frein-sp1-v5","og_site_name":"Springbok kart","article_modified_time":"2025-11-26T07:43:59+00:00","og_image":[{"width":2048,"height":1350,"url":"http:\/\/springbok-kart.com\/wp-content\/uploads\/2021\/05\/SP1-V5.jpg","type":"image\/jpeg"}],"twitter_card":"summary_large_image","twitter_misc":{"Dur\u00e9e de lecture estim\u00e9e":"1 minute"},"schema":{"@context":"https:\/\/schema.org","@graph":[{"@type":"WebPage","@id":"http:\/\/springbok-kart.com\/?product=kit-pour-banc-a-frein-sp1-v5","url":"http:\/\/springbok-kart.com\/?product=kit-pour-banc-a-frein-sp1-v5","name":"Kit pour banc \u00e0 frein SP1+ V5 - Springbok kart","isPartOf":{"@id":"http:\/\/springbok-kart.com\/#website"},"primaryImageOfPage":{"@id":"http:\/\/springbok-kart.com\/?product=kit-pour-banc-a-frein-sp1-v5#primaryimage"},"image":{"@id":"http:\/\/springbok-kart.com\/?product=kit-pour-banc-a-frein-sp1-v5#primaryimage"},"thumbnailUrl":"http:\/\/springbok-kart.com\/wp-content\/uploads\/2021\/05\/SP1-V5.jpg","datePublished":"2021-05-17T07:03:56+00:00","dateModified":"2025-11-26T07:43:59+00:00","breadcrumb":{"@id":"http:\/\/springbok-kart.com\/?product=kit-pour-banc-a-frein-sp1-v5#breadcrumb"},"inLanguage":"fr-FR","potentialAction":[{"@type":"ReadAction","target":["http:\/\/springbok-kart.com\/?product=kit-pour-banc-a-frein-sp1-v5"]}]},{"@type":"ImageObject","inLanguage":"fr-FR","@id":"http:\/\/springbok-kart.com\/?product=kit-pour-banc-a-frein-sp1-v5#primaryimage","url":"http:\/\/springbok-kart.com\/wp-content\/uploads\/2021\/05\/SP1-V5.jpg","contentUrl":"http:\/\/springbok-kart.com\/wp-content\/uploads\/2021\/05\/SP1-V5.jpg","width":2048,"height":1350},{"@type":"BreadcrumbList","@id":"http:\/\/springbok-kart.com\/?product=kit-pour-banc-a-frein-sp1-v5#breadcrumb","itemListElement":[{"@type":"ListItem","position":1,"name":"Accueil","item":"http:\/\/springbok-kart.com\/"},{"@type":"ListItem","position":2,"name":"Achat de composants pour votre banc de puissance","item":"https:\/\/springbok-kart.com\/?page_id=2437"},{"@type":"ListItem","position":3,"name":"Kit pour banc \u00e0 frein SP1+ V5"}]},{"@type":"WebSite","@id":"http:\/\/springbok-kart.com\/#website","url":"http:\/\/springbok-kart.com\/","name":"Springbok kart","description":"","publisher":{"@id":"http:\/\/springbok-kart.com\/#organization"},"potentialAction":[{"@type":"SearchAction","target":{"@type":"EntryPoint","urlTemplate":"http:\/\/springbok-kart.com\/?s={search_term_string}"},"query-input":{"@type":"PropertyValueSpecification","valueRequired":true,"valueName":"search_term_string"}}],"inLanguage":"fr-FR"},{"@type":"Organization","@id":"http:\/\/springbok-kart.com\/#organization","name":"Springbok kart","url":"http:\/\/springbok-kart.com\/","logo":{"@type":"ImageObject","inLanguage":"fr-FR","@id":"http:\/\/springbok-kart.com\/#\/schema\/logo\/image\/","url":"https:\/\/springbok-kart.com\/wp-content\/uploads\/2016\/01\/Montage-bleu_747x954.png","contentUrl":"https:\/\/springbok-kart.com\/wp-content\/uploads\/2016\/01\/Montage-bleu_747x954.png","width":747,"height":954,"caption":"Springbok kart"},"image":{"@id":"http:\/\/springbok-kart.com\/#\/schema\/logo\/image\/"}}]}},"_links":{"self":[{"href":"http:\/\/springbok-kart.com\/index.php?rest_route=\/wp\/v2\/product\/2797","targetHints":{"allow":["GET"]}}],"collection":[{"href":"http:\/\/springbok-kart.com\/index.php?rest_route=\/wp\/v2\/product"}],"about":[{"href":"http:\/\/springbok-kart.com\/index.php?rest_route=\/wp\/v2\/types\/product"}],"replies":[{"embeddable":true,"href":"http:\/\/springbok-kart.com\/index.php?rest_route=%2Fwp%2Fv2%2Fcomments&post=2797"}],"wp:featuredmedia":[{"embeddable":true,"href":"http:\/\/springbok-kart.com\/index.php?rest_route=\/wp\/v2\/media\/3122"}],"wp:attachment":[{"href":"http:\/\/springbok-kart.com\/index.php?rest_route=%2Fwp%2Fv2%2Fmedia&parent=2797"}],"wp:term":[{"taxonomy":"product_brand","embeddable":true,"href":"http:\/\/springbok-kart.com\/index.php?rest_route=%2Fwp%2Fv2%2Fproduct_brand&post=2797"},{"taxonomy":"product_cat","embeddable":true,"href":"http:\/\/springbok-kart.com\/index.php?rest_route=%2Fwp%2Fv2%2Fproduct_cat&post=2797"},{"taxonomy":"product_tag","embeddable":true,"href":"http:\/\/springbok-kart.com\/index.php?rest_route=%2Fwp%2Fv2%2Fproduct_tag&post=2797"}],"curies":[{"name":"wp","href":"https:\/\/api.w.org\/{rel}","templated":true}]}}