{"id":3023,"date":"2024-03-04T15:08:26","date_gmt":"2024-03-04T14:08:26","guid":{"rendered":"https:\/\/springbok-kart.com\/?post_type=product&#038;p=3023"},"modified":"2025-11-26T08:33:24","modified_gmt":"2025-11-26T07:33:24","slug":"controleur-sonde-lambda-bosch-lsu4-9","status":"publish","type":"product","link":"http:\/\/springbok-kart.com\/?product=controleur-sonde-lambda-bosch-lsu4-9","title":{"rendered":"Contr\u00f4leur + sonde Lambda Bosch LSU4.9"},"content":{"rendered":"<p>Fourni avec connecteur d&rsquo;entr\u00e9e analogique SportDevices pour DAC SP1\/SP5, \u00e9galement adapt\u00e9 \u00e0 tout syst\u00e8me d&rsquo;acquisition de donn\u00e9es (enregistrement de donn\u00e9es 2D, AIM\u2026). Il comprend un c\u00e2ble signal + 12 V de 8 m\u00e8tres pour faciliter la connexion aux unit\u00e9s SPx.<\/p>\n<p>Attention la sonde doit \u00eatre aliment\u00e9e depuis une source 12V de 1,5 Amp externe qui est incluse maintenant dans le Kit (Transformateur + cable)<\/p>\n<p><strong>Caract\u00e9ristiques:<\/strong><\/p>\n<ul>\n<li>Rapport air\/carburant pr\u00e9cis &lt;0,1, r\u00e9action rapide<\/li>\n<li>Sortie analogique LIN\u00c9AIRE large bande (0-5 V)<\/li>\n<li>Circuit de d\u00e9marrage progressif du capteur, prolonge la dur\u00e9e de vie du capteur O2.<\/li>\n<li>Conception compacte et professionnelle<\/li>\n<li>Sonde Type Bosch LSU4.9<\/li>\n<li>Pr\u00e9cision +\/- 0,7%<\/li>\n<li>Limite de temp\u00e9rature d&rsquo;\u00e9chappement 1030 C<\/li>\n<li>Limite de temp\u00e9rature du c\u00e2ble et du manchon protecteur 250 C<\/li>\n<li>Montage filetage M18 X 1,5<\/li>\n<li>Dur\u00e9e de vie nominale 80 000 km pour le carburant sans plomb<\/li>\n<\/ul>\n","protected":false},"excerpt":{"rendered":"<p>Fourni avec connecteur d&rsquo;entr\u00e9e analogique SportDevices pour DAC SP1\/SP5, \u00e9galement adapt\u00e9 \u00e0 tout syst\u00e8me d&rsquo;acquisition de donn\u00e9es (enregistrement de donn\u00e9es 2D, AIM\u2026). Il comprend un c\u00e2ble signal + 12 V de 8 m\u00e8tres pour faciliter la connexion aux unit\u00e9s SPx. &hellip; <a href=\"http:\/\/springbok-kart.com\/?product=controleur-sonde-lambda-bosch-lsu4-9\">Continuer la lecture <span class=\"meta-nav\">&rarr;<\/span><\/a><\/p>\n","protected":false},"featured_media":3024,"comment_status":"open","ping_status":"closed","template":"","meta":{"sfsi_plus_gutenberg_text_before_share":"","sfsi_plus_gutenberg_show_text_before_share":"","sfsi_plus_gutenberg_icon_type":"","sfsi_plus_gutenberg_icon_alignemt":"","sfsi_plus_gutenburg_max_per_row":"","_monsterinsights_skip_tracking":false,"_monsterinsights_sitenote_active":false,"_monsterinsights_sitenote_note":"","_monsterinsights_sitenote_category":0},"product_brand":[],"product_cat":[56],"product_tag":[],"class_list":{"0":"post-3023","1":"product","2":"type-product","3":"status-publish","4":"has-post-thumbnail","6":"product_cat-interfaces-pour-banc-de-puissance","8":"first","9":"instock","10":"taxable","11":"shipping-taxable","12":"purchasable","13":"product-type-simple"},"yoast_head":"<!-- This site is optimized with the Yoast SEO plugin v27.5 - https:\/\/yoast.com\/product\/yoast-seo-wordpress\/ -->\n<title>Contr\u00f4leur + sonde Lambda Bosch LSU4.9 - Springbok kart<\/title>\n<meta name=\"robots\" content=\"index, follow, max-snippet:-1, max-image-preview:large, max-video-preview:-1\" \/>\n<link rel=\"canonical\" href=\"http:\/\/springbok-kart.com\/?product=controleur-sonde-lambda-bosch-lsu4-9\" \/>\n<meta property=\"og:locale\" content=\"fr_FR\" \/>\n<meta property=\"og:type\" content=\"article\" \/>\n<meta property=\"og:title\" content=\"Contr\u00f4leur + sonde Lambda Bosch LSU4.9 - Springbok kart\" \/>\n<meta property=\"og:description\" content=\"Fourni avec connecteur d&rsquo;entr\u00e9e analogique SportDevices pour DAC SP1\/SP5, \u00e9galement adapt\u00e9 \u00e0 tout syst\u00e8me d&rsquo;acquisition de donn\u00e9es (enregistrement de donn\u00e9es 2D, AIM\u2026). Il comprend un c\u00e2ble signal + 12 V de 8 m\u00e8tres pour faciliter la connexion aux unit\u00e9s SPx. &hellip; Continuer la lecture &rarr;\" \/>\n<meta property=\"og:url\" content=\"http:\/\/springbok-kart.com\/?product=controleur-sonde-lambda-bosch-lsu4-9\" \/>\n<meta property=\"og:site_name\" content=\"Springbok kart\" \/>\n<meta property=\"article:modified_time\" content=\"2025-11-26T07:33:24+00:00\" \/>\n<meta property=\"og:image\" content=\"http:\/\/springbok-kart.com\/wp-content\/uploads\/2024\/03\/lambda.jpg\" \/>\n\t<meta property=\"og:image:width\" content=\"2267\" \/>\n\t<meta property=\"og:image:height\" content=\"1316\" \/>\n\t<meta property=\"og:image:type\" content=\"image\/jpeg\" \/>\n<meta name=\"twitter:card\" content=\"summary_large_image\" \/>\n<meta name=\"twitter:label1\" content=\"Dur\u00e9e de lecture estim\u00e9e\" \/>\n\t<meta name=\"twitter:data1\" content=\"1 minute\" \/>\n<script type=\"application\/ld+json\" class=\"yoast-schema-graph\">{\"@context\":\"https:\\\/\\\/schema.org\",\"@graph\":[{\"@type\":\"WebPage\",\"@id\":\"http:\\\/\\\/springbok-kart.com\\\/?product=controleur-sonde-lambda-bosch-lsu4-9\",\"url\":\"http:\\\/\\\/springbok-kart.com\\\/?product=controleur-sonde-lambda-bosch-lsu4-9\",\"name\":\"Contr\u00f4leur + sonde Lambda Bosch LSU4.9 - Springbok kart\",\"isPartOf\":{\"@id\":\"http:\\\/\\\/springbok-kart.com\\\/#website\"},\"primaryImageOfPage\":{\"@id\":\"http:\\\/\\\/springbok-kart.com\\\/?product=controleur-sonde-lambda-bosch-lsu4-9#primaryimage\"},\"image\":{\"@id\":\"http:\\\/\\\/springbok-kart.com\\\/?product=controleur-sonde-lambda-bosch-lsu4-9#primaryimage\"},\"thumbnailUrl\":\"http:\\\/\\\/springbok-kart.com\\\/wp-content\\\/uploads\\\/2024\\\/03\\\/lambda.jpg\",\"datePublished\":\"2024-03-04T14:08:26+00:00\",\"dateModified\":\"2025-11-26T07:33:24+00:00\",\"breadcrumb\":{\"@id\":\"http:\\\/\\\/springbok-kart.com\\\/?product=controleur-sonde-lambda-bosch-lsu4-9#breadcrumb\"},\"inLanguage\":\"fr-FR\",\"potentialAction\":[{\"@type\":\"ReadAction\",\"target\":[\"http:\\\/\\\/springbok-kart.com\\\/?product=controleur-sonde-lambda-bosch-lsu4-9\"]}]},{\"@type\":\"ImageObject\",\"inLanguage\":\"fr-FR\",\"@id\":\"http:\\\/\\\/springbok-kart.com\\\/?product=controleur-sonde-lambda-bosch-lsu4-9#primaryimage\",\"url\":\"http:\\\/\\\/springbok-kart.com\\\/wp-content\\\/uploads\\\/2024\\\/03\\\/lambda.jpg\",\"contentUrl\":\"http:\\\/\\\/springbok-kart.com\\\/wp-content\\\/uploads\\\/2024\\\/03\\\/lambda.jpg\",\"width\":2267,\"height\":1316},{\"@type\":\"BreadcrumbList\",\"@id\":\"http:\\\/\\\/springbok-kart.com\\\/?product=controleur-sonde-lambda-bosch-lsu4-9#breadcrumb\",\"itemListElement\":[{\"@type\":\"ListItem\",\"position\":1,\"name\":\"Accueil\",\"item\":\"http:\\\/\\\/springbok-kart.com\\\/\"},{\"@type\":\"ListItem\",\"position\":2,\"name\":\"Achat de composants pour votre banc de puissance\",\"item\":\"https:\\\/\\\/springbok-kart.com\\\/?page_id=2437\"},{\"@type\":\"ListItem\",\"position\":3,\"name\":\"Contr\u00f4leur + sonde Lambda Bosch LSU4.9\"}]},{\"@type\":\"WebSite\",\"@id\":\"http:\\\/\\\/springbok-kart.com\\\/#website\",\"url\":\"http:\\\/\\\/springbok-kart.com\\\/\",\"name\":\"Springbok kart\",\"description\":\"\",\"publisher\":{\"@id\":\"http:\\\/\\\/springbok-kart.com\\\/#organization\"},\"potentialAction\":[{\"@type\":\"SearchAction\",\"target\":{\"@type\":\"EntryPoint\",\"urlTemplate\":\"http:\\\/\\\/springbok-kart.com\\\/?s={search_term_string}\"},\"query-input\":{\"@type\":\"PropertyValueSpecification\",\"valueRequired\":true,\"valueName\":\"search_term_string\"}}],\"inLanguage\":\"fr-FR\"},{\"@type\":\"Organization\",\"@id\":\"http:\\\/\\\/springbok-kart.com\\\/#organization\",\"name\":\"Springbok kart\",\"url\":\"http:\\\/\\\/springbok-kart.com\\\/\",\"logo\":{\"@type\":\"ImageObject\",\"inLanguage\":\"fr-FR\",\"@id\":\"http:\\\/\\\/springbok-kart.com\\\/#\\\/schema\\\/logo\\\/image\\\/\",\"url\":\"https:\\\/\\\/springbok-kart.com\\\/wp-content\\\/uploads\\\/2016\\\/01\\\/Montage-bleu_747x954.png\",\"contentUrl\":\"https:\\\/\\\/springbok-kart.com\\\/wp-content\\\/uploads\\\/2016\\\/01\\\/Montage-bleu_747x954.png\",\"width\":747,\"height\":954,\"caption\":\"Springbok kart\"},\"image\":{\"@id\":\"http:\\\/\\\/springbok-kart.com\\\/#\\\/schema\\\/logo\\\/image\\\/\"}}]}<\/script>\n<!-- \/ Yoast SEO plugin. -->","yoast_head_json":{"title":"Contr\u00f4leur + sonde Lambda Bosch LSU4.9 - Springbok kart","robots":{"index":"index","follow":"follow","max-snippet":"max-snippet:-1","max-image-preview":"max-image-preview:large","max-video-preview":"max-video-preview:-1"},"canonical":"http:\/\/springbok-kart.com\/?product=controleur-sonde-lambda-bosch-lsu4-9","og_locale":"fr_FR","og_type":"article","og_title":"Contr\u00f4leur + sonde Lambda Bosch LSU4.9 - Springbok kart","og_description":"Fourni avec connecteur d&rsquo;entr\u00e9e analogique SportDevices pour DAC SP1\/SP5, \u00e9galement adapt\u00e9 \u00e0 tout syst\u00e8me d&rsquo;acquisition de donn\u00e9es (enregistrement de donn\u00e9es 2D, AIM\u2026). Il comprend un c\u00e2ble signal + 12 V de 8 m\u00e8tres pour faciliter la connexion aux unit\u00e9s SPx. &hellip; Continuer la lecture &rarr;","og_url":"http:\/\/springbok-kart.com\/?product=controleur-sonde-lambda-bosch-lsu4-9","og_site_name":"Springbok kart","article_modified_time":"2025-11-26T07:33:24+00:00","og_image":[{"width":2267,"height":1316,"url":"http:\/\/springbok-kart.com\/wp-content\/uploads\/2024\/03\/lambda.jpg","type":"image\/jpeg"}],"twitter_card":"summary_large_image","twitter_misc":{"Dur\u00e9e de lecture estim\u00e9e":"1 minute"},"schema":{"@context":"https:\/\/schema.org","@graph":[{"@type":"WebPage","@id":"http:\/\/springbok-kart.com\/?product=controleur-sonde-lambda-bosch-lsu4-9","url":"http:\/\/springbok-kart.com\/?product=controleur-sonde-lambda-bosch-lsu4-9","name":"Contr\u00f4leur + sonde Lambda Bosch LSU4.9 - Springbok kart","isPartOf":{"@id":"http:\/\/springbok-kart.com\/#website"},"primaryImageOfPage":{"@id":"http:\/\/springbok-kart.com\/?product=controleur-sonde-lambda-bosch-lsu4-9#primaryimage"},"image":{"@id":"http:\/\/springbok-kart.com\/?product=controleur-sonde-lambda-bosch-lsu4-9#primaryimage"},"thumbnailUrl":"http:\/\/springbok-kart.com\/wp-content\/uploads\/2024\/03\/lambda.jpg","datePublished":"2024-03-04T14:08:26+00:00","dateModified":"2025-11-26T07:33:24+00:00","breadcrumb":{"@id":"http:\/\/springbok-kart.com\/?product=controleur-sonde-lambda-bosch-lsu4-9#breadcrumb"},"inLanguage":"fr-FR","potentialAction":[{"@type":"ReadAction","target":["http:\/\/springbok-kart.com\/?product=controleur-sonde-lambda-bosch-lsu4-9"]}]},{"@type":"ImageObject","inLanguage":"fr-FR","@id":"http:\/\/springbok-kart.com\/?product=controleur-sonde-lambda-bosch-lsu4-9#primaryimage","url":"http:\/\/springbok-kart.com\/wp-content\/uploads\/2024\/03\/lambda.jpg","contentUrl":"http:\/\/springbok-kart.com\/wp-content\/uploads\/2024\/03\/lambda.jpg","width":2267,"height":1316},{"@type":"BreadcrumbList","@id":"http:\/\/springbok-kart.com\/?product=controleur-sonde-lambda-bosch-lsu4-9#breadcrumb","itemListElement":[{"@type":"ListItem","position":1,"name":"Accueil","item":"http:\/\/springbok-kart.com\/"},{"@type":"ListItem","position":2,"name":"Achat de composants pour votre banc de puissance","item":"https:\/\/springbok-kart.com\/?page_id=2437"},{"@type":"ListItem","position":3,"name":"Contr\u00f4leur + sonde Lambda Bosch LSU4.9"}]},{"@type":"WebSite","@id":"http:\/\/springbok-kart.com\/#website","url":"http:\/\/springbok-kart.com\/","name":"Springbok kart","description":"","publisher":{"@id":"http:\/\/springbok-kart.com\/#organization"},"potentialAction":[{"@type":"SearchAction","target":{"@type":"EntryPoint","urlTemplate":"http:\/\/springbok-kart.com\/?s={search_term_string}"},"query-input":{"@type":"PropertyValueSpecification","valueRequired":true,"valueName":"search_term_string"}}],"inLanguage":"fr-FR"},{"@type":"Organization","@id":"http:\/\/springbok-kart.com\/#organization","name":"Springbok kart","url":"http:\/\/springbok-kart.com\/","logo":{"@type":"ImageObject","inLanguage":"fr-FR","@id":"http:\/\/springbok-kart.com\/#\/schema\/logo\/image\/","url":"https:\/\/springbok-kart.com\/wp-content\/uploads\/2016\/01\/Montage-bleu_747x954.png","contentUrl":"https:\/\/springbok-kart.com\/wp-content\/uploads\/2016\/01\/Montage-bleu_747x954.png","width":747,"height":954,"caption":"Springbok kart"},"image":{"@id":"http:\/\/springbok-kart.com\/#\/schema\/logo\/image\/"}}]}},"_links":{"self":[{"href":"http:\/\/springbok-kart.com\/index.php?rest_route=\/wp\/v2\/product\/3023","targetHints":{"allow":["GET"]}}],"collection":[{"href":"http:\/\/springbok-kart.com\/index.php?rest_route=\/wp\/v2\/product"}],"about":[{"href":"http:\/\/springbok-kart.com\/index.php?rest_route=\/wp\/v2\/types\/product"}],"replies":[{"embeddable":true,"href":"http:\/\/springbok-kart.com\/index.php?rest_route=%2Fwp%2Fv2%2Fcomments&post=3023"}],"wp:featuredmedia":[{"embeddable":true,"href":"http:\/\/springbok-kart.com\/index.php?rest_route=\/wp\/v2\/media\/3024"}],"wp:attachment":[{"href":"http:\/\/springbok-kart.com\/index.php?rest_route=%2Fwp%2Fv2%2Fmedia&parent=3023"}],"wp:term":[{"taxonomy":"product_brand","embeddable":true,"href":"http:\/\/springbok-kart.com\/index.php?rest_route=%2Fwp%2Fv2%2Fproduct_brand&post=3023"},{"taxonomy":"product_cat","embeddable":true,"href":"http:\/\/springbok-kart.com\/index.php?rest_route=%2Fwp%2Fv2%2Fproduct_cat&post=3023"},{"taxonomy":"product_tag","embeddable":true,"href":"http:\/\/springbok-kart.com\/index.php?rest_route=%2Fwp%2Fv2%2Fproduct_tag&post=3023"}],"curies":[{"name":"wp","href":"https:\/\/api.w.org\/{rel}","templated":true}]}}