{"id":2488,"date":"2017-01-20T12:06:48","date_gmt":"2017-01-20T11:06:48","guid":{"rendered":"http:\/\/springbok-kart.com\/?page_id=2488"},"modified":"2024-02-05T17:32:00","modified_gmt":"2024-02-05T16:32:00","slug":"photos","status":"publish","type":"page","link":"https:\/\/springbok-kart.com\/?page_id=2488","title":{"rendered":"Photos de bancs en auto-construction"},"content":{"rendered":"\n<p class=\"has-medium-font-size\"> Faites nous parvenir des photos de vos r\u00e9alisations. <\/p>\n\n\n\n<figure class=\"wp-block-image size-large\"><img loading=\"lazy\" decoding=\"async\" width=\"966\" height=\"529\" src=\"http:\/\/springbok-kart.com\/wp-content\/uploads\/2019\/12\/Springbok-kart80-1.jpg\" alt=\"\" class=\"wp-image-2743\" srcset=\"https:\/\/springbok-kart.com\/wp-content\/uploads\/2019\/12\/Springbok-kart80-1.jpg 966w, https:\/\/springbok-kart.com\/wp-content\/uploads\/2019\/12\/Springbok-kart80-1-300x164.jpg 300w, https:\/\/springbok-kart.com\/wp-content\/uploads\/2019\/12\/Springbok-kart80-1-768x421.jpg 768w, https:\/\/springbok-kart.com\/wp-content\/uploads\/2019\/12\/Springbok-kart80-1-500x274.jpg 500w\" sizes=\"auto, (max-width: 966px) 100vw, 966px\" \/><figcaption class=\"wp-element-caption\">Bruno a opt\u00e9 pour un kit SP1 pour se construire un banc \u00e0 rouleau afin de passer des motos de 40 \u00e0 150 cv<\/figcaption><\/figure>\n\n\n\n<figure class=\"wp-block-image size-large\"><img loading=\"lazy\" decoding=\"async\" width=\"1024\" height=\"769\" src=\"http:\/\/springbok-kart.com\/wp-content\/uploads\/2019\/12\/Springbok-kart82.jpg\" alt=\"\" class=\"wp-image-2744\" srcset=\"https:\/\/springbok-kart.com\/wp-content\/uploads\/2019\/12\/Springbok-kart82.jpg 1024w, https:\/\/springbok-kart.com\/wp-content\/uploads\/2019\/12\/Springbok-kart82-300x225.jpg 300w, https:\/\/springbok-kart.com\/wp-content\/uploads\/2019\/12\/Springbok-kart82-768x577.jpg 768w, https:\/\/springbok-kart.com\/wp-content\/uploads\/2019\/12\/Springbok-kart82-399x300.jpg 399w\" sizes=\"auto, (max-width: 1024px) 100vw, 1024px\" \/><\/figure>\n\n\n\n<figure class=\"wp-block-image size-large\"><img loading=\"lazy\" decoding=\"async\" width=\"1024\" height=\"769\" src=\"http:\/\/springbok-kart.com\/wp-content\/uploads\/2019\/12\/Springbok-kart81.jpg\" alt=\"\" class=\"wp-image-2745\" srcset=\"https:\/\/springbok-kart.com\/wp-content\/uploads\/2019\/12\/Springbok-kart81.jpg 1024w, https:\/\/springbok-kart.com\/wp-content\/uploads\/2019\/12\/Springbok-kart81-300x225.jpg 300w, https:\/\/springbok-kart.com\/wp-content\/uploads\/2019\/12\/Springbok-kart81-768x577.jpg 768w, https:\/\/springbok-kart.com\/wp-content\/uploads\/2019\/12\/Springbok-kart81-399x300.jpg 399w\" sizes=\"auto, (max-width: 1024px) 100vw, 1024px\" \/><figcaption class=\"wp-element-caption\">Le rouleau est un tube creux recouvert d&rsquo;une bande caoutchout\u00e9e.<br \/>Bruno a soud\u00e9 2 flasques pleines usin\u00e9es de chaque cot\u00e9 du rouleau.<\/figcaption><\/figure>\n\n\n\n<figure class=\"wp-block-image size-large\"><img loading=\"lazy\" decoding=\"async\" width=\"856\" height=\"918\" src=\"http:\/\/springbok-kart.com\/wp-content\/uploads\/2019\/12\/Springbok-kart89.jpg\" alt=\"\" class=\"wp-image-2746\" srcset=\"https:\/\/springbok-kart.com\/wp-content\/uploads\/2019\/12\/Springbok-kart89.jpg 856w, https:\/\/springbok-kart.com\/wp-content\/uploads\/2019\/12\/Springbok-kart89-300x322.jpg 300w, https:\/\/springbok-kart.com\/wp-content\/uploads\/2019\/12\/Springbok-kart89-280x300.jpg 280w, https:\/\/springbok-kart.com\/wp-content\/uploads\/2019\/12\/Springbok-kart89-768x824.jpg 768w\" sizes=\"auto, (max-width: 856px) 100vw, 856px\" \/><figcaption class=\"wp-element-caption\">Une des 2 flasques usin\u00e9e  <\/figcaption><\/figure>\n\n\n\n<figure class=\"wp-block-image size-large\"><img loading=\"lazy\" decoding=\"async\" width=\"1024\" height=\"769\" src=\"http:\/\/springbok-kart.com\/wp-content\/uploads\/2019\/12\/Springbok-kart83.jpg\" alt=\"\" class=\"wp-image-2747\" srcset=\"https:\/\/springbok-kart.com\/wp-content\/uploads\/2019\/12\/Springbok-kart83.jpg 1024w, https:\/\/springbok-kart.com\/wp-content\/uploads\/2019\/12\/Springbok-kart83-300x225.jpg 300w, https:\/\/springbok-kart.com\/wp-content\/uploads\/2019\/12\/Springbok-kart83-768x577.jpg 768w, https:\/\/springbok-kart.com\/wp-content\/uploads\/2019\/12\/Springbok-kart83-399x300.jpg 399w\" sizes=\"auto, (max-width: 1024px) 100vw, 1024px\" \/><figcaption class=\"wp-element-caption\">Le banc est \u00e9quip\u00e9 d&rsquo;un d\u00e9marreur \u00e9lectrique<\/figcaption><\/figure>\n\n\n\n<figure class=\"wp-block-image size-large\"><img loading=\"lazy\" decoding=\"async\" width=\"769\" height=\"1024\" src=\"http:\/\/springbok-kart.com\/wp-content\/uploads\/2019\/12\/Springbok-kart90-769x1024.jpg\" alt=\"\" class=\"wp-image-2748\" srcset=\"https:\/\/springbok-kart.com\/wp-content\/uploads\/2019\/12\/Springbok-kart90-769x1024.jpg 769w, https:\/\/springbok-kart.com\/wp-content\/uploads\/2019\/12\/Springbok-kart90-300x400.jpg 300w, https:\/\/springbok-kart.com\/wp-content\/uploads\/2019\/12\/Springbok-kart90-225x300.jpg 225w, https:\/\/springbok-kart.com\/wp-content\/uploads\/2019\/12\/Springbok-kart90-768x1023.jpg 768w, https:\/\/springbok-kart.com\/wp-content\/uploads\/2019\/12\/Springbok-kart90.jpg 1024w\" sizes=\"auto, (max-width: 769px) 100vw, 769px\" \/><figcaption class=\"wp-element-caption\">Le capteur du kit SP1 devant une roue dent\u00e9e<\/figcaption><\/figure>\n\n\n<p>Faites nous parvenir des photos de vos r\u00e9alisations.<\/p>\n<p><a href=\"http:\/\/springbok-kart.com\/wp-content\/uploads\/2017\/01\/20171109_120830_1510226498607.jpeg\"><img loading=\"lazy\" decoding=\"async\" class=\"alignright size-full wp-image-2575\" src=\"http:\/\/springbok-kart.com\/wp-content\/uploads\/2017\/01\/20171109_120830_1510226498607.jpeg\" alt=\"\" width=\"1280\" height=\"720\" srcset=\"https:\/\/springbok-kart.com\/wp-content\/uploads\/2017\/01\/20171109_120830_1510226498607.jpeg 1280w, https:\/\/springbok-kart.com\/wp-content\/uploads\/2017\/01\/20171109_120830_1510226498607-300x169.jpeg 300w, https:\/\/springbok-kart.com\/wp-content\/uploads\/2017\/01\/20171109_120830_1510226498607-768x432.jpeg 768w, https:\/\/springbok-kart.com\/wp-content\/uploads\/2017\/01\/20171109_120830_1510226498607-1024x576.jpeg 1024w, https:\/\/springbok-kart.com\/wp-content\/uploads\/2017\/01\/20171109_120830_1510226498607-180x101.jpeg 180w, https:\/\/springbok-kart.com\/wp-content\/uploads\/2017\/01\/20171109_120830_1510226498607-600x338.jpeg 600w, https:\/\/springbok-kart.com\/wp-content\/uploads\/2017\/01\/20171109_120830_1510226498607-500x281.jpeg 500w\" sizes=\"auto, (max-width: 1280px) 100vw, 1280px\" \/><\/a> <a href=\"http:\/\/springbok-kart.com\/wp-content\/uploads\/2017\/01\/20171109_120859_1510226498902.jpeg\"><img loading=\"lazy\" decoding=\"async\" class=\"alignright size-full wp-image-2576\" src=\"http:\/\/springbok-kart.com\/wp-content\/uploads\/2017\/01\/20171109_120859_1510226498902.jpeg\" alt=\"\" width=\"1280\" height=\"720\" srcset=\"https:\/\/springbok-kart.com\/wp-content\/uploads\/2017\/01\/20171109_120859_1510226498902.jpeg 1280w, https:\/\/springbok-kart.com\/wp-content\/uploads\/2017\/01\/20171109_120859_1510226498902-300x169.jpeg 300w, https:\/\/springbok-kart.com\/wp-content\/uploads\/2017\/01\/20171109_120859_1510226498902-768x432.jpeg 768w, https:\/\/springbok-kart.com\/wp-content\/uploads\/2017\/01\/20171109_120859_1510226498902-1024x576.jpeg 1024w, https:\/\/springbok-kart.com\/wp-content\/uploads\/2017\/01\/20171109_120859_1510226498902-180x101.jpeg 180w, https:\/\/springbok-kart.com\/wp-content\/uploads\/2017\/01\/20171109_120859_1510226498902-600x338.jpeg 600w, https:\/\/springbok-kart.com\/wp-content\/uploads\/2017\/01\/20171109_120859_1510226498902-500x281.jpeg 500w\" sizes=\"auto, (max-width: 1280px) 100vw, 1280px\" \/><\/a> <a href=\"http:\/\/springbok-kart.com\/wp-content\/uploads\/2017\/01\/20171109_120929_1510226498997.jpeg\"><img loading=\"lazy\" decoding=\"async\" class=\"alignright size-full wp-image-2577\" src=\"http:\/\/springbok-kart.com\/wp-content\/uploads\/2017\/01\/20171109_120929_1510226498997.jpeg\" alt=\"\" width=\"1280\" height=\"720\" srcset=\"https:\/\/springbok-kart.com\/wp-content\/uploads\/2017\/01\/20171109_120929_1510226498997.jpeg 1280w, https:\/\/springbok-kart.com\/wp-content\/uploads\/2017\/01\/20171109_120929_1510226498997-300x169.jpeg 300w, https:\/\/springbok-kart.com\/wp-content\/uploads\/2017\/01\/20171109_120929_1510226498997-768x432.jpeg 768w, https:\/\/springbok-kart.com\/wp-content\/uploads\/2017\/01\/20171109_120929_1510226498997-1024x576.jpeg 1024w, https:\/\/springbok-kart.com\/wp-content\/uploads\/2017\/01\/20171109_120929_1510226498997-600x338.jpeg 600w, https:\/\/springbok-kart.com\/wp-content\/uploads\/2017\/01\/20171109_120929_1510226498997-500x281.jpeg 500w\" sizes=\"auto, (max-width: 1280px) 100vw, 1280px\" \/><\/a><\/p>\n<p><a href=\"http:\/\/springbok-kart.com\/wp-content\/uploads\/2017\/01\/Springbok-kart22.jpg\"><img loading=\"lazy\" decoding=\"async\" class=\"alignright size-full wp-image-2490\" src=\"http:\/\/springbok-kart.com\/wp-content\/uploads\/2017\/01\/Springbok-kart22.jpg\" alt=\"\" width=\"1024\" height=\"1820\" srcset=\"https:\/\/springbok-kart.com\/wp-content\/uploads\/2017\/01\/Springbok-kart22.jpg 1024w, https:\/\/springbok-kart.com\/wp-content\/uploads\/2017\/01\/Springbok-kart22-300x533.jpg 300w, https:\/\/springbok-kart.com\/wp-content\/uploads\/2017\/01\/Springbok-kart22-169x300.jpg 169w, https:\/\/springbok-kart.com\/wp-content\/uploads\/2017\/01\/Springbok-kart22-768x1365.jpg 768w, https:\/\/springbok-kart.com\/wp-content\/uploads\/2017\/01\/Springbok-kart22-576x1024.jpg 576w\" sizes=\"auto, (max-width: 1024px) 100vw, 1024px\" \/><\/a> <a href=\"http:\/\/springbok-kart.com\/wp-content\/uploads\/2017\/01\/Springbok-kart23.jpg\"><img loading=\"lazy\" decoding=\"async\" class=\"alignright size-full wp-image-2491\" src=\"http:\/\/springbok-kart.com\/wp-content\/uploads\/2017\/01\/Springbok-kart23.jpg\" alt=\"\" width=\"1024\" height=\"1820\" srcset=\"https:\/\/springbok-kart.com\/wp-content\/uploads\/2017\/01\/Springbok-kart23.jpg 1024w, https:\/\/springbok-kart.com\/wp-content\/uploads\/2017\/01\/Springbok-kart23-300x533.jpg 300w, https:\/\/springbok-kart.com\/wp-content\/uploads\/2017\/01\/Springbok-kart23-169x300.jpg 169w, https:\/\/springbok-kart.com\/wp-content\/uploads\/2017\/01\/Springbok-kart23-768x1365.jpg 768w, https:\/\/springbok-kart.com\/wp-content\/uploads\/2017\/01\/Springbok-kart23-576x1024.jpg 576w\" sizes=\"auto, (max-width: 1024px) 100vw, 1024px\" \/><\/a> <a href=\"http:\/\/springbok-kart.com\/wp-content\/uploads\/2017\/01\/Springbok-kart24.jpg\"><img loading=\"lazy\" decoding=\"async\" class=\"alignright size-full wp-image-2492\" src=\"http:\/\/springbok-kart.com\/wp-content\/uploads\/2017\/01\/Springbok-kart24.jpg\" alt=\"\" width=\"1024\" height=\"576\" srcset=\"https:\/\/springbok-kart.com\/wp-content\/uploads\/2017\/01\/Springbok-kart24.jpg 1024w, https:\/\/springbok-kart.com\/wp-content\/uploads\/2017\/01\/Springbok-kart24-300x169.jpg 300w, https:\/\/springbok-kart.com\/wp-content\/uploads\/2017\/01\/Springbok-kart24-768x432.jpg 768w, https:\/\/springbok-kart.com\/wp-content\/uploads\/2017\/01\/Springbok-kart24-500x281.jpg 500w\" sizes=\"auto, (max-width: 1024px) 100vw, 1024px\" \/><\/a><\/p>","protected":false},"excerpt":{"rendered":"<p>Faites nous parvenir des photos de vos r\u00e9alisations. Faites nous parvenir des photos de vos r\u00e9alisations.<\/p>\n","protected":false},"author":1,"featured_media":0,"parent":0,"menu_order":0,"comment_status":"closed","ping_status":"closed","template":"showcase.php","meta":{"sfsi_plus_gutenberg_text_before_share":"","sfsi_plus_gutenberg_show_text_before_share":"","sfsi_plus_gutenberg_icon_type":"","sfsi_plus_gutenberg_icon_alignemt":"","sfsi_plus_gutenburg_max_per_row":"","_monsterinsights_skip_tracking":false,"_monsterinsights_sitenote_active":false,"_monsterinsights_sitenote_note":"","_monsterinsights_sitenote_category":0,"footnotes":""},"class_list":["post-2488","page","type-page","status-publish","hentry"],"yoast_head":"<!-- This site is optimized with the Yoast SEO plugin v27.5 - https:\/\/yoast.com\/product\/yoast-seo-wordpress\/ -->\n<title>Photos de bancs en auto-construction - Springbok kart<\/title>\n<meta name=\"robots\" content=\"index, follow, max-snippet:-1, max-image-preview:large, max-video-preview:-1\" \/>\n<link rel=\"canonical\" href=\"http:\/\/springbok-kart.com\/?page_id=2488\" \/>\n<meta property=\"og:locale\" content=\"fr_FR\" \/>\n<meta property=\"og:type\" content=\"article\" \/>\n<meta property=\"og:title\" content=\"Photos de bancs en auto-construction - Springbok kart\" \/>\n<meta property=\"og:description\" content=\"Faites nous parvenir des photos de vos r\u00e9alisations. Faites nous parvenir des photos de vos r\u00e9alisations.\" \/>\n<meta property=\"og:url\" content=\"http:\/\/springbok-kart.com\/?page_id=2488\" \/>\n<meta property=\"og:site_name\" content=\"Springbok kart\" \/>\n<meta property=\"article:modified_time\" content=\"2024-02-05T16:32:00+00:00\" \/>\n<meta property=\"og:image\" content=\"http:\/\/springbok-kart.com\/wp-content\/uploads\/2019\/12\/Springbok-kart80-1.jpg\" \/>\n<meta name=\"twitter:card\" content=\"summary_large_image\" \/>\n<meta name=\"twitter:label1\" content=\"Dur\u00e9e de lecture estim\u00e9e\" \/>\n\t<meta name=\"twitter:data1\" content=\"3 minutes\" \/>\n<script type=\"application\/ld+json\" class=\"yoast-schema-graph\">{\"@context\":\"https:\\\/\\\/schema.org\",\"@graph\":[{\"@type\":\"WebPage\",\"@id\":\"http:\\\/\\\/springbok-kart.com\\\/?page_id=2488\",\"url\":\"http:\\\/\\\/springbok-kart.com\\\/?page_id=2488\",\"name\":\"Photos de bancs en auto-construction - Springbok kart\",\"isPartOf\":{\"@id\":\"http:\\\/\\\/springbok-kart.com\\\/#website\"},\"primaryImageOfPage\":{\"@id\":\"http:\\\/\\\/springbok-kart.com\\\/?page_id=2488#primaryimage\"},\"image\":{\"@id\":\"http:\\\/\\\/springbok-kart.com\\\/?page_id=2488#primaryimage\"},\"thumbnailUrl\":\"http:\\\/\\\/springbok-kart.com\\\/wp-content\\\/uploads\\\/2019\\\/12\\\/Springbok-kart80-1.jpg\",\"datePublished\":\"2017-01-20T11:06:48+00:00\",\"dateModified\":\"2024-02-05T16:32:00+00:00\",\"breadcrumb\":{\"@id\":\"http:\\\/\\\/springbok-kart.com\\\/?page_id=2488#breadcrumb\"},\"inLanguage\":\"fr-FR\",\"potentialAction\":[{\"@type\":\"ReadAction\",\"target\":[\"http:\\\/\\\/springbok-kart.com\\\/?page_id=2488\"]}]},{\"@type\":\"ImageObject\",\"inLanguage\":\"fr-FR\",\"@id\":\"http:\\\/\\\/springbok-kart.com\\\/?page_id=2488#primaryimage\",\"url\":\"https:\\\/\\\/springbok-kart.com\\\/wp-content\\\/uploads\\\/2019\\\/12\\\/Springbok-kart80-1.jpg\",\"contentUrl\":\"https:\\\/\\\/springbok-kart.com\\\/wp-content\\\/uploads\\\/2019\\\/12\\\/Springbok-kart80-1.jpg\",\"width\":966,\"height\":529},{\"@type\":\"BreadcrumbList\",\"@id\":\"http:\\\/\\\/springbok-kart.com\\\/?page_id=2488#breadcrumb\",\"itemListElement\":[{\"@type\":\"ListItem\",\"position\":1,\"name\":\"Accueil\",\"item\":\"http:\\\/\\\/springbok-kart.com\\\/\"},{\"@type\":\"ListItem\",\"position\":2,\"name\":\"Photos de bancs en auto-construction\"}]},{\"@type\":\"WebSite\",\"@id\":\"http:\\\/\\\/springbok-kart.com\\\/#website\",\"url\":\"http:\\\/\\\/springbok-kart.com\\\/\",\"name\":\"Springbok kart\",\"description\":\"\",\"publisher\":{\"@id\":\"http:\\\/\\\/springbok-kart.com\\\/#organization\"},\"potentialAction\":[{\"@type\":\"SearchAction\",\"target\":{\"@type\":\"EntryPoint\",\"urlTemplate\":\"http:\\\/\\\/springbok-kart.com\\\/?s={search_term_string}\"},\"query-input\":{\"@type\":\"PropertyValueSpecification\",\"valueRequired\":true,\"valueName\":\"search_term_string\"}}],\"inLanguage\":\"fr-FR\"},{\"@type\":\"Organization\",\"@id\":\"http:\\\/\\\/springbok-kart.com\\\/#organization\",\"name\":\"Springbok kart\",\"url\":\"http:\\\/\\\/springbok-kart.com\\\/\",\"logo\":{\"@type\":\"ImageObject\",\"inLanguage\":\"fr-FR\",\"@id\":\"http:\\\/\\\/springbok-kart.com\\\/#\\\/schema\\\/logo\\\/image\\\/\",\"url\":\"https:\\\/\\\/springbok-kart.com\\\/wp-content\\\/uploads\\\/2016\\\/01\\\/Montage-bleu_747x954.png\",\"contentUrl\":\"https:\\\/\\\/springbok-kart.com\\\/wp-content\\\/uploads\\\/2016\\\/01\\\/Montage-bleu_747x954.png\",\"width\":747,\"height\":954,\"caption\":\"Springbok kart\"},\"image\":{\"@id\":\"http:\\\/\\\/springbok-kart.com\\\/#\\\/schema\\\/logo\\\/image\\\/\"}}]}<\/script>\n<!-- \/ Yoast SEO plugin. -->","yoast_head_json":{"title":"Photos de bancs en auto-construction - Springbok kart","robots":{"index":"index","follow":"follow","max-snippet":"max-snippet:-1","max-image-preview":"max-image-preview:large","max-video-preview":"max-video-preview:-1"},"canonical":"http:\/\/springbok-kart.com\/?page_id=2488","og_locale":"fr_FR","og_type":"article","og_title":"Photos de bancs en auto-construction - Springbok kart","og_description":"Faites nous parvenir des photos de vos r\u00e9alisations. Faites nous parvenir des photos de vos r\u00e9alisations.","og_url":"http:\/\/springbok-kart.com\/?page_id=2488","og_site_name":"Springbok kart","article_modified_time":"2024-02-05T16:32:00+00:00","og_image":[{"url":"http:\/\/springbok-kart.com\/wp-content\/uploads\/2019\/12\/Springbok-kart80-1.jpg","type":"","width":"","height":""}],"twitter_card":"summary_large_image","twitter_misc":{"Dur\u00e9e de lecture estim\u00e9e":"3 minutes"},"schema":{"@context":"https:\/\/schema.org","@graph":[{"@type":"WebPage","@id":"http:\/\/springbok-kart.com\/?page_id=2488","url":"http:\/\/springbok-kart.com\/?page_id=2488","name":"Photos de bancs en auto-construction - Springbok kart","isPartOf":{"@id":"http:\/\/springbok-kart.com\/#website"},"primaryImageOfPage":{"@id":"http:\/\/springbok-kart.com\/?page_id=2488#primaryimage"},"image":{"@id":"http:\/\/springbok-kart.com\/?page_id=2488#primaryimage"},"thumbnailUrl":"http:\/\/springbok-kart.com\/wp-content\/uploads\/2019\/12\/Springbok-kart80-1.jpg","datePublished":"2017-01-20T11:06:48+00:00","dateModified":"2024-02-05T16:32:00+00:00","breadcrumb":{"@id":"http:\/\/springbok-kart.com\/?page_id=2488#breadcrumb"},"inLanguage":"fr-FR","potentialAction":[{"@type":"ReadAction","target":["http:\/\/springbok-kart.com\/?page_id=2488"]}]},{"@type":"ImageObject","inLanguage":"fr-FR","@id":"http:\/\/springbok-kart.com\/?page_id=2488#primaryimage","url":"https:\/\/springbok-kart.com\/wp-content\/uploads\/2019\/12\/Springbok-kart80-1.jpg","contentUrl":"https:\/\/springbok-kart.com\/wp-content\/uploads\/2019\/12\/Springbok-kart80-1.jpg","width":966,"height":529},{"@type":"BreadcrumbList","@id":"http:\/\/springbok-kart.com\/?page_id=2488#breadcrumb","itemListElement":[{"@type":"ListItem","position":1,"name":"Accueil","item":"http:\/\/springbok-kart.com\/"},{"@type":"ListItem","position":2,"name":"Photos de bancs en auto-construction"}]},{"@type":"WebSite","@id":"http:\/\/springbok-kart.com\/#website","url":"http:\/\/springbok-kart.com\/","name":"Springbok kart","description":"","publisher":{"@id":"http:\/\/springbok-kart.com\/#organization"},"potentialAction":[{"@type":"SearchAction","target":{"@type":"EntryPoint","urlTemplate":"http:\/\/springbok-kart.com\/?s={search_term_string}"},"query-input":{"@type":"PropertyValueSpecification","valueRequired":true,"valueName":"search_term_string"}}],"inLanguage":"fr-FR"},{"@type":"Organization","@id":"http:\/\/springbok-kart.com\/#organization","name":"Springbok kart","url":"http:\/\/springbok-kart.com\/","logo":{"@type":"ImageObject","inLanguage":"fr-FR","@id":"http:\/\/springbok-kart.com\/#\/schema\/logo\/image\/","url":"https:\/\/springbok-kart.com\/wp-content\/uploads\/2016\/01\/Montage-bleu_747x954.png","contentUrl":"https:\/\/springbok-kart.com\/wp-content\/uploads\/2016\/01\/Montage-bleu_747x954.png","width":747,"height":954,"caption":"Springbok kart"},"image":{"@id":"http:\/\/springbok-kart.com\/#\/schema\/logo\/image\/"}}]}},"_links":{"self":[{"href":"https:\/\/springbok-kart.com\/index.php?rest_route=\/wp\/v2\/pages\/2488","targetHints":{"allow":["GET"]}}],"collection":[{"href":"https:\/\/springbok-kart.com\/index.php?rest_route=\/wp\/v2\/pages"}],"about":[{"href":"https:\/\/springbok-kart.com\/index.php?rest_route=\/wp\/v2\/types\/page"}],"author":[{"embeddable":true,"href":"https:\/\/springbok-kart.com\/index.php?rest_route=\/wp\/v2\/users\/1"}],"replies":[{"embeddable":true,"href":"https:\/\/springbok-kart.com\/index.php?rest_route=%2Fwp%2Fv2%2Fcomments&post=2488"}],"version-history":[{"count":4,"href":"https:\/\/springbok-kart.com\/index.php?rest_route=\/wp\/v2\/pages\/2488\/revisions"}],"predecessor-version":[{"id":3019,"href":"https:\/\/springbok-kart.com\/index.php?rest_route=\/wp\/v2\/pages\/2488\/revisions\/3019"}],"wp:attachment":[{"href":"https:\/\/springbok-kart.com\/index.php?rest_route=%2Fwp%2Fv2%2Fmedia&parent=2488"}],"curies":[{"name":"wp","href":"https:\/\/api.w.org\/{rel}","templated":true}]}}