{"id":2705,"date":"2019-11-26T19:16:40","date_gmt":"2019-11-26T18:16:40","guid":{"rendered":"http:\/\/springbok-kart.com\/?page_id=2705"},"modified":"2020-03-23T09:51:59","modified_gmt":"2020-03-23T08:51:59","slug":"construire-un-banc-de-puissance-a-rouleau-pour-mobylette","status":"publish","type":"page","link":"https:\/\/springbok-kart.com\/?page_id=2705","title":{"rendered":"Construire un banc de puissance \u00e0 rouleau pour Mobylette."},"content":{"rendered":"\n<p>J&rsquo;ai  dans mon garage depuis quelque temps  une Mobylette Motoconfort AV79 que je viens de finir de bricoler pour aller chercher le pain le dimanche matin.<\/p>\n\n\n\n<figure class=\"wp-block-image\"><img loading=\"lazy\" decoding=\"async\" width=\"1024\" height=\"576\" src=\"http:\/\/springbok-kart.com\/wp-content\/uploads\/2019\/11\/Springbok-kart70-1024x576.jpg\" alt=\"\" class=\"wp-image-2710\" srcset=\"https:\/\/springbok-kart.com\/wp-content\/uploads\/2019\/11\/Springbok-kart70.jpg 1024w, https:\/\/springbok-kart.com\/wp-content\/uploads\/2019\/11\/Springbok-kart70-300x169.jpg 300w, https:\/\/springbok-kart.com\/wp-content\/uploads\/2019\/11\/Springbok-kart70-768x432.jpg 768w, https:\/\/springbok-kart.com\/wp-content\/uploads\/2019\/11\/Springbok-kart70-500x281.jpg 500w\" sizes=\"auto, (max-width: 1024px) 100vw, 1024px\" \/><figcaption>Motoconfort AV79 <\/figcaption><\/figure>\n\n\n\n<p>Le moteur est un peu poussif et comme je suis particuli\u00e8rement press\u00e9 le dimanche, j&rsquo;ai remplac\u00e9 le cylindre piston par un Kit Arsal de 45 qui lui donne un peu plus de couple. Le vieux carbu d&rsquo;origine \u00e0 laiss\u00e9 la place \u00e0 une copie chinoise de Dellorto en DN15, enfin l&rsquo;allumage \u00e0 perdu son rupteur pour un capteur \u00e9lectronique plus fiable.<\/p>\n\n\n\n<p>Au roulage c&rsquo;est agr\u00e9able mais rapidement on sent que le moteur ne peut pas prendre ses tours. Apr\u00e8s avoir revu les diagrammes \u00e0 la hausse (\u00c9chappement de 144 \u00e0 156) et augment\u00e9 l\u00e9g\u00e8rement le taux de compression de 10,8 \u00e0 13,1, je n&rsquo;ai gagn\u00e9 que 4 dixi\u00e8mes pour l&rsquo;aller retour \u00e0 la boulangerie et le responsable doit \u00eatre le vieux pot d&rsquo;\u00e9chappement du type tromblon plac\u00e9 sous le moteur.<\/p>\n\n\n\n<p>J&rsquo;ai bien fait des recherches pour trouver les modifications qui pouvaient \u00eatre faites sur ce type de pot d&rsquo;\u00e9chappement, mais rien, que dalle , nada &#8230;<\/p>\n\n\n\n<p>Je ne souhaite pas installer un pot diff\u00e9rent de la forme d&rsquo;origine pour deux raisons:<\/p>\n\n\n\n<ul class=\"wp-block-list\"><li> 1- Je veux rester discret avec la mar\u00e9chauss\u00e9e et mes voisins <\/li><li> 2- Je veux conserver l&rsquo;allure d&rsquo;anc\u00eatre de l&rsquo;AV79 <\/li><\/ul>\n\n\n\n<figure class=\"wp-block-image\"><img loading=\"lazy\" decoding=\"async\" width=\"1024\" height=\"772\" src=\"http:\/\/springbok-kart.com\/wp-content\/uploads\/2019\/11\/Springbok-kart71-1024x772.jpg\" alt=\"\" class=\"wp-image-2711\" srcset=\"https:\/\/springbok-kart.com\/wp-content\/uploads\/2019\/11\/Springbok-kart71.jpg 1024w, https:\/\/springbok-kart.com\/wp-content\/uploads\/2019\/11\/Springbok-kart71-300x226.jpg 300w, https:\/\/springbok-kart.com\/wp-content\/uploads\/2019\/11\/Springbok-kart71-768x579.jpg 768w, https:\/\/springbok-kart.com\/wp-content\/uploads\/2019\/11\/Springbok-kart71-398x300.jpg 398w\" sizes=\"auto, (max-width: 1024px) 100vw, 1024px\" \/><figcaption>Le pot \u00ab\u00a0tromblon\u00a0\u00bb d\u00e9montable en 3 parties<\/figcaption><\/figure>\n\n\n\n<p>   <\/p>\n\n\n\n<p>Donc il va falloir optimiser ce pot sans en modifier l&rsquo;apparence ext\u00e9rieure ce qui me donne une raison futile pour d\u00e9cider de construire un banc de puissance \u00e0 rouleau pour mobylette.            <\/p>\n\n\n\n<p class=\"has-medium-font-size\"> Le cahier des charges :<\/p>\n\n\n\n<ul class=\"wp-block-list\"><li>Pouvoir mesurer une puissance d&rsquo;environ 3 \u00e0 7 CV<\/li><li>D\u00e9montable et transportable mais avec une mise en \u0153uvre rapide <\/li><li>Faire des mesures de puissance et de couple reproductibles et fiables<\/li><li>Il doit \u00eatre facile \u00e0 copier et \u00e0 reproduire pour ceux qui vont comme moi  chercher le pain en mobylette le dimanche matin.<\/li><li>Le moins cher possible (\u00e9videmment &#8230;) <\/li><\/ul>\n\n\n\n<blockquote class=\"wp-block-quote is-layout-flow wp-block-quote-is-layout-flow\"><p>On s\u2019aper\u00e7oit que l\u2019on vieillit quand on se dit qu\u2019on ferait mieux de respecter les limitations de vitesse.<\/p><p>                        <\/p><cite>  E.A. Gilliam <\/cite><\/blockquote>\n\n\n\n<p>Pour commencer j&rsquo;ai trouv\u00e9 pour moins de 20\u20ac chez le ferrailleur du coin une tige de v\u00e9rin coup\u00e9e d\u00e9licatement et finement au chalumeau.<\/p>\n\n\n\n<figure class=\"wp-block-image\"><img loading=\"lazy\" decoding=\"async\" width=\"1024\" height=\"576\" src=\"http:\/\/springbok-kart.com\/wp-content\/uploads\/2019\/11\/Springbok-kart72-1024x576.jpg\" alt=\"\" class=\"wp-image-2713\" srcset=\"https:\/\/springbok-kart.com\/wp-content\/uploads\/2019\/11\/Springbok-kart72.jpg 1024w, https:\/\/springbok-kart.com\/wp-content\/uploads\/2019\/11\/Springbok-kart72-300x169.jpg 300w, https:\/\/springbok-kart.com\/wp-content\/uploads\/2019\/11\/Springbok-kart72-768x432.jpg 768w, https:\/\/springbok-kart.com\/wp-content\/uploads\/2019\/11\/Springbok-kart72-500x281.jpg 500w\" sizes=\"auto, (max-width: 1024px) 100vw, 1024px\" \/><figcaption>Le bestiau fait tout de m\u00eame plus de 40 Kg<\/figcaption><\/figure>\n\n\n\n<p>Ne disposant pas de l&rsquo;outillage pour usiner un tel morceau je l&rsquo;ai confi\u00e9 \u00e0 un professionnel.<\/p>\n\n\n\n<figure class=\"wp-block-image\"><img loading=\"lazy\" decoding=\"async\" width=\"674\" height=\"1024\" src=\"http:\/\/springbok-kart.com\/wp-content\/uploads\/2019\/11\/Springbok-kart73-674x1024.jpg\" alt=\"\" class=\"wp-image-2714\" srcset=\"https:\/\/springbok-kart.com\/wp-content\/uploads\/2019\/11\/Springbok-kart73-674x1024.jpg 674w, https:\/\/springbok-kart.com\/wp-content\/uploads\/2019\/11\/Springbok-kart73-300x456.jpg 300w, https:\/\/springbok-kart.com\/wp-content\/uploads\/2019\/11\/Springbok-kart73-197x300.jpg 197w, https:\/\/springbok-kart.com\/wp-content\/uploads\/2019\/11\/Springbok-kart73-768x1167.jpg 768w, https:\/\/springbok-kart.com\/wp-content\/uploads\/2019\/11\/Springbok-kart73.jpg 1024w\" sizes=\"auto, (max-width: 674px) 100vw, 674px\" \/><figcaption>Diam\u00e8tre 120mm Longueur 380mm <\/figcaption><\/figure>\n\n\n\n<p>Le rouleau est  molet\u00e9  et usin\u00e9 pour recevoir 2 paliers de 25 auto-align\u00e9s <br \/>Usinage 160\u20ac TTC<br \/>Les 2 paliers 85\u20ac.<\/p>\n\n\n\n<p>Le chassis doit \u00eatre le plus simple et l\u00e9ger possible, compte tenu de la faible puissance \u00e0 faire passer sur le rouleau , des simple tubes de r\u00e9cup\u00e9ration soud\u00e9s entre eux vont suffire \u00e0 tenir debout la mob.<\/p>\n\n\n\n<p>En faisant un bout de dessin, je m&rsquo;aper\u00e7ois qu&rsquo;il serait judicieux de placer l&rsquo;axe du rouleau le plus bas possible. Pas le temps de modifier le dessin on va faire chauffer la scie \u00e0 m\u00e9taux&#8230;<\/p>\n\n\n\n<figure class=\"wp-block-image\"><img loading=\"lazy\" decoding=\"async\" width=\"1024\" height=\"449\" src=\"http:\/\/springbok-kart.com\/wp-content\/uploads\/2019\/12\/image01-1024x449.jpeg\" alt=\"\" class=\"wp-image-2730\" srcset=\"https:\/\/springbok-kart.com\/wp-content\/uploads\/2019\/12\/image01-1024x449.jpeg 1024w, https:\/\/springbok-kart.com\/wp-content\/uploads\/2019\/12\/image01-300x131.jpeg 300w, https:\/\/springbok-kart.com\/wp-content\/uploads\/2019\/12\/image01-768x336.jpeg 768w, https:\/\/springbok-kart.com\/wp-content\/uploads\/2019\/12\/image01-500x219.jpeg 500w, https:\/\/springbok-kart.com\/wp-content\/uploads\/2019\/12\/image01.jpeg 1920w\" sizes=\"auto, (max-width: 1024px) 100vw, 1024px\" \/><figcaption>Un petit dessin pour se rendre compte de la disposition et de l&rsquo;encombrement.<\/figcaption><\/figure>\n\n\n\n<figure class=\"wp-block-image\"><img loading=\"lazy\" decoding=\"async\" width=\"1024\" height=\"462\" src=\"http:\/\/springbok-kart.com\/wp-content\/uploads\/2019\/12\/Springbok-kart74-1024x462.jpg\" alt=\"\" class=\"wp-image-2733\" srcset=\"https:\/\/springbok-kart.com\/wp-content\/uploads\/2019\/12\/Springbok-kart74.jpg 1024w, https:\/\/springbok-kart.com\/wp-content\/uploads\/2019\/12\/Springbok-kart74-300x135.jpg 300w, https:\/\/springbok-kart.com\/wp-content\/uploads\/2019\/12\/Springbok-kart74-768x347.jpg 768w, https:\/\/springbok-kart.com\/wp-content\/uploads\/2019\/12\/Springbok-kart74-500x226.jpg 500w\" sizes=\"auto, (max-width: 1024px) 100vw, 1024px\" \/><figcaption>Montage \u00e0 blanc<\/figcaption><\/figure>\n\n\n\n<figure class=\"wp-block-image\"><img loading=\"lazy\" decoding=\"async\" width=\"1024\" height=\"576\" src=\"http:\/\/springbok-kart.com\/wp-content\/uploads\/2019\/12\/Springbok-kart76-1024x576.jpg\" alt=\"\" class=\"wp-image-2734\" srcset=\"https:\/\/springbok-kart.com\/wp-content\/uploads\/2019\/12\/Springbok-kart76.jpg 1024w, https:\/\/springbok-kart.com\/wp-content\/uploads\/2019\/12\/Springbok-kart76-300x169.jpg 300w, https:\/\/springbok-kart.com\/wp-content\/uploads\/2019\/12\/Springbok-kart76-768x432.jpg 768w, https:\/\/springbok-kart.com\/wp-content\/uploads\/2019\/12\/Springbok-kart76-500x281.jpg 500w\" sizes=\"auto, (max-width: 1024px) 100vw, 1024px\" \/><figcaption>Un bout de nylon d\u00e9coup\u00e9 \u00e0 la scie sauteuse pour bloquer la roue avant avec un r\u00e9glage longitudinal pour s&rsquo;adapter \u00e0 la longueur de chaque mob<\/figcaption><\/figure>\n\n\n\n<figure class=\"wp-block-image size-large\"><a href=\"http:\/\/springbok-kart.com\/?product=kit-pour-banc-a-inertiesp1-v4\" target=\"_blank\" rel=\"noreferrer noopener\"><img loading=\"lazy\" decoding=\"async\" width=\"1024\" height=\"591\" src=\"http:\/\/springbok-kart.com\/wp-content\/uploads\/2019\/12\/Springbok-kart94.jpg\" alt=\"\" class=\"wp-image-2763\" srcset=\"https:\/\/springbok-kart.com\/wp-content\/uploads\/2019\/12\/Springbok-kart94.jpg 1024w, https:\/\/springbok-kart.com\/wp-content\/uploads\/2019\/12\/Springbok-kart94-300x173.jpg 300w, https:\/\/springbok-kart.com\/wp-content\/uploads\/2019\/12\/Springbok-kart94-768x443.jpg 768w, https:\/\/springbok-kart.com\/wp-content\/uploads\/2019\/12\/Springbok-kart94-500x289.jpg 500w\" sizes=\"auto, (max-width: 1024px) 100vw, 1024px\" \/><\/a><figcaption>Le capteur install\u00e9 devant une roue \u00e0 44 dents qui va compter les tours du rouleau<br \/>Le capteur et le c\u00e2ble de raccordement font partie du <a rel=\"noreferrer noopener\" aria-label=\"kit SP1 (s\u2019ouvre dans un nouvel onglet)\" href=\"http:\/\/springbok-kart.com\/?product=kit-pour-banc-a-inertiesp1-v4\" target=\"_blank\">kit SP1<\/a>.<\/figcaption><\/figure>\n\n\n\n<figure class=\"wp-block-image size-large\"><img loading=\"lazy\" decoding=\"async\" width=\"1024\" height=\"665\" src=\"http:\/\/springbok-kart.com\/wp-content\/uploads\/2019\/12\/Springbok-kart93.jpg\" alt=\"\" class=\"wp-image-2764\" srcset=\"https:\/\/springbok-kart.com\/wp-content\/uploads\/2019\/12\/Springbok-kart93.jpg 1024w, https:\/\/springbok-kart.com\/wp-content\/uploads\/2019\/12\/Springbok-kart93-300x195.jpg 300w, https:\/\/springbok-kart.com\/wp-content\/uploads\/2019\/12\/Springbok-kart93-768x499.jpg 768w, https:\/\/springbok-kart.com\/wp-content\/uploads\/2019\/12\/Springbok-kart93-462x300.jpg 462w\" sizes=\"auto, (max-width: 1024px) 100vw, 1024px\" \/><figcaption>La structure est l\u00e9g\u00e8re et transportable vu la faible puissance \u00e0 mesurer (environ 3 \u00e0 6 Cv)<\/figcaption><\/figure>\n\n\n\n<figure class=\"wp-block-image size-large\"><img loading=\"lazy\" decoding=\"async\" width=\"1024\" height=\"678\" src=\"http:\/\/springbok-kart.com\/wp-content\/uploads\/2019\/12\/Springbok-kart92.jpg\" alt=\"\" class=\"wp-image-2765\" srcset=\"https:\/\/springbok-kart.com\/wp-content\/uploads\/2019\/12\/Springbok-kart92.jpg 1024w, https:\/\/springbok-kart.com\/wp-content\/uploads\/2019\/12\/Springbok-kart92-300x199.jpg 300w, https:\/\/springbok-kart.com\/wp-content\/uploads\/2019\/12\/Springbok-kart92-768x509.jpg 768w, https:\/\/springbok-kart.com\/wp-content\/uploads\/2019\/12\/Springbok-kart92-453x300.jpg 453w\" sizes=\"auto, (max-width: 1024px) 100vw, 1024px\" \/><figcaption>Un emplacement bien pratique pour mettre la mob sur sa b\u00e9quille<\/figcaption><\/figure>\n\n\n\n<figure class=\"wp-block-image size-large\"><img loading=\"lazy\" decoding=\"async\" width=\"1024\" height=\"301\" src=\"http:\/\/springbok-kart.com\/wp-content\/uploads\/2019\/12\/Springbok-kart95.jpg\" alt=\"\" class=\"wp-image-2767\" srcset=\"https:\/\/springbok-kart.com\/wp-content\/uploads\/2019\/12\/Springbok-kart95.jpg 1024w, https:\/\/springbok-kart.com\/wp-content\/uploads\/2019\/12\/Springbok-kart95-300x88.jpg 300w, https:\/\/springbok-kart.com\/wp-content\/uploads\/2019\/12\/Springbok-kart95-768x226.jpg 768w, https:\/\/springbok-kart.com\/wp-content\/uploads\/2019\/12\/Springbok-kart95-500x147.jpg 500w\" sizes=\"auto, (max-width: 1024px) 100vw, 1024px\" \/><figcaption>L&rsquo;appareil est simple, peu encombrant et se d\u00e9monte avec un seul boulon pour le ranger<\/figcaption><\/figure>\n\n\n\n<p>Les premiers essais ont \u00e9t\u00e9 concluants. la mob s&rsquo;auto-aligne sur le rouleau et il suffit de sangler la roue avant pour faire un run. La masse inertielle du rouleau bien que faible (0,05 kg\/m2) est suffisante pour la puissance \u00e0 mesurer.<\/p>\n\n\n\n<figure class=\"wp-block-image size-large\"><img loading=\"lazy\" decoding=\"async\" width=\"1024\" height=\"832\" src=\"http:\/\/springbok-kart.com\/wp-content\/uploads\/2019\/12\/Springbok-kart98.jpg\" alt=\"\" class=\"wp-image-2773\" srcset=\"https:\/\/springbok-kart.com\/wp-content\/uploads\/2019\/12\/Springbok-kart98.jpg 1024w, https:\/\/springbok-kart.com\/wp-content\/uploads\/2019\/12\/Springbok-kart98-300x244.jpg 300w, https:\/\/springbok-kart.com\/wp-content\/uploads\/2019\/12\/Springbok-kart98-768x624.jpg 768w, https:\/\/springbok-kart.com\/wp-content\/uploads\/2019\/12\/Springbok-kart98-369x300.jpg 369w\" sizes=\"auto, (max-width: 1024px) 100vw, 1024px\" \/><\/figure>\n\n\n\n<p>La r\u00e9p\u00e9tabilit\u00e9 est excellente et les mesures sembles coh\u00e9rentes. Il faudra \u00e0 l\u2019occasion \u00e9talonner ce banc dans le logiciel, mais pour cela il me faudra trouver une engin qui puisse me servir de r\u00e9f\u00e9rence. En attendant ce mat\u00e9riel est parfait pour comparer des moteurs entre eux ou pour voir le r\u00e9sultat de chaque modification apport\u00e9e \u00e0 un moteur.<\/p>\n\n\n\n<p>Une vid\u00e9o d&rsquo;un run est pr\u00e9vue &#8230;.<\/p>\n\n\n\n<p><\/p>\n\n\n\n<p class=\"has-background has-vivid-cyan-blue-background-color\"><em>La suite bient\u00f4t&#8230;<\/em><\/p>\n","protected":false},"excerpt":{"rendered":"<p>J&rsquo;ai dans mon garage depuis quelque temps une Mobylette Motoconfort AV79 que je viens de finir de bricoler pour aller chercher le pain le dimanche matin. Le moteur est un peu poussif et comme je suis particuli\u00e8rement press\u00e9 le dimanche, &hellip; <a href=\"https:\/\/springbok-kart.com\/?page_id=2705\">Continuer la lecture <span class=\"meta-nav\">&rarr;<\/span><\/a><\/p>\n","protected":false},"author":1,"featured_media":0,"parent":1282,"menu_order":3,"comment_status":"open","ping_status":"closed","template":"sidebar-page.php","meta":{"sfsi_plus_gutenberg_text_before_share":"","sfsi_plus_gutenberg_show_text_before_share":"","sfsi_plus_gutenberg_icon_type":"","sfsi_plus_gutenberg_icon_alignemt":"","sfsi_plus_gutenburg_max_per_row":"","_monsterinsights_skip_tracking":false,"_monsterinsights_sitenote_active":false,"_monsterinsights_sitenote_note":"","_monsterinsights_sitenote_category":0,"footnotes":""},"class_list":["post-2705","page","type-page","status-publish","hentry"],"yoast_head":"<!-- This site is optimized with the Yoast SEO plugin v27.5 - https:\/\/yoast.com\/product\/yoast-seo-wordpress\/ -->\n<title>Construire un banc de puissance \u00e0 rouleau pour Mobylette. - Springbok kart<\/title>\n<meta name=\"robots\" content=\"index, follow, max-snippet:-1, max-image-preview:large, max-video-preview:-1\" \/>\n<link rel=\"canonical\" href=\"https:\/\/springbok-kart.com\/?page_id=2705\" \/>\n<meta property=\"og:locale\" content=\"fr_FR\" \/>\n<meta property=\"og:type\" content=\"article\" \/>\n<meta property=\"og:title\" content=\"Construire un banc de puissance \u00e0 rouleau pour Mobylette. - Springbok kart\" \/>\n<meta property=\"og:description\" content=\"J&rsquo;ai dans mon garage depuis quelque temps une Mobylette Motoconfort AV79 que je viens de finir de bricoler pour aller chercher le pain le dimanche matin. Le moteur est un peu poussif et comme je suis particuli\u00e8rement press\u00e9 le dimanche, &hellip; Continuer la lecture &rarr;\" \/>\n<meta property=\"og:url\" content=\"https:\/\/springbok-kart.com\/?page_id=2705\" \/>\n<meta property=\"og:site_name\" content=\"Springbok kart\" \/>\n<meta property=\"article:modified_time\" content=\"2020-03-23T08:51:59+00:00\" \/>\n<meta property=\"og:image\" content=\"http:\/\/springbok-kart.com\/wp-content\/uploads\/2019\/11\/Springbok-kart70-1024x576.jpg\" \/>\n<meta name=\"twitter:card\" content=\"summary_large_image\" \/>\n<meta name=\"twitter:label1\" content=\"Dur\u00e9e de lecture estim\u00e9e\" \/>\n\t<meta name=\"twitter:data1\" content=\"4 minutes\" \/>\n<script type=\"application\/ld+json\" class=\"yoast-schema-graph\">{\"@context\":\"https:\\\/\\\/schema.org\",\"@graph\":[{\"@type\":\"WebPage\",\"@id\":\"https:\\\/\\\/springbok-kart.com\\\/?page_id=2705\",\"url\":\"https:\\\/\\\/springbok-kart.com\\\/?page_id=2705\",\"name\":\"Construire un banc de puissance \u00e0 rouleau pour Mobylette. - Springbok kart\",\"isPartOf\":{\"@id\":\"http:\\\/\\\/springbok-kart.com\\\/#website\"},\"primaryImageOfPage\":{\"@id\":\"https:\\\/\\\/springbok-kart.com\\\/?page_id=2705#primaryimage\"},\"image\":{\"@id\":\"https:\\\/\\\/springbok-kart.com\\\/?page_id=2705#primaryimage\"},\"thumbnailUrl\":\"http:\\\/\\\/springbok-kart.com\\\/wp-content\\\/uploads\\\/2019\\\/11\\\/Springbok-kart70-1024x576.jpg\",\"datePublished\":\"2019-11-26T18:16:40+00:00\",\"dateModified\":\"2020-03-23T08:51:59+00:00\",\"breadcrumb\":{\"@id\":\"https:\\\/\\\/springbok-kart.com\\\/?page_id=2705#breadcrumb\"},\"inLanguage\":\"fr-FR\",\"potentialAction\":[{\"@type\":\"ReadAction\",\"target\":[\"https:\\\/\\\/springbok-kart.com\\\/?page_id=2705\"]}]},{\"@type\":\"ImageObject\",\"inLanguage\":\"fr-FR\",\"@id\":\"https:\\\/\\\/springbok-kart.com\\\/?page_id=2705#primaryimage\",\"url\":\"https:\\\/\\\/springbok-kart.com\\\/wp-content\\\/uploads\\\/2019\\\/11\\\/Springbok-kart70.jpg\",\"contentUrl\":\"https:\\\/\\\/springbok-kart.com\\\/wp-content\\\/uploads\\\/2019\\\/11\\\/Springbok-kart70.jpg\",\"width\":1024,\"height\":576},{\"@type\":\"BreadcrumbList\",\"@id\":\"https:\\\/\\\/springbok-kart.com\\\/?page_id=2705#breadcrumb\",\"itemListElement\":[{\"@type\":\"ListItem\",\"position\":1,\"name\":\"Accueil\",\"item\":\"http:\\\/\\\/springbok-kart.com\\\/\"},{\"@type\":\"ListItem\",\"position\":2,\"name\":\"Technique\",\"item\":\"https:\\\/\\\/springbok-kart.com\\\/?page_id=1282\"},{\"@type\":\"ListItem\",\"position\":3,\"name\":\"Construire un banc de puissance \u00e0 rouleau pour Mobylette.\"}]},{\"@type\":\"WebSite\",\"@id\":\"http:\\\/\\\/springbok-kart.com\\\/#website\",\"url\":\"http:\\\/\\\/springbok-kart.com\\\/\",\"name\":\"Springbok kart\",\"description\":\"\",\"publisher\":{\"@id\":\"http:\\\/\\\/springbok-kart.com\\\/#organization\"},\"potentialAction\":[{\"@type\":\"SearchAction\",\"target\":{\"@type\":\"EntryPoint\",\"urlTemplate\":\"http:\\\/\\\/springbok-kart.com\\\/?s={search_term_string}\"},\"query-input\":{\"@type\":\"PropertyValueSpecification\",\"valueRequired\":true,\"valueName\":\"search_term_string\"}}],\"inLanguage\":\"fr-FR\"},{\"@type\":\"Organization\",\"@id\":\"http:\\\/\\\/springbok-kart.com\\\/#organization\",\"name\":\"Springbok kart\",\"url\":\"http:\\\/\\\/springbok-kart.com\\\/\",\"logo\":{\"@type\":\"ImageObject\",\"inLanguage\":\"fr-FR\",\"@id\":\"http:\\\/\\\/springbok-kart.com\\\/#\\\/schema\\\/logo\\\/image\\\/\",\"url\":\"https:\\\/\\\/springbok-kart.com\\\/wp-content\\\/uploads\\\/2016\\\/01\\\/Montage-bleu_747x954.png\",\"contentUrl\":\"https:\\\/\\\/springbok-kart.com\\\/wp-content\\\/uploads\\\/2016\\\/01\\\/Montage-bleu_747x954.png\",\"width\":747,\"height\":954,\"caption\":\"Springbok kart\"},\"image\":{\"@id\":\"http:\\\/\\\/springbok-kart.com\\\/#\\\/schema\\\/logo\\\/image\\\/\"}}]}<\/script>\n<!-- \/ Yoast SEO plugin. -->","yoast_head_json":{"title":"Construire un banc de puissance \u00e0 rouleau pour Mobylette. - Springbok kart","robots":{"index":"index","follow":"follow","max-snippet":"max-snippet:-1","max-image-preview":"max-image-preview:large","max-video-preview":"max-video-preview:-1"},"canonical":"https:\/\/springbok-kart.com\/?page_id=2705","og_locale":"fr_FR","og_type":"article","og_title":"Construire un banc de puissance \u00e0 rouleau pour Mobylette. - Springbok kart","og_description":"J&rsquo;ai dans mon garage depuis quelque temps une Mobylette Motoconfort AV79 que je viens de finir de bricoler pour aller chercher le pain le dimanche matin. Le moteur est un peu poussif et comme je suis particuli\u00e8rement press\u00e9 le dimanche, &hellip; Continuer la lecture &rarr;","og_url":"https:\/\/springbok-kart.com\/?page_id=2705","og_site_name":"Springbok kart","article_modified_time":"2020-03-23T08:51:59+00:00","og_image":[{"url":"http:\/\/springbok-kart.com\/wp-content\/uploads\/2019\/11\/Springbok-kart70-1024x576.jpg","type":"","width":"","height":""}],"twitter_card":"summary_large_image","twitter_misc":{"Dur\u00e9e de lecture estim\u00e9e":"4 minutes"},"schema":{"@context":"https:\/\/schema.org","@graph":[{"@type":"WebPage","@id":"https:\/\/springbok-kart.com\/?page_id=2705","url":"https:\/\/springbok-kart.com\/?page_id=2705","name":"Construire un banc de puissance \u00e0 rouleau pour Mobylette. - Springbok kart","isPartOf":{"@id":"http:\/\/springbok-kart.com\/#website"},"primaryImageOfPage":{"@id":"https:\/\/springbok-kart.com\/?page_id=2705#primaryimage"},"image":{"@id":"https:\/\/springbok-kart.com\/?page_id=2705#primaryimage"},"thumbnailUrl":"http:\/\/springbok-kart.com\/wp-content\/uploads\/2019\/11\/Springbok-kart70-1024x576.jpg","datePublished":"2019-11-26T18:16:40+00:00","dateModified":"2020-03-23T08:51:59+00:00","breadcrumb":{"@id":"https:\/\/springbok-kart.com\/?page_id=2705#breadcrumb"},"inLanguage":"fr-FR","potentialAction":[{"@type":"ReadAction","target":["https:\/\/springbok-kart.com\/?page_id=2705"]}]},{"@type":"ImageObject","inLanguage":"fr-FR","@id":"https:\/\/springbok-kart.com\/?page_id=2705#primaryimage","url":"https:\/\/springbok-kart.com\/wp-content\/uploads\/2019\/11\/Springbok-kart70.jpg","contentUrl":"https:\/\/springbok-kart.com\/wp-content\/uploads\/2019\/11\/Springbok-kart70.jpg","width":1024,"height":576},{"@type":"BreadcrumbList","@id":"https:\/\/springbok-kart.com\/?page_id=2705#breadcrumb","itemListElement":[{"@type":"ListItem","position":1,"name":"Accueil","item":"http:\/\/springbok-kart.com\/"},{"@type":"ListItem","position":2,"name":"Technique","item":"https:\/\/springbok-kart.com\/?page_id=1282"},{"@type":"ListItem","position":3,"name":"Construire un banc de puissance \u00e0 rouleau pour Mobylette."}]},{"@type":"WebSite","@id":"http:\/\/springbok-kart.com\/#website","url":"http:\/\/springbok-kart.com\/","name":"Springbok kart","description":"","publisher":{"@id":"http:\/\/springbok-kart.com\/#organization"},"potentialAction":[{"@type":"SearchAction","target":{"@type":"EntryPoint","urlTemplate":"http:\/\/springbok-kart.com\/?s={search_term_string}"},"query-input":{"@type":"PropertyValueSpecification","valueRequired":true,"valueName":"search_term_string"}}],"inLanguage":"fr-FR"},{"@type":"Organization","@id":"http:\/\/springbok-kart.com\/#organization","name":"Springbok kart","url":"http:\/\/springbok-kart.com\/","logo":{"@type":"ImageObject","inLanguage":"fr-FR","@id":"http:\/\/springbok-kart.com\/#\/schema\/logo\/image\/","url":"https:\/\/springbok-kart.com\/wp-content\/uploads\/2016\/01\/Montage-bleu_747x954.png","contentUrl":"https:\/\/springbok-kart.com\/wp-content\/uploads\/2016\/01\/Montage-bleu_747x954.png","width":747,"height":954,"caption":"Springbok kart"},"image":{"@id":"http:\/\/springbok-kart.com\/#\/schema\/logo\/image\/"}}]}},"_links":{"self":[{"href":"https:\/\/springbok-kart.com\/index.php?rest_route=\/wp\/v2\/pages\/2705","targetHints":{"allow":["GET"]}}],"collection":[{"href":"https:\/\/springbok-kart.com\/index.php?rest_route=\/wp\/v2\/pages"}],"about":[{"href":"https:\/\/springbok-kart.com\/index.php?rest_route=\/wp\/v2\/types\/page"}],"author":[{"embeddable":true,"href":"https:\/\/springbok-kart.com\/index.php?rest_route=\/wp\/v2\/users\/1"}],"replies":[{"embeddable":true,"href":"https:\/\/springbok-kart.com\/index.php?rest_route=%2Fwp%2Fv2%2Fcomments&post=2705"}],"version-history":[{"count":4,"href":"https:\/\/springbok-kart.com\/index.php?rest_route=\/wp\/v2\/pages\/2705\/revisions"}],"predecessor-version":[{"id":2781,"href":"https:\/\/springbok-kart.com\/index.php?rest_route=\/wp\/v2\/pages\/2705\/revisions\/2781"}],"up":[{"embeddable":true,"href":"https:\/\/springbok-kart.com\/index.php?rest_route=\/wp\/v2\/pages\/1282"}],"wp:attachment":[{"href":"https:\/\/springbok-kart.com\/index.php?rest_route=%2Fwp%2Fv2%2Fmedia&parent=2705"}],"curies":[{"name":"wp","href":"https:\/\/api.w.org\/{rel}","templated":true}]}}