{"id":3051,"date":"2025-01-04T13:29:58","date_gmt":"2025-01-04T12:29:58","guid":{"rendered":"http:\/\/springbok-kart.com\/?page_id=3051"},"modified":"2025-07-25T06:36:45","modified_gmt":"2025-07-25T05:36:45","slug":"frein-a-disque-sur-le-proto-motobecane-av79-de-1957","status":"publish","type":"page","link":"https:\/\/springbok-kart.com\/?page_id=3051","title":{"rendered":"Frein \u00e0 disque sur le Proto Motob\u00e9cane AV79 de 1959"},"content":{"rendered":"\n<figure class=\"wp-block-image size-large\"><a href=\"http:\/\/springbok-kart.com\/wp-content\/uploads\/2025\/01\/20240913_132020.jpg\"><img loading=\"lazy\" decoding=\"async\" width=\"1024\" height=\"473\" src=\"http:\/\/springbok-kart.com\/wp-content\/uploads\/2025\/01\/20240913_132020-1024x473.jpg\" alt=\"\" class=\"wp-image-3062\" srcset=\"https:\/\/springbok-kart.com\/wp-content\/uploads\/2025\/01\/20240913_132020-1024x473.jpg 1024w, https:\/\/springbok-kart.com\/wp-content\/uploads\/2025\/01\/20240913_132020-300x139.jpg 300w, https:\/\/springbok-kart.com\/wp-content\/uploads\/2025\/01\/20240913_132020-768x355.jpg 768w, https:\/\/springbok-kart.com\/wp-content\/uploads\/2025\/01\/20240913_132020-1536x709.jpg 1536w, https:\/\/springbok-kart.com\/wp-content\/uploads\/2025\/01\/20240913_132020-500x231.jpg 500w, https:\/\/springbok-kart.com\/wp-content\/uploads\/2025\/01\/20240913_132020.jpg 1644w\" sizes=\"auto, (max-width: 1024px) 100vw, 1024px\" \/><\/a><\/figure>\n\n\n\n<p>Cette fin d&rsquo;ann\u00e9e 2024, le proto a pris environ 350km lors des diff\u00e9rentes sorties. Ce n&rsquo;est pas beaucoup mais j&rsquo;ai plusieurs mobs \u00e0 faire rouler et celle-ci n&rsquo;est pas des plus \u00ab\u00a0confortable\u00a0\u00bb. De plus \u00e0 l&rsquo;usage les freins ne sont pas adapt\u00e9s aux capacit\u00e9s du moteur et au poids du pilote. Plusieurs fois je me suis retrouv\u00e9 en difficult\u00e9 en cas de freinage d&rsquo;urgence \u00e0 grande vitesse.<\/p>\n\n\n\n<p>J&rsquo;ai donc entrepris d&rsquo;installer un frein \u00e0 disque \u00e0 l&rsquo;avant tant pour l\u2019esth\u00e9tique que pour la s\u00e9curit\u00e9.<br \/>Je souhaite conserver la fourche d&rsquo;origine m\u00eame si cela complique bien l&rsquo;adaptation. Les fourches invers\u00e9es sont d\u00e9j\u00e0 \u00e9quip\u00e9es de l&#8217;emplacement pour fixer un \u00e9trier mais visuellement ces fourches plus modernes ne sont pas adapt\u00e9es \u00e0 l&rsquo;allure g\u00e9n\u00e9rale du Proto. Donc il va falloir fixer l&rsquo;\u00e9trier sur la patte au bout des plongeurs.<\/p>\n\n\n\n<p>On fait quelques essais \u00e0 blanc avec des morceaux de carton. Le disque sera un 180 mm, le 210mm d\u00e9porte trop l&rsquo;\u00e9trier et n&rsquo;est pas esth\u00e9tique.<\/p>\n\n\n\n<figure class=\"wp-block-image size-large\"><a href=\"http:\/\/springbok-kart.com\/wp-content\/uploads\/2025\/01\/20240805_172043-1-scaled.jpg\"><img loading=\"lazy\" decoding=\"async\" width=\"1024\" height=\"577\" src=\"http:\/\/springbok-kart.com\/wp-content\/uploads\/2025\/01\/20240805_172043-1-1024x577.jpg\" alt=\"\" class=\"wp-image-3066\" srcset=\"https:\/\/springbok-kart.com\/wp-content\/uploads\/2025\/01\/20240805_172043-1-1024x577.jpg 1024w, https:\/\/springbok-kart.com\/wp-content\/uploads\/2025\/01\/20240805_172043-1-300x169.jpg 300w, https:\/\/springbok-kart.com\/wp-content\/uploads\/2025\/01\/20240805_172043-1-768x432.jpg 768w, https:\/\/springbok-kart.com\/wp-content\/uploads\/2025\/01\/20240805_172043-1-1536x865.jpg 1536w, https:\/\/springbok-kart.com\/wp-content\/uploads\/2025\/01\/20240805_172043-1-2048x1153.jpg 2048w, https:\/\/springbok-kart.com\/wp-content\/uploads\/2025\/01\/20240805_172043-1-500x282.jpg 500w\" sizes=\"auto, (max-width: 1024px) 100vw, 1024px\" \/><\/a><\/figure>\n\n\n\n<p>La position de l&rsquo;\u00e9trier sera \u00e0 l&rsquo;arri\u00e8re du plongeur et au dessus du hauban du garde boue. Le choix de l&rsquo;\u00e9trier est restreint car il me faut un mod\u00e8le pas trop encombrant qui puisse tenir dans ce petit espace. J&rsquo;ai choisi un kit de frein pour mini moto avec un \u00e9trier flottant sur Aliexpress.<\/p>\n\n\n\n<figure class=\"wp-block-image size-full\"><a href=\"http:\/\/springbok-kart.com\/wp-content\/uploads\/2025\/01\/image-1.webp\"><img loading=\"lazy\" decoding=\"async\" width=\"800\" height=\"800\" src=\"http:\/\/springbok-kart.com\/wp-content\/uploads\/2025\/01\/image-1.webp\" alt=\"\" class=\"wp-image-3055\" srcset=\"https:\/\/springbok-kart.com\/wp-content\/uploads\/2025\/01\/image-1.webp 800w, https:\/\/springbok-kart.com\/wp-content\/uploads\/2025\/01\/image-1-300x300.webp 300w, https:\/\/springbok-kart.com\/wp-content\/uploads\/2025\/01\/image-1-150x150.webp 150w, https:\/\/springbok-kart.com\/wp-content\/uploads\/2025\/01\/image-1-768x768.webp 768w, https:\/\/springbok-kart.com\/wp-content\/uploads\/2025\/01\/image-1-100x100.webp 100w\" sizes=\"auto, (max-width: 800px) 100vw, 800px\" \/><\/a><\/figure>\n\n\n\n<figure class=\"wp-block-image size-full\"><a href=\"http:\/\/springbok-kart.com\/wp-content\/uploads\/2025\/01\/image-2.webp\"><img loading=\"lazy\" decoding=\"async\" width=\"800\" height=\"800\" src=\"http:\/\/springbok-kart.com\/wp-content\/uploads\/2025\/01\/image-2.webp\" alt=\"\" class=\"wp-image-3056\" srcset=\"https:\/\/springbok-kart.com\/wp-content\/uploads\/2025\/01\/image-2.webp 800w, https:\/\/springbok-kart.com\/wp-content\/uploads\/2025\/01\/image-2-300x300.webp 300w, https:\/\/springbok-kart.com\/wp-content\/uploads\/2025\/01\/image-2-150x150.webp 150w, https:\/\/springbok-kart.com\/wp-content\/uploads\/2025\/01\/image-2-768x768.webp 768w, https:\/\/springbok-kart.com\/wp-content\/uploads\/2025\/01\/image-2-100x100.webp 100w\" sizes=\"auto, (max-width: 800px) 100vw, 800px\" \/><\/a><\/figure>\n\n\n\n<figure class=\"wp-block-image size-full\"><a href=\"http:\/\/springbok-kart.com\/wp-content\/uploads\/2025\/01\/image-3.webp\"><img loading=\"lazy\" decoding=\"async\" width=\"800\" height=\"800\" src=\"http:\/\/springbok-kart.com\/wp-content\/uploads\/2025\/01\/image-3.webp\" alt=\"\" class=\"wp-image-3057\" srcset=\"https:\/\/springbok-kart.com\/wp-content\/uploads\/2025\/01\/image-3.webp 800w, https:\/\/springbok-kart.com\/wp-content\/uploads\/2025\/01\/image-3-300x300.webp 300w, https:\/\/springbok-kart.com\/wp-content\/uploads\/2025\/01\/image-3-150x150.webp 150w, https:\/\/springbok-kart.com\/wp-content\/uploads\/2025\/01\/image-3-768x768.webp 768w, https:\/\/springbok-kart.com\/wp-content\/uploads\/2025\/01\/image-3-100x100.webp 100w\" sizes=\"auto, (max-width: 800px) 100vw, 800px\" \/><\/a><\/figure>\n\n\n\n<p>Ensuite il me fallait un disque d&rsquo;une taille adapt\u00e9e et pas trop moche. J&rsquo;ai choisi ce mod\u00e8le avec un al\u00e9sage de 40mm<\/p>\n\n\n\n<figure class=\"wp-block-image size-full\"><a href=\"http:\/\/springbok-kart.com\/wp-content\/uploads\/2025\/01\/image-4.webp\"><img loading=\"lazy\" decoding=\"async\" width=\"850\" height=\"850\" src=\"http:\/\/springbok-kart.com\/wp-content\/uploads\/2025\/01\/image-4.webp\" alt=\"\" class=\"wp-image-3058\" srcset=\"https:\/\/springbok-kart.com\/wp-content\/uploads\/2025\/01\/image-4.webp 850w, https:\/\/springbok-kart.com\/wp-content\/uploads\/2025\/01\/image-4-300x300.webp 300w, https:\/\/springbok-kart.com\/wp-content\/uploads\/2025\/01\/image-4-150x150.webp 150w, https:\/\/springbok-kart.com\/wp-content\/uploads\/2025\/01\/image-4-768x768.webp 768w, https:\/\/springbok-kart.com\/wp-content\/uploads\/2025\/01\/image-4-100x100.webp 100w\" sizes=\"auto, (max-width: 850px) 100vw, 850px\" \/><\/a><\/figure>\n\n\n\n<p>Voici le dessin de la pi\u00e8ce la plus importante qui permet la fixation de l&rsquo;\u00e9trier sur le plongeur droit de la fourche. \u00e0 d\u00e9couper et percer dans une t\u00f4le d&rsquo;alu de 6mm.<\/p>\n\n\n\n<figure class=\"wp-block-image size-large\"><a href=\"http:\/\/springbok-kart.com\/wp-content\/uploads\/2025\/01\/Capture-decran-2025-01-04-120803.png\"><img loading=\"lazy\" decoding=\"async\" width=\"1024\" height=\"596\" src=\"http:\/\/springbok-kart.com\/wp-content\/uploads\/2025\/01\/Capture-decran-2025-01-04-120803-1024x596.png\" alt=\"\" class=\"wp-image-3052\" srcset=\"https:\/\/springbok-kart.com\/wp-content\/uploads\/2025\/01\/Capture-decran-2025-01-04-120803-1024x596.png 1024w, https:\/\/springbok-kart.com\/wp-content\/uploads\/2025\/01\/Capture-decran-2025-01-04-120803-300x175.png 300w, https:\/\/springbok-kart.com\/wp-content\/uploads\/2025\/01\/Capture-decran-2025-01-04-120803-768x447.png 768w, https:\/\/springbok-kart.com\/wp-content\/uploads\/2025\/01\/Capture-decran-2025-01-04-120803-1536x894.png 1536w, https:\/\/springbok-kart.com\/wp-content\/uploads\/2025\/01\/Capture-decran-2025-01-04-120803-2048x1192.png 2048w, https:\/\/springbok-kart.com\/wp-content\/uploads\/2025\/01\/Capture-decran-2025-01-04-120803-500x291.png 500w\" sizes=\"auto, (max-width: 1024px) 100vw, 1024px\" \/><\/a><\/figure>\n\n\n\n<figure class=\"wp-block-image size-large\"><a href=\"http:\/\/springbok-kart.com\/wp-content\/uploads\/2025\/01\/Capture-decran-2025-01-04-121754.png\"><img loading=\"lazy\" decoding=\"async\" width=\"1024\" height=\"494\" src=\"http:\/\/springbok-kart.com\/wp-content\/uploads\/2025\/01\/Capture-decran-2025-01-04-121754-1024x494.png\" alt=\"\" class=\"wp-image-3053\" srcset=\"https:\/\/springbok-kart.com\/wp-content\/uploads\/2025\/01\/Capture-decran-2025-01-04-121754-1024x494.png 1024w, https:\/\/springbok-kart.com\/wp-content\/uploads\/2025\/01\/Capture-decran-2025-01-04-121754-300x145.png 300w, https:\/\/springbok-kart.com\/wp-content\/uploads\/2025\/01\/Capture-decran-2025-01-04-121754-768x370.png 768w, https:\/\/springbok-kart.com\/wp-content\/uploads\/2025\/01\/Capture-decran-2025-01-04-121754-1536x741.png 1536w, https:\/\/springbok-kart.com\/wp-content\/uploads\/2025\/01\/Capture-decran-2025-01-04-121754-2048x988.png 2048w, https:\/\/springbok-kart.com\/wp-content\/uploads\/2025\/01\/Capture-decran-2025-01-04-121754-500x241.png 500w\" sizes=\"auto, (max-width: 1024px) 100vw, 1024px\" \/><\/a><\/figure>\n\n\n\n<p>Pour fixer le disque j&rsquo;ai tourn\u00e9 une flasque d&rsquo;alu emmanch\u00e9e de force et coll\u00e9e \u00e0 la place du tambour de frein. <\/p>\n\n\n\n<p>D\u00e9montage complet de tous les joints et pistons de l&rsquo;\u00e9trier et de la pompe.  Passage \u00e0 la peinture \u00e9poxy vermicul\u00e9e et mise au four \u00e0 230\u00b0C pendant 20 mn.<br \/>Il faudra que je vous parle de ce proc\u00e9d\u00e9 de peinture \u00e9lectrostatique, qui a beaucoup d&rsquo;avantages pour nous les bricoleurs \ud83d\ude42<br \/>Remontage avec une petite fantaisie sur le couvercle de la pompe qui m&rsquo;a pris 1\/2 journ\u00e9e tout de m\u00eame.<\/p>\n\n\n\n<figure class=\"wp-block-image size-large\"><a href=\"http:\/\/springbok-kart.com\/wp-content\/uploads\/2025\/01\/20240913_132110-rotated.jpg\"><img loading=\"lazy\" decoding=\"async\" width=\"473\" height=\"1024\" src=\"http:\/\/springbok-kart.com\/wp-content\/uploads\/2025\/01\/20240913_132110-473x1024.jpg\" alt=\"\" class=\"wp-image-3059\" srcset=\"https:\/\/springbok-kart.com\/wp-content\/uploads\/2025\/01\/20240913_132110-473x1024.jpg 473w, https:\/\/springbok-kart.com\/wp-content\/uploads\/2025\/01\/20240913_132110-139x300.jpg 139w, https:\/\/springbok-kart.com\/wp-content\/uploads\/2025\/01\/20240913_132110-768x1662.jpg 768w, https:\/\/springbok-kart.com\/wp-content\/uploads\/2025\/01\/20240913_132110-710x1536.jpg 710w, https:\/\/springbok-kart.com\/wp-content\/uploads\/2025\/01\/20240913_132110-946x2048.jpg 946w, https:\/\/springbok-kart.com\/wp-content\/uploads\/2025\/01\/20240913_132110-300x649.jpg 300w, https:\/\/springbok-kart.com\/wp-content\/uploads\/2025\/01\/20240913_132110-rotated.jpg 1018w\" sizes=\"auto, (max-width: 473px) 100vw, 473px\" \/><\/a><\/figure>\n\n\n\n<figure class=\"wp-block-image size-large\"><a href=\"http:\/\/springbok-kart.com\/wp-content\/uploads\/2025\/01\/20240913_132040.jpg\"><img loading=\"lazy\" decoding=\"async\" width=\"1024\" height=\"473\" src=\"http:\/\/springbok-kart.com\/wp-content\/uploads\/2025\/01\/20240913_132040-1024x473.jpg\" alt=\"\" class=\"wp-image-3060\" srcset=\"https:\/\/springbok-kart.com\/wp-content\/uploads\/2025\/01\/20240913_132040-1024x473.jpg 1024w, https:\/\/springbok-kart.com\/wp-content\/uploads\/2025\/01\/20240913_132040-300x139.jpg 300w, https:\/\/springbok-kart.com\/wp-content\/uploads\/2025\/01\/20240913_132040-768x355.jpg 768w, https:\/\/springbok-kart.com\/wp-content\/uploads\/2025\/01\/20240913_132040-1536x710.jpg 1536w, https:\/\/springbok-kart.com\/wp-content\/uploads\/2025\/01\/20240913_132040-2048x946.jpg 2048w, https:\/\/springbok-kart.com\/wp-content\/uploads\/2025\/01\/20240913_132040-500x231.jpg 500w\" sizes=\"auto, (max-width: 1024px) 100vw, 1024px\" \/><\/a><\/figure>\n\n\n\n<figure class=\"wp-block-image size-large\"><a href=\"http:\/\/springbok-kart.com\/wp-content\/uploads\/2025\/01\/20240913_132047.jpg\"><img loading=\"lazy\" decoding=\"async\" width=\"1024\" height=\"473\" src=\"http:\/\/springbok-kart.com\/wp-content\/uploads\/2025\/01\/20240913_132047-1024x473.jpg\" alt=\"\" class=\"wp-image-3061\" srcset=\"https:\/\/springbok-kart.com\/wp-content\/uploads\/2025\/01\/20240913_132047-1024x473.jpg 1024w, https:\/\/springbok-kart.com\/wp-content\/uploads\/2025\/01\/20240913_132047-300x139.jpg 300w, https:\/\/springbok-kart.com\/wp-content\/uploads\/2025\/01\/20240913_132047-768x355.jpg 768w, https:\/\/springbok-kart.com\/wp-content\/uploads\/2025\/01\/20240913_132047-1536x710.jpg 1536w, https:\/\/springbok-kart.com\/wp-content\/uploads\/2025\/01\/20240913_132047-2048x946.jpg 2048w, https:\/\/springbok-kart.com\/wp-content\/uploads\/2025\/01\/20240913_132047-500x231.jpg 500w\" sizes=\"auto, (max-width: 1024px) 100vw, 1024px\" \/><\/a><\/figure>\n\n\n\n<h2 class=\"wp-block-heading\">Conclusions:<\/h2>\n\n\n\n<p>Pour quelques dizaines d&rsquo;euros on a un syst\u00e8me de frein plus moderne.<br \/>M\u00eame si le freinage s&rsquo;est am\u00e9lior\u00e9 c&rsquo;est loin d&rsquo;\u00eatre suffisant comme force de d\u00e9c\u00e9l\u00e9ration, il faudrait un \u00e9trier plus gros mais c&rsquo;est incompatible avec la fourche et le peu de place dont on dispose, donc c&rsquo;est un compromis.<br \/>Cot\u00e9 esth\u00e9tique cela me convient en restant dans l&rsquo;esprit n\u00e9o-r\u00e9tro du projet.<\/p>\n\n\n\n<p><br \/>Pour ceux qui veulent faire la modification sur leur monture je pense que le plus difficile sera peut \u00eatre de trouver un tourneur de bonne volont\u00e9 pour faire usiner la flasque qui prend la place du tambour et sur laquelle on fixe le disque. Vous avez le plan pour le support de l&rsquo;\u00e9trier qui demande un peu de patience pour la d\u00e9coupe de l&rsquo;aluminium avec une scie sauteuse et une lime . Le reste n&rsquo;est que de l&rsquo;assemblage.<\/p>\n\n\n\n<p><\/p>\n","protected":false},"excerpt":{"rendered":"<p>Cette fin d&rsquo;ann\u00e9e 2024, le proto a pris environ 350km lors des diff\u00e9rentes sorties. Ce n&rsquo;est pas beaucoup mais j&rsquo;ai plusieurs mobs \u00e0 faire rouler et celle-ci n&rsquo;est pas des plus \u00ab\u00a0confortable\u00a0\u00bb. De plus \u00e0 l&rsquo;usage les freins ne sont &hellip; <a href=\"https:\/\/springbok-kart.com\/?page_id=3051\">Continuer la lecture <span class=\"meta-nav\">&rarr;<\/span><\/a><\/p>\n","protected":false},"author":1,"featured_media":0,"parent":0,"menu_order":0,"comment_status":"closed","ping_status":"closed","template":"","meta":{"sfsi_plus_gutenberg_text_before_share":"","sfsi_plus_gutenberg_show_text_before_share":"","sfsi_plus_gutenberg_icon_type":"","sfsi_plus_gutenberg_icon_alignemt":"","sfsi_plus_gutenburg_max_per_row":"","_monsterinsights_skip_tracking":false,"_monsterinsights_sitenote_active":false,"_monsterinsights_sitenote_note":"","_monsterinsights_sitenote_category":0,"footnotes":""},"class_list":["post-3051","page","type-page","status-publish","hentry"],"yoast_head":"<!-- This site is optimized with the Yoast SEO plugin v27.5 - https:\/\/yoast.com\/product\/yoast-seo-wordpress\/ -->\n<title>Frein \u00e0 disque sur le Proto Motob\u00e9cane AV79 de 1959 - Springbok kart<\/title>\n<meta name=\"robots\" content=\"index, follow, max-snippet:-1, max-image-preview:large, max-video-preview:-1\" \/>\n<link rel=\"canonical\" href=\"http:\/\/springbok-kart.com\/?page_id=3051\" \/>\n<meta property=\"og:locale\" content=\"fr_FR\" \/>\n<meta property=\"og:type\" content=\"article\" \/>\n<meta property=\"og:title\" content=\"Frein \u00e0 disque sur le Proto Motob\u00e9cane AV79 de 1959 - Springbok kart\" \/>\n<meta property=\"og:description\" content=\"Cette fin d&rsquo;ann\u00e9e 2024, le proto a pris environ 350km lors des diff\u00e9rentes sorties. Ce n&rsquo;est pas beaucoup mais j&rsquo;ai plusieurs mobs \u00e0 faire rouler et celle-ci n&rsquo;est pas des plus \u00ab\u00a0confortable\u00a0\u00bb. De plus \u00e0 l&rsquo;usage les freins ne sont &hellip; Continuer la lecture &rarr;\" \/>\n<meta property=\"og:url\" content=\"http:\/\/springbok-kart.com\/?page_id=3051\" \/>\n<meta property=\"og:site_name\" content=\"Springbok kart\" \/>\n<meta property=\"article:modified_time\" content=\"2025-07-25T05:36:45+00:00\" \/>\n<meta property=\"og:image\" content=\"http:\/\/springbok-kart.com\/wp-content\/uploads\/2025\/01\/20240913_132020-1024x473.jpg\" \/>\n<meta name=\"twitter:card\" content=\"summary_large_image\" \/>\n<meta name=\"twitter:label1\" content=\"Dur\u00e9e de lecture estim\u00e9e\" \/>\n\t<meta name=\"twitter:data1\" content=\"5 minutes\" \/>\n<script type=\"application\/ld+json\" class=\"yoast-schema-graph\">{\"@context\":\"https:\\\/\\\/schema.org\",\"@graph\":[{\"@type\":\"WebPage\",\"@id\":\"http:\\\/\\\/springbok-kart.com\\\/?page_id=3051\",\"url\":\"http:\\\/\\\/springbok-kart.com\\\/?page_id=3051\",\"name\":\"Frein \u00e0 disque sur le Proto Motob\u00e9cane AV79 de 1959 - Springbok kart\",\"isPartOf\":{\"@id\":\"http:\\\/\\\/springbok-kart.com\\\/#website\"},\"primaryImageOfPage\":{\"@id\":\"http:\\\/\\\/springbok-kart.com\\\/?page_id=3051#primaryimage\"},\"image\":{\"@id\":\"http:\\\/\\\/springbok-kart.com\\\/?page_id=3051#primaryimage\"},\"thumbnailUrl\":\"http:\\\/\\\/springbok-kart.com\\\/wp-content\\\/uploads\\\/2025\\\/01\\\/20240913_132020-1024x473.jpg\",\"datePublished\":\"2025-01-04T12:29:58+00:00\",\"dateModified\":\"2025-07-25T05:36:45+00:00\",\"breadcrumb\":{\"@id\":\"http:\\\/\\\/springbok-kart.com\\\/?page_id=3051#breadcrumb\"},\"inLanguage\":\"fr-FR\",\"potentialAction\":[{\"@type\":\"ReadAction\",\"target\":[\"http:\\\/\\\/springbok-kart.com\\\/?page_id=3051\"]}]},{\"@type\":\"ImageObject\",\"inLanguage\":\"fr-FR\",\"@id\":\"http:\\\/\\\/springbok-kart.com\\\/?page_id=3051#primaryimage\",\"url\":\"https:\\\/\\\/springbok-kart.com\\\/wp-content\\\/uploads\\\/2025\\\/01\\\/20240913_132020.jpg\",\"contentUrl\":\"https:\\\/\\\/springbok-kart.com\\\/wp-content\\\/uploads\\\/2025\\\/01\\\/20240913_132020.jpg\",\"width\":1644,\"height\":759},{\"@type\":\"BreadcrumbList\",\"@id\":\"http:\\\/\\\/springbok-kart.com\\\/?page_id=3051#breadcrumb\",\"itemListElement\":[{\"@type\":\"ListItem\",\"position\":1,\"name\":\"Accueil\",\"item\":\"http:\\\/\\\/springbok-kart.com\\\/\"},{\"@type\":\"ListItem\",\"position\":2,\"name\":\"Frein \u00e0 disque sur le Proto Motob\u00e9cane AV79 de 1959\"}]},{\"@type\":\"WebSite\",\"@id\":\"http:\\\/\\\/springbok-kart.com\\\/#website\",\"url\":\"http:\\\/\\\/springbok-kart.com\\\/\",\"name\":\"Springbok kart\",\"description\":\"\",\"publisher\":{\"@id\":\"http:\\\/\\\/springbok-kart.com\\\/#organization\"},\"potentialAction\":[{\"@type\":\"SearchAction\",\"target\":{\"@type\":\"EntryPoint\",\"urlTemplate\":\"http:\\\/\\\/springbok-kart.com\\\/?s={search_term_string}\"},\"query-input\":{\"@type\":\"PropertyValueSpecification\",\"valueRequired\":true,\"valueName\":\"search_term_string\"}}],\"inLanguage\":\"fr-FR\"},{\"@type\":\"Organization\",\"@id\":\"http:\\\/\\\/springbok-kart.com\\\/#organization\",\"name\":\"Springbok kart\",\"url\":\"http:\\\/\\\/springbok-kart.com\\\/\",\"logo\":{\"@type\":\"ImageObject\",\"inLanguage\":\"fr-FR\",\"@id\":\"http:\\\/\\\/springbok-kart.com\\\/#\\\/schema\\\/logo\\\/image\\\/\",\"url\":\"https:\\\/\\\/springbok-kart.com\\\/wp-content\\\/uploads\\\/2016\\\/01\\\/Montage-bleu_747x954.png\",\"contentUrl\":\"https:\\\/\\\/springbok-kart.com\\\/wp-content\\\/uploads\\\/2016\\\/01\\\/Montage-bleu_747x954.png\",\"width\":747,\"height\":954,\"caption\":\"Springbok kart\"},\"image\":{\"@id\":\"http:\\\/\\\/springbok-kart.com\\\/#\\\/schema\\\/logo\\\/image\\\/\"}}]}<\/script>\n<!-- \/ Yoast SEO plugin. -->","yoast_head_json":{"title":"Frein \u00e0 disque sur le Proto Motob\u00e9cane AV79 de 1959 - Springbok kart","robots":{"index":"index","follow":"follow","max-snippet":"max-snippet:-1","max-image-preview":"max-image-preview:large","max-video-preview":"max-video-preview:-1"},"canonical":"http:\/\/springbok-kart.com\/?page_id=3051","og_locale":"fr_FR","og_type":"article","og_title":"Frein \u00e0 disque sur le Proto Motob\u00e9cane AV79 de 1959 - Springbok kart","og_description":"Cette fin d&rsquo;ann\u00e9e 2024, le proto a pris environ 350km lors des diff\u00e9rentes sorties. Ce n&rsquo;est pas beaucoup mais j&rsquo;ai plusieurs mobs \u00e0 faire rouler et celle-ci n&rsquo;est pas des plus \u00ab\u00a0confortable\u00a0\u00bb. De plus \u00e0 l&rsquo;usage les freins ne sont &hellip; Continuer la lecture &rarr;","og_url":"http:\/\/springbok-kart.com\/?page_id=3051","og_site_name":"Springbok kart","article_modified_time":"2025-07-25T05:36:45+00:00","og_image":[{"url":"http:\/\/springbok-kart.com\/wp-content\/uploads\/2025\/01\/20240913_132020-1024x473.jpg","type":"","width":"","height":""}],"twitter_card":"summary_large_image","twitter_misc":{"Dur\u00e9e de lecture estim\u00e9e":"5 minutes"},"schema":{"@context":"https:\/\/schema.org","@graph":[{"@type":"WebPage","@id":"http:\/\/springbok-kart.com\/?page_id=3051","url":"http:\/\/springbok-kart.com\/?page_id=3051","name":"Frein \u00e0 disque sur le Proto Motob\u00e9cane AV79 de 1959 - Springbok kart","isPartOf":{"@id":"http:\/\/springbok-kart.com\/#website"},"primaryImageOfPage":{"@id":"http:\/\/springbok-kart.com\/?page_id=3051#primaryimage"},"image":{"@id":"http:\/\/springbok-kart.com\/?page_id=3051#primaryimage"},"thumbnailUrl":"http:\/\/springbok-kart.com\/wp-content\/uploads\/2025\/01\/20240913_132020-1024x473.jpg","datePublished":"2025-01-04T12:29:58+00:00","dateModified":"2025-07-25T05:36:45+00:00","breadcrumb":{"@id":"http:\/\/springbok-kart.com\/?page_id=3051#breadcrumb"},"inLanguage":"fr-FR","potentialAction":[{"@type":"ReadAction","target":["http:\/\/springbok-kart.com\/?page_id=3051"]}]},{"@type":"ImageObject","inLanguage":"fr-FR","@id":"http:\/\/springbok-kart.com\/?page_id=3051#primaryimage","url":"https:\/\/springbok-kart.com\/wp-content\/uploads\/2025\/01\/20240913_132020.jpg","contentUrl":"https:\/\/springbok-kart.com\/wp-content\/uploads\/2025\/01\/20240913_132020.jpg","width":1644,"height":759},{"@type":"BreadcrumbList","@id":"http:\/\/springbok-kart.com\/?page_id=3051#breadcrumb","itemListElement":[{"@type":"ListItem","position":1,"name":"Accueil","item":"http:\/\/springbok-kart.com\/"},{"@type":"ListItem","position":2,"name":"Frein \u00e0 disque sur le Proto Motob\u00e9cane AV79 de 1959"}]},{"@type":"WebSite","@id":"http:\/\/springbok-kart.com\/#website","url":"http:\/\/springbok-kart.com\/","name":"Springbok kart","description":"","publisher":{"@id":"http:\/\/springbok-kart.com\/#organization"},"potentialAction":[{"@type":"SearchAction","target":{"@type":"EntryPoint","urlTemplate":"http:\/\/springbok-kart.com\/?s={search_term_string}"},"query-input":{"@type":"PropertyValueSpecification","valueRequired":true,"valueName":"search_term_string"}}],"inLanguage":"fr-FR"},{"@type":"Organization","@id":"http:\/\/springbok-kart.com\/#organization","name":"Springbok kart","url":"http:\/\/springbok-kart.com\/","logo":{"@type":"ImageObject","inLanguage":"fr-FR","@id":"http:\/\/springbok-kart.com\/#\/schema\/logo\/image\/","url":"https:\/\/springbok-kart.com\/wp-content\/uploads\/2016\/01\/Montage-bleu_747x954.png","contentUrl":"https:\/\/springbok-kart.com\/wp-content\/uploads\/2016\/01\/Montage-bleu_747x954.png","width":747,"height":954,"caption":"Springbok kart"},"image":{"@id":"http:\/\/springbok-kart.com\/#\/schema\/logo\/image\/"}}]}},"_links":{"self":[{"href":"https:\/\/springbok-kart.com\/index.php?rest_route=\/wp\/v2\/pages\/3051","targetHints":{"allow":["GET"]}}],"collection":[{"href":"https:\/\/springbok-kart.com\/index.php?rest_route=\/wp\/v2\/pages"}],"about":[{"href":"https:\/\/springbok-kart.com\/index.php?rest_route=\/wp\/v2\/types\/page"}],"author":[{"embeddable":true,"href":"https:\/\/springbok-kart.com\/index.php?rest_route=\/wp\/v2\/users\/1"}],"replies":[{"embeddable":true,"href":"https:\/\/springbok-kart.com\/index.php?rest_route=%2Fwp%2Fv2%2Fcomments&post=3051"}],"version-history":[{"count":4,"href":"https:\/\/springbok-kart.com\/index.php?rest_route=\/wp\/v2\/pages\/3051\/revisions"}],"predecessor-version":[{"id":3118,"href":"https:\/\/springbok-kart.com\/index.php?rest_route=\/wp\/v2\/pages\/3051\/revisions\/3118"}],"wp:attachment":[{"href":"https:\/\/springbok-kart.com\/index.php?rest_route=%2Fwp%2Fv2%2Fmedia&parent=3051"}],"curies":[{"name":"wp","href":"https:\/\/api.w.org\/{rel}","templated":true}]}}