{"id":80,"date":"2013-02-01T21:33:15","date_gmt":"2013-02-01T20:33:15","guid":{"rendered":"http:\/\/springbok-kart.com\/?page_id=80"},"modified":"2024-02-05T09:11:06","modified_gmt":"2024-02-05T08:11:06","slug":"80-2","status":"publish","type":"page","link":"https:\/\/springbok-kart.com\/","title":{"rendered":"Bienvenue"},"content":{"rendered":"\n<p>Nouveau:<\/p>\n\n\n\n<p><a href=\"http:\/\/springbok-kart.com\/?page_id=2705\">Construire un banc \u00e0 rouleau pour Mobylette.<\/a><\/p>\n\n\n\n<p><\/p>\n\n\n<h2><span style=\"color: #ffcc99;\">\u00a0<\/span><\/h2>\n<div id=\"attachment_2606\" style=\"width: 1138px\" class=\"wp-caption alignright\"><a href=\"http:\/\/springbok-kart.com\/wp-content\/uploads\/2018\/03\/GDJ-K10-1.jpg\"><img loading=\"lazy\" decoding=\"async\" aria-describedby=\"caption-attachment-2606\" class=\"wp-image-2606 size-full\" src=\"http:\/\/springbok-kart.com\/wp-content\/uploads\/2018\/03\/GDJ-K10-1.jpg\" alt=\"\" width=\"1128\" height=\"703\" srcset=\"https:\/\/springbok-kart.com\/wp-content\/uploads\/2018\/03\/GDJ-K10-1.jpg 1128w, https:\/\/springbok-kart.com\/wp-content\/uploads\/2018\/03\/GDJ-K10-1-300x187.jpg 300w, https:\/\/springbok-kart.com\/wp-content\/uploads\/2018\/03\/GDJ-K10-1-768x479.jpg 768w, https:\/\/springbok-kart.com\/wp-content\/uploads\/2018\/03\/GDJ-K10-1-1024x638.jpg 1024w, https:\/\/springbok-kart.com\/wp-content\/uploads\/2018\/03\/GDJ-K10-1-481x300.jpg 481w\" sizes=\"auto, (max-width: 1128px) 100vw, 1128px\" \/><\/a><p id=\"caption-attachment-2606\" class=\"wp-caption-text\">Banc de puissance \u00e0 frein \u00e9lectrique de 5 \u00e0 14,7 cv<\/p><\/div>\n<h1>A tous les passionn\u00e9s de m\u00e9canique et de comp\u00e9tition,<\/h1>\n<p>Nous vous pouvons vous fournir les composants indispensables\u00a0 pour r\u00e9aliser des mesures de puissance et de couple sur moteurs thermiques Auto, moto, cyclo, kart, ULM etc&#8230;<\/p>\n<p>Ce mat\u00e9riel est pr\u00e9vu pour \u00eatre install\u00e9 sur des bancs de puissance en auto-construction ou sur des bancs anciens et n\u00e9cessitant un remplacement des \u00e9l\u00e9ments \u00e9lectriques et \u00e9lectroniques.<\/p>\n<p>Vous pouvez nous joindre au 0951 182 458 si vous ne trouvez pas le renseignement sur notre site.<\/p>\n<h2>Important:<\/h2>\n<p>Que ce soit dans le cadre d&rsquo;une modernisation d&rsquo;un banc existant ou pour \u00e9quiper un banc en autoconstruction, des r\u00e8gles de s\u00e9curit\u00e9 s&rsquo;appliquent. <a href=\"http:\/\/springbok-kart.com\/?page_id=2591\">Quelques explications sur cette page<\/a>.<\/p>\n<h1>Techniques de mesures de la puissance et du couple<\/h1>\n<p>Il existe principalement 2 types de mesures du couple et de la puissance d&rsquo;un moteur thermique.<\/p>\n<p>Les bancs \u00e0 inertie: on mesure l&rsquo;acc\u00e9l\u00e9ration angulaire d&rsquo;une masse connue. L&rsquo;avantage de cette technique, c&rsquo;est sa simplicit\u00e9, il suffit d&rsquo;entrainer en rotation un volant \u00e0 inertie et de mesurer sa vitesse pendant l&rsquo;acc\u00e9l\u00e9ration du moteur. L&rsquo;inconv\u00e9nient c&rsquo;est l&rsquo;impossibilit\u00e9 de pouvoir simuler les conditions d&rsquo;utilisation du moteur dans des conditions proches de la r\u00e9alit\u00e9.<\/p>\n<p>Les bancs \u00e0 frein. on mesure le couple sur un frein qui stabilise la vitesse du moteur \u00e0 une valeur donn\u00e9e. L&rsquo;avantage est de pouvoir simuler les efforts que le moteur doit fournir sur route. On est tr\u00e8s proche de la r\u00e9alit\u00e9 et il est possible de recr\u00e9er toutes les s\u00e9quences de charge et de vitesse d&rsquo;un circuit. L&rsquo;inconv\u00e9nient est la complexit\u00e9 de la partie m\u00e9canique et de la gestion du frein.<\/p>\n<p>Le frein peut \u00eatre m\u00e9canique comme sur une voiture ou un camion. Ce principe ne permet pas de faire des simulations. c&rsquo;est simple mais l&rsquo;on se trouve avec les m\u00eames inconv\u00e9nients que le banc \u00e0 inertie.<\/p>\n<p>Le frein peut \u00eatre hydraulique (huile ou eau). Le moteur entraine une pompe hydraulique. En r\u00e9duisant le passage du liquide par une vanne r\u00e9glable on modifie la puissance du frein.<\/p>\n<p>Le frein peut \u00eatre \u00e9lectrique. En faisant tourner un disque dans un champ magn\u00e9tique intense, celui-ci g\u00e9n\u00e8re des courants de Foucault qui produisent des forces qui s\u2019opposent \u00e0 la rotation du rotor (forces de Laplace) . Le couple de freinage, ainsi produit et appliqu\u00e9 sur l\u2019arbre de transmission du moteur ou sur les rouleaux du banc.<\/p>\n<h1>Les types de banc<\/h1>\n<p>Il existe principalement 2 types de banc<\/p>\n<p>Les bancs fixes sur lesquels ont installe le moteur thermique pour faire les mesures.<\/p>\n<p>Les bancs \u00e0 rouleaux sur lesquels ont pose l&rsquo;engin motoris\u00e9.<\/p>\n<h1>La gamme SportDevice:<\/h1>\n<p><a href=\"http:\/\/springbok-kart.com\/wp-content\/uploads\/2024\/02\/iovyq7x5.bmp\"><img loading=\"lazy\" decoding=\"async\" class=\"alignright wp-image-3010 size-full\" src=\"http:\/\/springbok-kart.com\/wp-content\/uploads\/2024\/02\/iovyq7x5.bmp\" alt=\"\" width=\"835\" height=\"592\" \/><\/a><\/p>\n<p>Le kit SP1 V4 pour les bancs inertiels<\/p>\n<div class=\"mceTemp\">\u00a0<\/div>\n<p>\u00a0<\/p>\n<h2>Nous vous proposons \u00e9galement:<\/h2>\n<ul>\n<li>Toutes les informations utiles pour construire un banc de puissance pour les moteurs de karting. Ces principes de base peuvent servir \u00e9galement pour la construction d&rsquo;un banc pour mesurer la puissance \u00e0 la roue d&rsquo;une moto d&rsquo;un quad ou d&rsquo;une voiture.<\/li>\n<li>Une boutique de vente d&rsquo;interface pour des bancs de puissance, nous sommes revendeur SportDevices<\/li>\n<\/ul>\n<h1>Derniers articles publi\u00e9s<\/h1>\n<h2><a href=\"http:\/\/springbok-kart.com\/?page_id=2411\">Construire un banc de puissance pour moteur de karting (partie1)<\/a><\/h2>\n<h2><a href=\"http:\/\/springbok-kart.com\/?page_id=2514\">Construire un banc de puissance pour moteur de karting avec roue libre (partie2)<\/a><\/h2>\n<h2><a href=\"http:\/\/springbok-kart.com\/?page_id=2705\">Construire un banc \u00e0 rouleau pour Mobylette.<\/a><\/h2>\n\n\n<p><\/p>\n","protected":false},"excerpt":{"rendered":"<p>Nouveau: Construire un banc \u00e0 rouleau pour Mobylette. \u00a0 A tous les passionn\u00e9s de m\u00e9canique et de comp\u00e9tition, Nous vous pouvons vous fournir les composants indispensables\u00a0 pour r\u00e9aliser des mesures de puissance et de couple sur moteurs thermiques Auto, moto, &hellip; <a href=\"https:\/\/springbok-kart.com\/\">Continuer la lecture <span class=\"meta-nav\">&rarr;<\/span><\/a><\/p>\n","protected":false},"author":1,"featured_media":0,"parent":0,"menu_order":0,"comment_status":"closed","ping_status":"open","template":"sidebar-page.php","meta":{"sfsi_plus_gutenberg_text_before_share":"","sfsi_plus_gutenberg_show_text_before_share":"","sfsi_plus_gutenberg_icon_type":"","sfsi_plus_gutenberg_icon_alignemt":"","sfsi_plus_gutenburg_max_per_row":"","_monsterinsights_skip_tracking":false,"_monsterinsights_sitenote_active":false,"_monsterinsights_sitenote_note":"","_monsterinsights_sitenote_category":0,"footnotes":""},"class_list":["post-80","page","type-page","status-publish","hentry"],"yoast_head":"<!-- This site is optimized with the Yoast SEO plugin v27.5 - https:\/\/yoast.com\/product\/yoast-seo-wordpress\/ -->\n<title>Bienvenue - Springbok kart<\/title>\n<meta name=\"robots\" content=\"index, follow, max-snippet:-1, max-image-preview:large, max-video-preview:-1\" \/>\n<link rel=\"canonical\" href=\"http:\/\/springbok-kart.com\/\" \/>\n<meta property=\"og:locale\" content=\"fr_FR\" \/>\n<meta property=\"og:type\" content=\"article\" \/>\n<meta property=\"og:title\" content=\"Bienvenue - Springbok kart\" \/>\n<meta property=\"og:description\" content=\"Nouveau: Construire un banc \u00e0 rouleau pour Mobylette. \u00a0 A tous les passionn\u00e9s de m\u00e9canique et de comp\u00e9tition, Nous vous pouvons vous fournir les composants indispensables\u00a0 pour r\u00e9aliser des mesures de puissance et de couple sur moteurs thermiques Auto, moto, &hellip; Continuer la lecture &rarr;\" \/>\n<meta property=\"og:url\" content=\"http:\/\/springbok-kart.com\/\" \/>\n<meta property=\"og:site_name\" content=\"Springbok kart\" \/>\n<meta property=\"article:modified_time\" content=\"2024-02-05T08:11:06+00:00\" \/>\n<meta property=\"og:image\" content=\"http:\/\/springbok-kart.com\/wp-content\/uploads\/2018\/03\/GDJ-K10-1.jpg\" \/>\n<meta name=\"twitter:card\" content=\"summary_large_image\" \/>\n<meta name=\"twitter:label1\" content=\"Dur\u00e9e de lecture estim\u00e9e\" \/>\n\t<meta name=\"twitter:data1\" content=\"4 minutes\" \/>\n<script type=\"application\/ld+json\" class=\"yoast-schema-graph\">{\"@context\":\"https:\\\/\\\/schema.org\",\"@graph\":[{\"@type\":\"WebPage\",\"@id\":\"http:\\\/\\\/springbok-kart.com\\\/\",\"url\":\"http:\\\/\\\/springbok-kart.com\\\/\",\"name\":\"Bienvenue - Springbok kart\",\"isPartOf\":{\"@id\":\"http:\\\/\\\/springbok-kart.com\\\/#website\"},\"primaryImageOfPage\":{\"@id\":\"http:\\\/\\\/springbok-kart.com\\\/#primaryimage\"},\"image\":{\"@id\":\"http:\\\/\\\/springbok-kart.com\\\/#primaryimage\"},\"thumbnailUrl\":\"http:\\\/\\\/springbok-kart.com\\\/wp-content\\\/uploads\\\/2018\\\/03\\\/GDJ-K10-1.jpg\",\"datePublished\":\"2013-02-01T20:33:15+00:00\",\"dateModified\":\"2024-02-05T08:11:06+00:00\",\"breadcrumb\":{\"@id\":\"http:\\\/\\\/springbok-kart.com\\\/#breadcrumb\"},\"inLanguage\":\"fr-FR\",\"potentialAction\":[{\"@type\":\"ReadAction\",\"target\":[\"http:\\\/\\\/springbok-kart.com\\\/\"]}]},{\"@type\":\"ImageObject\",\"inLanguage\":\"fr-FR\",\"@id\":\"http:\\\/\\\/springbok-kart.com\\\/#primaryimage\",\"url\":\"http:\\\/\\\/springbok-kart.com\\\/wp-content\\\/uploads\\\/2018\\\/03\\\/GDJ-K10-1.jpg\",\"contentUrl\":\"http:\\\/\\\/springbok-kart.com\\\/wp-content\\\/uploads\\\/2018\\\/03\\\/GDJ-K10-1.jpg\"},{\"@type\":\"BreadcrumbList\",\"@id\":\"http:\\\/\\\/springbok-kart.com\\\/#breadcrumb\",\"itemListElement\":[{\"@type\":\"ListItem\",\"position\":1,\"name\":\"Accueil\",\"item\":\"http:\\\/\\\/springbok-kart.com\\\/\"},{\"@type\":\"ListItem\",\"position\":2,\"name\":\"Bienvenue\"}]},{\"@type\":\"WebSite\",\"@id\":\"http:\\\/\\\/springbok-kart.com\\\/#website\",\"url\":\"http:\\\/\\\/springbok-kart.com\\\/\",\"name\":\"Springbok kart\",\"description\":\"\",\"publisher\":{\"@id\":\"http:\\\/\\\/springbok-kart.com\\\/#organization\"},\"potentialAction\":[{\"@type\":\"SearchAction\",\"target\":{\"@type\":\"EntryPoint\",\"urlTemplate\":\"http:\\\/\\\/springbok-kart.com\\\/?s={search_term_string}\"},\"query-input\":{\"@type\":\"PropertyValueSpecification\",\"valueRequired\":true,\"valueName\":\"search_term_string\"}}],\"inLanguage\":\"fr-FR\"},{\"@type\":\"Organization\",\"@id\":\"http:\\\/\\\/springbok-kart.com\\\/#organization\",\"name\":\"Springbok kart\",\"url\":\"http:\\\/\\\/springbok-kart.com\\\/\",\"logo\":{\"@type\":\"ImageObject\",\"inLanguage\":\"fr-FR\",\"@id\":\"http:\\\/\\\/springbok-kart.com\\\/#\\\/schema\\\/logo\\\/image\\\/\",\"url\":\"https:\\\/\\\/springbok-kart.com\\\/wp-content\\\/uploads\\\/2016\\\/01\\\/Montage-bleu_747x954.png\",\"contentUrl\":\"https:\\\/\\\/springbok-kart.com\\\/wp-content\\\/uploads\\\/2016\\\/01\\\/Montage-bleu_747x954.png\",\"width\":747,\"height\":954,\"caption\":\"Springbok kart\"},\"image\":{\"@id\":\"http:\\\/\\\/springbok-kart.com\\\/#\\\/schema\\\/logo\\\/image\\\/\"}}]}<\/script>\n<!-- \/ Yoast SEO plugin. -->","yoast_head_json":{"title":"Bienvenue - Springbok kart","robots":{"index":"index","follow":"follow","max-snippet":"max-snippet:-1","max-image-preview":"max-image-preview:large","max-video-preview":"max-video-preview:-1"},"canonical":"http:\/\/springbok-kart.com\/","og_locale":"fr_FR","og_type":"article","og_title":"Bienvenue - Springbok kart","og_description":"Nouveau: Construire un banc \u00e0 rouleau pour Mobylette. \u00a0 A tous les passionn\u00e9s de m\u00e9canique et de comp\u00e9tition, Nous vous pouvons vous fournir les composants indispensables\u00a0 pour r\u00e9aliser des mesures de puissance et de couple sur moteurs thermiques Auto, moto, &hellip; Continuer la lecture &rarr;","og_url":"http:\/\/springbok-kart.com\/","og_site_name":"Springbok kart","article_modified_time":"2024-02-05T08:11:06+00:00","og_image":[{"url":"http:\/\/springbok-kart.com\/wp-content\/uploads\/2018\/03\/GDJ-K10-1.jpg","type":"","width":"","height":""}],"twitter_card":"summary_large_image","twitter_misc":{"Dur\u00e9e de lecture estim\u00e9e":"4 minutes"},"schema":{"@context":"https:\/\/schema.org","@graph":[{"@type":"WebPage","@id":"http:\/\/springbok-kart.com\/","url":"http:\/\/springbok-kart.com\/","name":"Bienvenue - Springbok kart","isPartOf":{"@id":"http:\/\/springbok-kart.com\/#website"},"primaryImageOfPage":{"@id":"http:\/\/springbok-kart.com\/#primaryimage"},"image":{"@id":"http:\/\/springbok-kart.com\/#primaryimage"},"thumbnailUrl":"http:\/\/springbok-kart.com\/wp-content\/uploads\/2018\/03\/GDJ-K10-1.jpg","datePublished":"2013-02-01T20:33:15+00:00","dateModified":"2024-02-05T08:11:06+00:00","breadcrumb":{"@id":"http:\/\/springbok-kart.com\/#breadcrumb"},"inLanguage":"fr-FR","potentialAction":[{"@type":"ReadAction","target":["http:\/\/springbok-kart.com\/"]}]},{"@type":"ImageObject","inLanguage":"fr-FR","@id":"http:\/\/springbok-kart.com\/#primaryimage","url":"http:\/\/springbok-kart.com\/wp-content\/uploads\/2018\/03\/GDJ-K10-1.jpg","contentUrl":"http:\/\/springbok-kart.com\/wp-content\/uploads\/2018\/03\/GDJ-K10-1.jpg"},{"@type":"BreadcrumbList","@id":"http:\/\/springbok-kart.com\/#breadcrumb","itemListElement":[{"@type":"ListItem","position":1,"name":"Accueil","item":"http:\/\/springbok-kart.com\/"},{"@type":"ListItem","position":2,"name":"Bienvenue"}]},{"@type":"WebSite","@id":"http:\/\/springbok-kart.com\/#website","url":"http:\/\/springbok-kart.com\/","name":"Springbok kart","description":"","publisher":{"@id":"http:\/\/springbok-kart.com\/#organization"},"potentialAction":[{"@type":"SearchAction","target":{"@type":"EntryPoint","urlTemplate":"http:\/\/springbok-kart.com\/?s={search_term_string}"},"query-input":{"@type":"PropertyValueSpecification","valueRequired":true,"valueName":"search_term_string"}}],"inLanguage":"fr-FR"},{"@type":"Organization","@id":"http:\/\/springbok-kart.com\/#organization","name":"Springbok kart","url":"http:\/\/springbok-kart.com\/","logo":{"@type":"ImageObject","inLanguage":"fr-FR","@id":"http:\/\/springbok-kart.com\/#\/schema\/logo\/image\/","url":"https:\/\/springbok-kart.com\/wp-content\/uploads\/2016\/01\/Montage-bleu_747x954.png","contentUrl":"https:\/\/springbok-kart.com\/wp-content\/uploads\/2016\/01\/Montage-bleu_747x954.png","width":747,"height":954,"caption":"Springbok kart"},"image":{"@id":"http:\/\/springbok-kart.com\/#\/schema\/logo\/image\/"}}]}},"_links":{"self":[{"href":"https:\/\/springbok-kart.com\/index.php?rest_route=\/wp\/v2\/pages\/80","targetHints":{"allow":["GET"]}}],"collection":[{"href":"https:\/\/springbok-kart.com\/index.php?rest_route=\/wp\/v2\/pages"}],"about":[{"href":"https:\/\/springbok-kart.com\/index.php?rest_route=\/wp\/v2\/types\/page"}],"author":[{"embeddable":true,"href":"https:\/\/springbok-kart.com\/index.php?rest_route=\/wp\/v2\/users\/1"}],"replies":[{"embeddable":true,"href":"https:\/\/springbok-kart.com\/index.php?rest_route=%2Fwp%2Fv2%2Fcomments&post=80"}],"version-history":[{"count":5,"href":"https:\/\/springbok-kart.com\/index.php?rest_route=\/wp\/v2\/pages\/80\/revisions"}],"predecessor-version":[{"id":3013,"href":"https:\/\/springbok-kart.com\/index.php?rest_route=\/wp\/v2\/pages\/80\/revisions\/3013"}],"wp:attachment":[{"href":"https:\/\/springbok-kart.com\/index.php?rest_route=%2Fwp%2Fv2%2Fmedia&parent=80"}],"curies":[{"name":"wp","href":"https:\/\/api.w.org\/{rel}","templated":true}]}}